{"id":59211,"date":"2025-03-14T14:48:58","date_gmt":"2025-03-14T13:48:58","guid":{"rendered":"https:\/\/jjcustomworks.se\/product\/gasoline-oil-lighter-gentelo-gun-2\/"},"modified":"2025-10-16T21:25:44","modified_gmt":"2025-10-16T19:25:44","slug":"briquet-a-essence-gentelo-gun-2","status":"publish","type":"product","link":"https:\/\/jjcustomworks.se\/fr\/produit\/briquet-a-essence-gentelo-gun-2\/","title":{"rendered":"Briquet \u00e0 Essence Gentelo - GUN"},"content":{"rendered":"<h1>Briquet \u00e0 Essence Gentelo - GUN<\/h1>\n\n<h2><span class=\"ez-toc-section\" id=\"Briquet_a_essence_fiable_a_un_excellent_prix\"><\/span>Briquet \u00e0 essence fiable \u00e0 un excellent prix<span class=\"ez-toc-section-end\"><\/span><\/h2>\n\n<p>Le briquet \u00e0 essence Gentelo est livr\u00e9 pr\u00eat \u00e0 l'emploi, ce qui signifie que vous pouvez commencer \u00e0 l'utiliser rapidement et facilement. Veuillez noter que le carburant n'est pas inclus. Ce briquet est con\u00e7u pour \u00eatre \u00e0 la fois abordable et fiable, ce qui en fait un excellent choix pour le consommateur soucieux de son budget. D\u00e9couvrez notre gamme d'<a href=\"https:\/\/jjcustomworks.se\/fr\/magasin\/\">autres briquets<\/a> qui pourraient \u00e9galement r\u00e9pondre \u00e0 vos besoins.<\/p>\n\n<h3><span class=\"ez-toc-section\" id=\"Accessoires_standards_compatibles\"><\/span>Accessoires standards compatibles<span class=\"ez-toc-section-end\"><\/span><\/h3>\n\n<p>L'un des principaux avantages de ce briquet est que tous les accessoires standard du march\u00e9 sont compatibles. Cela vous offre une grande flexibilit\u00e9 et la possibilit\u00e9 de personnaliser et d'entretenir votre briquet selon vos besoins. Vous pouvez facilement trouver des pi\u00e8ces de rechange et des accessoires tels que des m\u00e8ches, des bougies d'allumage et d'autres composants sans aucun probl\u00e8me.<\/p>\n\n<p>Le briquet \u00e0 essence Gentelo combine fonctionnalit\u00e9 et \u00e9conomie. Il est parfait pour tous ceux qui recherchent un briquet fiable sans avoir \u00e0 payer un prix \u00e9lev\u00e9. Gr\u00e2ce \u00e0 sa compatibilit\u00e9 avec les accessoires standard, il est \u00e9galement un choix pratique pour une utilisation \u00e0 long terme. Pour voir notre gamme compl\u00e8te, visitez notre <a href=\"https:\/\/jjcustomworks.se\/fr\/categorie-de-produit\/briquets-a-gaz-et-a-essence\/\">cat\u00e9gorie de briquets<\/a>.<\/p>\n\n<p>Investissez dans un briquet \u00e0 essence Gentelo d\u00e8s aujourd'hui et d\u00e9couvrez une combinaison d'abordabilit\u00e9 et de fiabilit\u00e9. Visitez <a href=\"https:\/\/jjcustomworks.se\/fr\/\">notre site Web<\/a> pour d\u00e9couvrir d'autres produits et offres.<\/p>","protected":false},"excerpt":{"rendered":"<p>Briquet \u00e0 Essence Gentelo &#8211; GUN Briquet \u00e0 essence fiable \u00e0 un excellent prix Le briquet \u00e0 essence Gentelo est livr\u00e9 pr\u00eat \u00e0 l&#8217;emploi, ce qui signifie que vous pouvez commencer \u00e0 l&#8217;utiliser rapidement et facilement. Veuillez noter que le carburant n&#8217;est pas inclus. Ce briquet est con\u00e7u pour \u00eatre \u00e0 la fois abordable et [&#8230;]\n","protected":false},"featured_media":59193,"template":"","meta":[],"product_brand":[],"product_cat":[877],"product_tag":[],"class_list":{"0":"post-59211","1":"product","2":"type-product","3":"status-publish","4":"has-post-thumbnail","6":"product_cat-bensintandare","8":"first","9":"instock","10":"sale","11":"taxable","12":"shipping-taxable","13":"purchasable","14":"product-type-simple"},"_links":{"self":[{"href":"https:\/\/jjcustomworks.se\/fr\/wp-json\/wp\/v2\/product\/59211","targetHints":{"allow":["GET"]}}],"collection":[{"href":"https:\/\/jjcustomworks.se\/fr\/wp-json\/wp\/v2\/product"}],"about":[{"href":"https:\/\/jjcustomworks.se\/fr\/wp-json\/wp\/v2\/types\/product"}],"wp:featuredmedia":[{"embeddable":true,"href":"https:\/\/jjcustomworks.se\/fr\/wp-json\/wp\/v2\/media\/59193"}],"wp:attachment":[{"href":"https:\/\/jjcustomworks.se\/fr\/wp-json\/wp\/v2\/media?parent=59211"}],"wp:term":[{"taxonomy":"product_brand","embeddable":true,"href":"https:\/\/jjcustomworks.se\/fr\/wp-json\/wp\/v2\/product_brand?post=59211"},{"taxonomy":"product_cat","embeddable":true,"href":"https:\/\/jjcustomworks.se\/fr\/wp-json\/wp\/v2\/product_cat?post=59211"},{"taxonomy":"product_tag","embeddable":true,"href":"https:\/\/jjcustomworks.se\/fr\/wp-json\/wp\/v2\/product_tag?post=59211"}],"curies":[{"name":"wp","href":"https:\/\/api.w.org\/{rel}","templated":true}]}}