{"id":59207,"date":"2025-03-14T14:48:57","date_gmt":"2025-03-14T13:48:57","guid":{"rendered":"https:\/\/jjcustomworks.se\/product\/gasoline-oil-lighter-gentelo-gun\/"},"modified":"2025-10-16T21:25:35","modified_gmt":"2025-10-16T19:25:35","slug":"briquet-a-essence-gentelo-gun-3","status":"publish","type":"product","link":"https:\/\/jjcustomworks.se\/fr\/produit\/briquet-a-essence-gentelo-gun-3\/","title":{"rendered":"Briquet \u00e0 Essence Gentelo - GUN"},"content":{"rendered":"<h1>Briquet \u00e0 Essence Gentelo - GUN<\/h1>\n\n<h2><span class=\"ez-toc-section\" id=\"Briquet_Fiable_a_un_Excellent_Prix\"><\/span>Briquet fiable \u00e0 un excellent prix<span class=\"ez-toc-section-end\"><\/span><\/h2>\n\n<p>Le briquet \u00e0 essence Gentelo est livr\u00e9 pr\u00eat \u00e0 l'emploi, vous offrant une solution rapide et facile pour allumer vos cigarettes ou vos feux. Veuillez noter que le briquet est livr\u00e9 sans carburant, vous devrez donc le remplir avant de l'utiliser. Ce briquet est con\u00e7u pour \u00eatre \u00e0 la fois abordable et fiable, ce qui en fait un excellent choix pour une utilisation quotidienne ou pour les activit\u00e9s de plein air. De plus, tous les accessoires standard du march\u00e9 sont compatibles avec ce briquet, vous offrant une grande flexibilit\u00e9 et la possibilit\u00e9 de le personnaliser selon vos besoins.<\/p>\n\n<h3><span class=\"ez-toc-section\" id=\"Caracteristiques_et_Avantages\"><\/span>Caract\u00e9ristiques et avantages<span class=\"ez-toc-section-end\"><\/span><\/h3>\n<ul>\n    <li><strong>Abordable:<\/strong> Un bon briquet \u00e0 un meilleur prix, ce qui en fait un choix \u00e9conomique.<\/li>\n    <li><strong>Accessoires standards :<\/strong> Tous les accessoires standard du march\u00e9 sont compatibles, augmentant la flexibilit\u00e9.<\/li>\n    <li><strong>Pr\u00eat \u00e0 l&#039;emploi :<\/strong> Livr\u00e9 pr\u00eat \u00e0 l'emploi, sauf le carburant, ce qui permet d'\u00e9conomiser du temps et des efforts.<\/li>\n<\/ul>\n\n<p>Gr\u00e2ce \u00e0 sa facilit\u00e9 d'utilisation et \u00e0 sa compatibilit\u00e9 avec les accessoires standard, le briquet \u00e0 essence Gentelo est un outil pratique pour tous ceux qui ont besoin d'un briquet fiable. Pour plus d'informations sur d'autres produits, visitez notre <a href=\"https:\/\/jjcustomworks.se\/fr\/magasin\/\">boutique<\/a>. Si vous souhaitez voir plus de briquets, consultez notre <a href=\"https:\/\/jjcustomworks.se\/fr\/categorie-de-produit\/briquets-a-gaz-et-a-essence\/\">cat\u00e9gorie de briquets<\/a>. Visitez notre <a href=\"https:\/\/jjcustomworks.se\/fr\/\">page d&#039;accueil<\/a> pour voir notre gamme compl\u00e8te.<\/p>","protected":false},"excerpt":{"rendered":"<p>Briquet \u00e0 Essence Gentelo &#8211; GUN Briquet Fiable \u00e0 un Excellent Prix Le briquet \u00e0 essence Gentelo est livr\u00e9 pr\u00eat \u00e0 l&#8217;emploi, vous offrant une solution rapide et facile pour allumer vos cigarettes ou vos feux. Veuillez noter que le briquet est livr\u00e9 sans carburant, vous devrez donc le remplir avant de l&#8217;utiliser. Ce briquet [&#8230;]\n","protected":false},"featured_media":59200,"template":"","meta":[],"product_brand":[],"product_cat":[877],"product_tag":[],"class_list":{"0":"post-59207","1":"product","2":"type-product","3":"status-publish","4":"has-post-thumbnail","6":"product_cat-bensintandare","8":"first","9":"instock","10":"sale","11":"taxable","12":"shipping-taxable","13":"purchasable","14":"product-type-simple"},"_links":{"self":[{"href":"https:\/\/jjcustomworks.se\/fr\/wp-json\/wp\/v2\/product\/59207","targetHints":{"allow":["GET"]}}],"collection":[{"href":"https:\/\/jjcustomworks.se\/fr\/wp-json\/wp\/v2\/product"}],"about":[{"href":"https:\/\/jjcustomworks.se\/fr\/wp-json\/wp\/v2\/types\/product"}],"wp:featuredmedia":[{"embeddable":true,"href":"https:\/\/jjcustomworks.se\/fr\/wp-json\/wp\/v2\/media\/59200"}],"wp:attachment":[{"href":"https:\/\/jjcustomworks.se\/fr\/wp-json\/wp\/v2\/media?parent=59207"}],"wp:term":[{"taxonomy":"product_brand","embeddable":true,"href":"https:\/\/jjcustomworks.se\/fr\/wp-json\/wp\/v2\/product_brand?post=59207"},{"taxonomy":"product_cat","embeddable":true,"href":"https:\/\/jjcustomworks.se\/fr\/wp-json\/wp\/v2\/product_cat?post=59207"},{"taxonomy":"product_tag","embeddable":true,"href":"https:\/\/jjcustomworks.se\/fr\/wp-json\/wp\/v2\/product_tag?post=59207"}],"curies":[{"name":"wp","href":"https:\/\/api.w.org\/{rel}","templated":true}]}}