{"id":59199,"date":"2025-03-14T14:48:45","date_gmt":"2025-03-14T13:48:45","guid":{"rendered":"https:\/\/jjcustomworks.se\/product\/gasoline-oil-lighter-car-2\/"},"modified":"2025-10-16T21:23:34","modified_gmt":"2025-10-16T19:23:34","slug":"briquet-a-essence","status":"publish","type":"product","link":"https:\/\/jjcustomworks.se\/fr\/produit\/briquet-a-essence\/","title":{"rendered":"Briquet \u00e0 Essence - EARTH"},"content":{"rendered":"<h1><span class=\"ez-toc-section\" id=\"Briquet_a_Essence\"><\/span>Briquet \u00e0 essence<span class=\"ez-toc-section-end\"><\/span><\/h1>\n<h2><span class=\"ez-toc-section\" id=\"Briquet_fiable_a_un_excellent_prix\"><\/span>Briquet fiable \u00e0 un excellent prix<span class=\"ez-toc-section-end\"><\/span><\/h2>\n<p>Ce briquet \u00e0 essence est livr\u00e9 pr\u00eat \u00e0 l'emploi ; il vous suffit de le remplir d'<a href=\"https:\/\/jjcustomworks.se\/fr\/magasin\/\">essence<\/a>. Un briquet fiable \u00e0 un excellent prix, compatible avec tous les accessoires standard du march\u00e9. Ce <a href=\"https:\/\/jjcustomworks.se\/fr\/categorie-de-produit\/briquets-a-gaz-et-a-essence\/\">briquette<\/a> est parfait pour ceux qui recherchent une solution abordable et fonctionnelle.<\/p>\n<h3><span class=\"ez-toc-section\" id=\"Principales_caracteristiques_et_avantages\"><\/span>Principales caract\u00e9ristiques et avantages<span class=\"ez-toc-section-end\"><\/span><\/h3>\n<ul>\n <li><strong>Briquet \u00e0 Essence :<\/strong> Fournit une flamme fiable en toutes circonstances.<\/li>\n <li><strong>Accessoires standards :<\/strong> Compatible avec tous les accessoires standard du march\u00e9, ce qui le rend polyvalent et adaptable.<\/li>\n <li><strong>Pr\u00eat \u00e0 l&#039;emploi :<\/strong> Livr\u00e9 pr\u00eat \u00e0 l&#039;emploi (sans carburant).<\/li>\n<\/ul>\n<p>Vous recherchez un briquet \u00e0 essence abordable et fiable ? Ce briquet EARTH est un excellent choix. Obtenez un briquet fiable pr\u00eat \u00e0 \u00eatre utilis\u00e9 imm\u00e9diatement. Visitez <a href=\"https:\/\/jjcustomworks.se\/fr\/\">notre site Web<\/a> pour d\u00e9couvrir d&#039;autres produits.<\/p>","protected":false},"excerpt":{"rendered":"<p>Briquet \u00e0 Essence Briquet fiable \u00e0 un excellent prix Ce briquet \u00e0 essence est livr\u00e9 pr\u00eat \u00e0 l&#8217;emploi ; il vous suffit de le remplir d&#8217;essence. Un briquet fiable \u00e0 un excellent prix, compatible avec tous les accessoires standard du march\u00e9. Ce briquet est parfait pour ceux qui recherchent une solution abordable et fonctionnelle. Principales [&#8230;]\n","protected":false},"featured_media":59189,"template":"","meta":[],"product_brand":[],"product_cat":[877],"product_tag":[],"class_list":{"0":"post-59199","1":"product","2":"type-product","3":"status-publish","4":"has-post-thumbnail","6":"product_cat-bensintandare","8":"first","9":"outofstock","10":"taxable","11":"shipping-taxable","12":"purchasable","13":"product-type-simple"},"_links":{"self":[{"href":"https:\/\/jjcustomworks.se\/fr\/wp-json\/wp\/v2\/product\/59199","targetHints":{"allow":["GET"]}}],"collection":[{"href":"https:\/\/jjcustomworks.se\/fr\/wp-json\/wp\/v2\/product"}],"about":[{"href":"https:\/\/jjcustomworks.se\/fr\/wp-json\/wp\/v2\/types\/product"}],"wp:featuredmedia":[{"embeddable":true,"href":"https:\/\/jjcustomworks.se\/fr\/wp-json\/wp\/v2\/media\/59189"}],"wp:attachment":[{"href":"https:\/\/jjcustomworks.se\/fr\/wp-json\/wp\/v2\/media?parent=59199"}],"wp:term":[{"taxonomy":"product_brand","embeddable":true,"href":"https:\/\/jjcustomworks.se\/fr\/wp-json\/wp\/v2\/product_brand?post=59199"},{"taxonomy":"product_cat","embeddable":true,"href":"https:\/\/jjcustomworks.se\/fr\/wp-json\/wp\/v2\/product_cat?post=59199"},{"taxonomy":"product_tag","embeddable":true,"href":"https:\/\/jjcustomworks.se\/fr\/wp-json\/wp\/v2\/product_tag?post=59199"}],"curies":[{"name":"wp","href":"https:\/\/api.w.org\/{rel}","templated":true}]}}