{"id":59197,"date":"2025-03-14T14:48:44","date_gmt":"2025-03-14T13:48:44","guid":{"rendered":"https:\/\/jjcustomworks.se\/product\/gasoline-oil-lighter-car\/"},"modified":"2025-10-16T21:23:38","modified_gmt":"2025-10-16T19:23:38","slug":"briquet-essence-earth-abordable-pret-a-emploi","status":"publish","type":"product","link":"https:\/\/jjcustomworks.se\/fr\/produit\/briquet-essence-earth-abordable-pret-a-emploi\/","title":{"rendered":"Briquet Essence EARTH - Abordable & Pr\u00eat \u00e0 l'emploi"},"content":{"rendered":"<h1>Briquet \u00e0 Essence EARTH - Essence<\/h1>\n<h2><span class=\"ez-toc-section\" id=\"Briquet_a_essence_abordable_pour_une_utilisation_quotidienne\"><\/span>Briquet \u00e0 essence abordable pour une utilisation quotidienne<span class=\"ez-toc-section-end\"><\/span><\/h2>\n<p>Ce <strong>briquet \u00e0 essence<\/strong> de EARTH combine fonctionnalit\u00e9 et prix abordable. Parfait pour ceux qui ont besoin d'un briquet fiable sans compromettre la qualit\u00e9. Le briquet \u00e0 essence EARTH est livr\u00e9 pr\u00eat \u00e0 l'emploi d\u00e8s sa sortie de l'emballage, ce qui signifie que vous pouvez l'utiliser rapidement et facilement. Compl\u00e9tez avec de <a href=\"https:\/\/jjcustomworks.se\/fr\/magasin\/\">l'essence \u00e0 briquet de haute qualit\u00e9<\/a> pour une performance optimale.<\/p>\n<h3><span class=\"ez-toc-section\" id=\"Compatibilite_et_Utilisation\"><\/span>Compatibilit\u00e9 et utilisation<span class=\"ez-toc-section-end\"><\/span><\/h3>\n<p>L'un des grands avantages de ce briquet \u00e0 essence est sa compatibilit\u00e9 avec les accessoires standard du march\u00e9. Cela signifie que vous pouvez facilement trouver des pi\u00e8ces de rechange et des accessoires adapt\u00e9s \u00e0 votre briquet, prolongeant ainsi sa dur\u00e9e de vie et en faisant un investissement \u00e0 long terme. D\u00e9couvrez notre gamme de <a href=\"https:\/\/jjcustomworks.se\/fr\/categorie-de-produit\/briquets-a-gaz-et-a-essence\/\">briquets et accessoires<\/a> pour trouver tout ce dont vous avez besoin.<\/p>\n<h3><span class=\"ez-toc-section\" id=\"Livre_pret_a_lemploi\"><\/span>Livr\u00e9 pr\u00eat \u00e0 l&#8217;emploi<span class=\"ez-toc-section-end\"><\/span><\/h3>\n<ul>\n<li><strong>Briquet \u00e0 essence :<\/strong> Design classique \u00e0 la fois fonctionnel et intemporel.<\/li>\n<li><strong>Abordable:<\/strong> Un bon briquet \u00e0 un prix encore meilleur.<\/li>\n<li><strong>Accessoires standards :<\/strong> Compatibilit\u00e9 totale avec tous les accessoires standard du march\u00e9.<\/li>\n<li><strong>Pr\u00eat \u00e0 l&#039;emploi :<\/strong> Livr\u00e9 pr\u00eat \u00e0 l'emploi, il vous suffit de le remplir d'essence.<\/li>\n<\/ul>\n<p>Le briquet \u00e0 essence EARTH est un excellent choix pour tous ceux qui recherchent une solution fiable et abordable. Visitez <a href=\"https:\/\/jjcustomworks.se\/fr\/\">notre site Web<\/a> pour d\u00e9couvrir toute notre gamme et trouver le briquet parfait pour vos besoins. Veuillez noter que l'essence n'est pas incluse et doit \u00eatre achet\u00e9e s\u00e9par\u00e9ment.<\/p>","protected":false},"excerpt":{"rendered":"<p>Briquet \u00e0 Essence EARTH &#8211; Essence Briquet \u00e0 essence abordable pour une utilisation quotidienne Ce briquet \u00e0 essence de EARTH combine fonctionnalit\u00e9 et prix abordable. Parfait pour ceux qui ont besoin d&#8217;un briquet fiable sans compromettre la qualit\u00e9. Le briquet \u00e0 essence EARTH est livr\u00e9 pr\u00eat \u00e0 l&#8217;emploi d\u00e8s sa sortie de l&#8217;emballage, ce qui [&#8230;]\n","protected":false},"featured_media":59185,"template":"","meta":[],"product_brand":[],"product_cat":[877],"product_tag":[],"class_list":{"0":"post-59197","1":"product","2":"type-product","3":"status-publish","4":"has-post-thumbnail","6":"product_cat-bensintandare","8":"first","9":"outofstock","10":"taxable","11":"shipping-taxable","12":"purchasable","13":"product-type-simple"},"_links":{"self":[{"href":"https:\/\/jjcustomworks.se\/fr\/wp-json\/wp\/v2\/product\/59197","targetHints":{"allow":["GET"]}}],"collection":[{"href":"https:\/\/jjcustomworks.se\/fr\/wp-json\/wp\/v2\/product"}],"about":[{"href":"https:\/\/jjcustomworks.se\/fr\/wp-json\/wp\/v2\/types\/product"}],"wp:featuredmedia":[{"embeddable":true,"href":"https:\/\/jjcustomworks.se\/fr\/wp-json\/wp\/v2\/media\/59185"}],"wp:attachment":[{"href":"https:\/\/jjcustomworks.se\/fr\/wp-json\/wp\/v2\/media?parent=59197"}],"wp:term":[{"taxonomy":"product_brand","embeddable":true,"href":"https:\/\/jjcustomworks.se\/fr\/wp-json\/wp\/v2\/product_brand?post=59197"},{"taxonomy":"product_cat","embeddable":true,"href":"https:\/\/jjcustomworks.se\/fr\/wp-json\/wp\/v2\/product_cat?post=59197"},{"taxonomy":"product_tag","embeddable":true,"href":"https:\/\/jjcustomworks.se\/fr\/wp-json\/wp\/v2\/product_tag?post=59197"}],"curies":[{"name":"wp","href":"https:\/\/api.w.org\/{rel}","templated":true}]}}