{"id":59192,"date":"2025-03-14T14:48:43","date_gmt":"2025-03-14T13:48:43","guid":{"rendered":"https:\/\/jjcustomworks.se\/product\/gasoline-oil-lighter-gentelo-motorbike-5\/"},"modified":"2025-10-16T21:27:36","modified_gmt":"2025-10-16T19:27:36","slug":"briquet-essence-moto-gentelo-5","status":"publish","type":"product","link":"https:\/\/jjcustomworks.se\/fr\/produit\/briquet-essence-moto-gentelo-5\/","title":{"rendered":"Briquet \u00e0 essence Moto Gentelo"},"content":{"rendered":"<h1><span class=\"ez-toc-section\" id=\"Briquet_a_Essence_Moto_Gentelo\"><\/span>Briquet \u00e0 essence Moto Gentelo<span class=\"ez-toc-section-end\"><\/span><\/h1>\n\n<h2><span class=\"ez-toc-section\" id=\"Briquet_Fiable_a_un_Excellent_Prix\"><\/span>Briquet fiable \u00e0 un excellent prix<span class=\"ez-toc-section-end\"><\/span><\/h2>\n<p>Le briquet \u00e0 essence Gentelo est une solution fiable pour enflammer vos aventures. Ce briquet est livr\u00e9 pr\u00eat \u00e0 l'emploi, ce qui signifie que vous pouvez l'utiliser rapidement et facilement tout de suite. \u00c0 l'exception du carburant, tous les composants n\u00e9cessaires sont d\u00e9j\u00e0 install\u00e9s, ce qui permet d'\u00e9conomiser du temps et des efforts.<\/p>\n\n<h3><span class=\"ez-toc-section\" id=\"Caracteristiques_et_Avantages\"><\/span>Caract\u00e9ristiques et avantages<span class=\"ez-toc-section-end\"><\/span><\/h3>\n<ul>\n  <li><strong>Accessoires standards :<\/strong> Tous les accessoires standard du march\u00e9 sont compatibles avec ce briquet, ce qui vous offre une grande flexibilit\u00e9 et la possibilit\u00e9 de l'adapter \u00e0 vos besoins.<\/li>\n  <li><strong>Excellent Prix :<\/strong> Un briquet abordable qui ne fait pas de compromis sur la qualit\u00e9. Vous obtenez un produit fiable \u00e0 un excellent prix.<\/li>\n  <li><strong>Pr\u00eat \u00e0 l&#039;emploi :<\/strong> Le briquet est livr\u00e9 pr\u00eat \u00e0 \u00eatre utilis\u00e9 imm\u00e9diatement, ce qui permet d'\u00e9conomiser du temps et des tracas. <a href=\"https:\/\/jjcustomworks.se\/fr\/magasin\/\">Achetez des accessoires pour votre briquet ici<\/a>.<\/li>\n<\/ul>\n\n<h3><span class=\"ez-toc-section\" id=\"Domaines_dUtilisation\"><\/span>Domaines d&#8217;Utilisation<span class=\"ez-toc-section-end\"><\/span><\/h3>\n<p>Ce briquet \u00e0 essence est id\u00e9al pour une vari\u00e9t\u00e9 de situations, y compris le camping, la randonn\u00e9e et d'autres activit\u00e9s de plein air. Il est \u00e9galement parfait pour tous ceux qui ont besoin d'un briquet fiable pour une utilisation quotidienne. La construction robuste garantit que le briquet fonctionne de mani\u00e8re fiable m\u00eame dans des conditions exigeantes. Ne manquez pas nos <a href=\"https:\/\/jjcustomworks.se\/fr\/categorie-de-produit\/briquets-a-gaz-et-a-essence\/\">autres briquets<\/a> pour trouver le mod\u00e8le qui vous convient le mieux.<\/p>\n\n<h3><span class=\"ez-toc-section\" id=\"Facile_a_Utiliser\"><\/span>Facile \u00e0 Utiliser<span class=\"ez-toc-section-end\"><\/span><\/h3>\n<p>Le briquet \u00e0 essence Gentelo est con\u00e7u pour \u00eatre facile \u00e0 utiliser. Il suffit de le remplir de carburant et vous \u00eates pr\u00eat \u00e0 allumer. Sa conception simple en fait un excellent choix pour les d\u00e9butants comme pour les utilisateurs exp\u00e9riment\u00e9s. Trouvez tout votre <a href=\"https:\/\/jjcustomworks.se\/fr\/\">\u00e9quipement de plein air ici<\/a>!<\/p>","protected":false},"excerpt":{"rendered":"<p>Briquet \u00e0 Essence Moto Gentelo Briquet Fiable \u00e0 un Excellent Prix Le briquet \u00e0 essence Gentelo est une solution fiable pour enflammer vos aventures. Ce briquet est livr\u00e9 pr\u00eat \u00e0 l&#8217;emploi, ce qui signifie que vous pouvez l&#8217;utiliser rapidement et facilement tout de suite. \u00c0 l&#8217;exception du carburant, tous les composants n\u00e9cessaires sont d\u00e9j\u00e0 install\u00e9s, [&#8230;]\n","protected":false},"featured_media":59183,"template":"","meta":[],"product_brand":[],"product_cat":[877],"product_tag":[],"class_list":{"0":"post-59192","1":"product","2":"type-product","3":"status-publish","4":"has-post-thumbnail","6":"product_cat-bensintandare","8":"first","9":"instock","10":"sale","11":"taxable","12":"shipping-taxable","13":"purchasable","14":"product-type-simple"},"_links":{"self":[{"href":"https:\/\/jjcustomworks.se\/fr\/wp-json\/wp\/v2\/product\/59192","targetHints":{"allow":["GET"]}}],"collection":[{"href":"https:\/\/jjcustomworks.se\/fr\/wp-json\/wp\/v2\/product"}],"about":[{"href":"https:\/\/jjcustomworks.se\/fr\/wp-json\/wp\/v2\/types\/product"}],"wp:featuredmedia":[{"embeddable":true,"href":"https:\/\/jjcustomworks.se\/fr\/wp-json\/wp\/v2\/media\/59183"}],"wp:attachment":[{"href":"https:\/\/jjcustomworks.se\/fr\/wp-json\/wp\/v2\/media?parent=59192"}],"wp:term":[{"taxonomy":"product_brand","embeddable":true,"href":"https:\/\/jjcustomworks.se\/fr\/wp-json\/wp\/v2\/product_brand?post=59192"},{"taxonomy":"product_cat","embeddable":true,"href":"https:\/\/jjcustomworks.se\/fr\/wp-json\/wp\/v2\/product_cat?post=59192"},{"taxonomy":"product_tag","embeddable":true,"href":"https:\/\/jjcustomworks.se\/fr\/wp-json\/wp\/v2\/product_tag?post=59192"}],"curies":[{"name":"wp","href":"https:\/\/api.w.org\/{rel}","templated":true}]}}