{"id":59181,"date":"2025-03-14T14:48:38","date_gmt":"2025-03-14T13:48:38","guid":{"rendered":"https:\/\/jjcustomworks.se\/product\/gasoline-oil-lighter-gentelo-motorbike-3\/"},"modified":"2025-10-16T21:26:40","modified_gmt":"2025-10-16T19:26:40","slug":"briquet-essence-moto-gentelo-6","status":"publish","type":"product","link":"https:\/\/jjcustomworks.se\/fr\/produit\/briquet-essence-moto-gentelo-6\/","title":{"rendered":"Briquet \u00e0 essence Moto Gentelo"},"content":{"rendered":"<h1><span class=\"ez-toc-section\" id=\"Briquet_a_Essence_Moto_Gentelo\"><\/span>Briquet \u00e0 essence Moto Gentelo<span class=\"ez-toc-section-end\"><\/span><\/h1>\n<h2><span class=\"ez-toc-section\" id=\"Briquet_fiable_a_un_excellent_prix\"><\/span>Briquet fiable \u00e0 un excellent prix<span class=\"ez-toc-section-end\"><\/span><\/h2>\n<p>Vous recherchez un briquet \u00e0 essence abordable et fiable ? Le briquet \u00e0 essence Gentelo est livr\u00e9 pr\u00eat \u00e0 l'emploi, \u00e0 l'exception du combustible. Ce briquet est compatible avec tous les accessoires standard du march\u00e9, ce qui en fait un choix flexible pour tous vos besoins. Ce mod\u00e8le a un design cool et est un parfait petit cadeau ou un produit pour \"se faire plaisir\" !<\/p>\n<ul>\n <li><strong>Abordable:<\/strong> Excellent briquet \u00e0 un meilleur prix.<\/li>\n <li><strong>Compatible :<\/strong> Tous les accessoires standards sont compatibles.<\/li>\n <li><strong>Pr\u00eat \u00e0 l&#039;emploi :<\/strong> Livr\u00e9 pr\u00eat \u00e0 l'emploi (combustible non inclus).<\/li>\n<\/ul>\n\n<p>D\u00e9couvrez notre gamme d&#039;autres <a href=\"https:\/\/jjcustomworks.se\/fr\/magasin\/\">briquettes<\/a> et ne manquez pas nos autres <a href=\"https:\/\/jjcustomworks.se\/fr\/categorie-de-produit\/briquets-a-gaz-et-a-essence\/\">produits<\/a>. Visitez notre <a href=\"https:\/\/jjcustomworks.se\/fr\/\">page d&#039;accueil<\/a> pour d\u00e9couvrir toute notre gamme.<\/p>","protected":false},"excerpt":{"rendered":"<p>Briquet \u00e0 Essence Moto Gentelo Briquet fiable \u00e0 un excellent prix Vous recherchez un briquet \u00e0 essence abordable et fiable ? Le briquet \u00e0 essence Gentelo est livr\u00e9 pr\u00eat \u00e0 l&#8217;emploi, \u00e0 l&#8217;exception du combustible. Ce briquet est compatible avec tous les accessoires standard du march\u00e9, ce qui en fait un choix flexible pour tous [&#8230;]\n","protected":false},"featured_media":59176,"template":"","meta":[],"product_brand":[],"product_cat":[877],"product_tag":[],"class_list":{"0":"post-59181","1":"product","2":"type-product","3":"status-publish","4":"has-post-thumbnail","6":"product_cat-bensintandare","8":"first","9":"instock","10":"sale","11":"taxable","12":"shipping-taxable","13":"purchasable","14":"product-type-simple"},"_links":{"self":[{"href":"https:\/\/jjcustomworks.se\/fr\/wp-json\/wp\/v2\/product\/59181","targetHints":{"allow":["GET"]}}],"collection":[{"href":"https:\/\/jjcustomworks.se\/fr\/wp-json\/wp\/v2\/product"}],"about":[{"href":"https:\/\/jjcustomworks.se\/fr\/wp-json\/wp\/v2\/types\/product"}],"wp:featuredmedia":[{"embeddable":true,"href":"https:\/\/jjcustomworks.se\/fr\/wp-json\/wp\/v2\/media\/59176"}],"wp:attachment":[{"href":"https:\/\/jjcustomworks.se\/fr\/wp-json\/wp\/v2\/media?parent=59181"}],"wp:term":[{"taxonomy":"product_brand","embeddable":true,"href":"https:\/\/jjcustomworks.se\/fr\/wp-json\/wp\/v2\/product_brand?post=59181"},{"taxonomy":"product_cat","embeddable":true,"href":"https:\/\/jjcustomworks.se\/fr\/wp-json\/wp\/v2\/product_cat?post=59181"},{"taxonomy":"product_tag","embeddable":true,"href":"https:\/\/jjcustomworks.se\/fr\/wp-json\/wp\/v2\/product_tag?post=59181"}],"curies":[{"name":"wp","href":"https:\/\/api.w.org\/{rel}","templated":true}]}}