{"id":59175,"date":"2025-03-14T14:48:33","date_gmt":"2025-03-14T13:48:33","guid":{"rendered":"https:\/\/jjcustomworks.se\/product\/gasoline-oil-lighter-gentelo-motorbike-4\/"},"modified":"2025-10-16T21:27:56","modified_gmt":"2025-10-16T19:27:56","slug":"briquet-essence-moto-gentelo-7","status":"publish","type":"product","link":"https:\/\/jjcustomworks.se\/fr\/produit\/briquet-essence-moto-gentelo-7\/","title":{"rendered":"Briquet Essence Moto Gentelo"},"content":{"rendered":"<h1><span class=\"ez-toc-section\" id=\"Briquet_Essence_Moto_Gentelo\"><\/span>Briquet Essence Moto Gentelo<span class=\"ez-toc-section-end\"><\/span><\/h1>\n\n<h2><span class=\"ez-toc-section\" id=\"Briquet_a_bon_prix\"><\/span>Briquet \u00e0 bon prix<span class=\"ez-toc-section-end\"><\/span><\/h2>\n<p>Le briquet \u00e0 essence Gentelo combine style et fonctionnalit\u00e9 \u00e0 un prix abordable. Ce briquet est con\u00e7u pour \u00eatre \u00e0 la fois fiable et facile \u00e0 utiliser, ce qui en fait un excellent choix pour tous ceux qui ont besoin d'un briquet au quotidien.<\/p>\n\n<h3><span class=\"ez-toc-section\" id=\"Compatible_avec_les_accessoires_standard\"><\/span>Compatible avec les accessoires standards<span class=\"ez-toc-section-end\"><\/span><\/h3>\n<p>L\u2019un des grands avantages de cette <b>Briquette Gentelo<\/b> est qu'il est compatible avec tous les accessoires standard du march\u00e9. Cela signifie que vous pouvez facilement trouver et utiliser des pi\u00e8ces de rechange ou personnaliser votre briquet selon vos propres besoins et pr\u00e9f\u00e9rences. Pour voir notre gamme d'autres <a href=\"https:\/\/jjcustomworks.se\/fr\/magasin\/\">briquets abordables<\/a>, visitez notre boutique.<\/p>\n\n<h3><span class=\"ez-toc-section\" id=\"Pret_a_lemploi_hors_carburant\"><\/span>Pr\u00eat \u00e0 l&#8217;emploi (hors carburant)<span class=\"ez-toc-section-end\"><\/span><\/h3>\n<p>Le briquet est livr\u00e9 pr\u00eat \u00e0 l'emploi d\u00e8s sa sortie de l'emballage, \u00e0 l'exception du carburant. Remplissez-le d'essence et vous \u00eates pr\u00eat \u00e0 l'utiliser. Cela le rend tr\u00e8s pratique et rapide \u00e0 utiliser. Si vous recherchez d'autres produits similaires, consultez notre cat\u00e9gorie <a href=\"https:\/\/jjcustomworks.se\/fr\/categorie-de-produit\/briquets-a-gaz-et-a-essence\/\">Briquets<\/a>.<\/p>\n\n<h3><span class=\"ez-toc-section\" id=\"Facile_a_utiliser\"><\/span>Facile \u00e0 utiliser<span class=\"ez-toc-section-end\"><\/span><\/h3>\n<p>Le briquet \u00e0 essence Gentelo est con\u00e7u pour \u00eatre simple et facile \u00e0 utiliser. Sa construction robuste et son m\u00e9canisme d'allumage fiable vous garantissent d'avoir toujours un briquet qui fonctionne lorsque vous en avez besoin. Pour plus de produits de qualit\u00e9, visitez <a href=\"https:\/\/jjcustomworks.se\/fr\/\">notre site Web<\/a>.<\/p>\n\n<ul>\n    <li><b>Abordable:<\/b> Bon briquet \u00e0 un meilleur prix.<\/li>\n    <li><b>Compatible :<\/b> Convient \u00e0 tous les accessoires standards du march\u00e9.<\/li>\n    <li><b>Pr\u00eat \u00e0 l&#039;emploi :<\/b> Livr\u00e9 pr\u00eat \u00e0 l&#039;emploi (hors carburant).<\/li>\n<\/ul>","protected":false},"excerpt":{"rendered":"<p>Briquet Essence Moto Gentelo Briquet \u00e0 bon prix Le briquet \u00e0 essence Gentelo combine style et fonctionnalit\u00e9 \u00e0 un prix abordable. Ce briquet est con\u00e7u pour \u00eatre \u00e0 la fois fiable et facile \u00e0 utiliser, ce qui en fait un excellent choix pour tous ceux qui ont besoin d&#8217;un briquet au quotidien. Compatible avec les [&#8230;]\n","protected":false},"featured_media":59168,"template":"","meta":[],"product_brand":[],"product_cat":[877],"product_tag":[],"class_list":{"0":"post-59175","1":"product","2":"type-product","3":"status-publish","4":"has-post-thumbnail","6":"product_cat-bensintandare","8":"first","9":"instock","10":"sale","11":"taxable","12":"shipping-taxable","13":"purchasable","14":"product-type-simple"},"_links":{"self":[{"href":"https:\/\/jjcustomworks.se\/fr\/wp-json\/wp\/v2\/product\/59175","targetHints":{"allow":["GET"]}}],"collection":[{"href":"https:\/\/jjcustomworks.se\/fr\/wp-json\/wp\/v2\/product"}],"about":[{"href":"https:\/\/jjcustomworks.se\/fr\/wp-json\/wp\/v2\/types\/product"}],"wp:featuredmedia":[{"embeddable":true,"href":"https:\/\/jjcustomworks.se\/fr\/wp-json\/wp\/v2\/media\/59168"}],"wp:attachment":[{"href":"https:\/\/jjcustomworks.se\/fr\/wp-json\/wp\/v2\/media?parent=59175"}],"wp:term":[{"taxonomy":"product_brand","embeddable":true,"href":"https:\/\/jjcustomworks.se\/fr\/wp-json\/wp\/v2\/product_brand?post=59175"},{"taxonomy":"product_cat","embeddable":true,"href":"https:\/\/jjcustomworks.se\/fr\/wp-json\/wp\/v2\/product_cat?post=59175"},{"taxonomy":"product_tag","embeddable":true,"href":"https:\/\/jjcustomworks.se\/fr\/wp-json\/wp\/v2\/product_tag?post=59175"}],"curies":[{"name":"wp","href":"https:\/\/api.w.org\/{rel}","templated":true}]}}