{"id":59174,"date":"2025-03-14T14:48:32","date_gmt":"2025-03-14T13:48:32","guid":{"rendered":"https:\/\/jjcustomworks.se\/product\/gasoline-oil-lighter-gentelo-14\/"},"modified":"2026-02-23T20:33:34","modified_gmt":"2026-02-23T19:33:34","slug":"briquet-a-essence-gentelo-qualite-abordable","status":"publish","type":"product","link":"https:\/\/jjcustomworks.se\/fr\/produit\/briquet-a-essence-gentelo-qualite-abordable\/","title":{"rendered":"Briquet \u00e0 essence Gentelo - Qualit\u00e9 abordable"},"content":{"rendered":"<h1><span class=\"ez-toc-section\" id=\"Briquet_a_Essence_Gentelo\"><\/span>Briquet \u00e0 gaz Gentelo<span class=\"ez-toc-section-end\"><\/span><\/h1>\n<h2><span class=\"ez-toc-section\" id=\"Briquet_Abordable_et_Fiable\"><\/span>Briquet abordable et fiable<span class=\"ez-toc-section-end\"><\/span><\/h2>\n<p>Le briquet \u00e0 essence Gentelo offre une solution fiable \u00e0 un prix comp\u00e9titif. Ce briquet est con\u00e7u pour \u00eatre convivial et fonctionnel, ce qui en fait un excellent choix pour tous ceux qui ont besoin d'un briquet au quotidien. Gr\u00e2ce \u00e0 sa construction robuste et \u00e0 sa compatibilit\u00e9 avec les accessoires standard, le briquet Gentelo est \u00e0 la fois pratique et \u00e9conomique. D\u00e9couvrez notre s\u00e9lection d'<a href=\"https:\/\/jjcustomworks.se\/fr\/magasin\/\">autres briquets<\/a> pour trouver le mod\u00e8le qui convient le mieux \u00e0 vos besoins.<\/p>\n\n<h3><span class=\"ez-toc-section\" id=\"Caracteristiques_et_Avantages\"><\/span>Caract\u00e9ristiques et avantages<span class=\"ez-toc-section-end\"><\/span><\/h3>\n<ul>\n <li><strong>Abordable:<\/strong> Gentelo offre un bon briquet \u00e0 un meilleur prix, ce qui en fait un choix \u00e9conomique.<\/li>\n <li><strong>Compatible :<\/strong> Tous les accessoires standard du march\u00e9 sont compatibles avec ce briquet, ce qui vous offre une grande flexibilit\u00e9.<\/li>\n <li><strong>Pr\u00eat \u00e0 l&#039;emploi :<\/strong> Le briquet est livr\u00e9 pr\u00eat \u00e0 l'emploi, \u00e0 l'exception du combustible. Remplissez-le avec <a href=\"https:\/\/jjcustomworks.se\/fr\/magasin\/\">du combustible appropri\u00e9<\/a> et vous \u00eates pr\u00eat \u00e0 l'utiliser imm\u00e9diatement.<\/li>\n<\/ul>\n\n<h3><span class=\"ez-toc-section\" id=\"Utilisation_et_Maintenance\"><\/span>Utilisation et entretien<span class=\"ez-toc-section-end\"><\/span><\/h3>\n<p>Le briquet \u00e0 essence Gentelo est facile \u00e0 utiliser et \u00e0 entretenir. Remplissez-le avec de l'essence \u00e0 briquet standard et il est pr\u00eat \u00e0 \u00eatre utilis\u00e9. Gr\u00e2ce \u00e0 sa compatibilit\u00e9 avec les accessoires standard, vous pouvez facilement remplacer des pi\u00e8ces et personnaliser le briquet selon vos besoins et vos pr\u00e9f\u00e9rences. Consultez notre gamme de <a href=\"https:\/\/jjcustomworks.se\/fr\/categorie-de-produit\/briquets-a-gaz-et-a-essence\/\">briquets et d'accessoires<\/a> pour trouver tout ce dont vous avez besoin. Visitez <a href=\"https:\/\/jjcustomworks.se\/fr\/\">notre site Web<\/a> pour voir toute notre gamme.<\/p>","protected":false},"excerpt":{"rendered":"<p>Briquet \u00e0 Essence Gentelo Briquet Abordable et Fiable Le briquet \u00e0 essence Gentelo offre une solution fiable \u00e0 un prix comp\u00e9titif. Ce briquet est con\u00e7u pour \u00eatre convivial et fonctionnel, ce qui en fait un excellent choix pour tous ceux qui ont besoin d&#8217;un briquet au quotidien. Gr\u00e2ce \u00e0 sa construction robuste et \u00e0 sa [&#8230;]\n","protected":false},"featured_media":59163,"template":"","meta":[],"product_brand":[],"product_cat":[877],"product_tag":[],"class_list":{"0":"post-59174","1":"product","2":"type-product","3":"status-publish","4":"has-post-thumbnail","6":"product_cat-bensintandare","8":"first","9":"instock","10":"taxable","11":"shipping-taxable","12":"purchasable","13":"product-type-simple"},"_links":{"self":[{"href":"https:\/\/jjcustomworks.se\/fr\/wp-json\/wp\/v2\/product\/59174","targetHints":{"allow":["GET"]}}],"collection":[{"href":"https:\/\/jjcustomworks.se\/fr\/wp-json\/wp\/v2\/product"}],"about":[{"href":"https:\/\/jjcustomworks.se\/fr\/wp-json\/wp\/v2\/types\/product"}],"wp:featuredmedia":[{"embeddable":true,"href":"https:\/\/jjcustomworks.se\/fr\/wp-json\/wp\/v2\/media\/59163"}],"wp:attachment":[{"href":"https:\/\/jjcustomworks.se\/fr\/wp-json\/wp\/v2\/media?parent=59174"}],"wp:term":[{"taxonomy":"product_brand","embeddable":true,"href":"https:\/\/jjcustomworks.se\/fr\/wp-json\/wp\/v2\/product_brand?post=59174"},{"taxonomy":"product_cat","embeddable":true,"href":"https:\/\/jjcustomworks.se\/fr\/wp-json\/wp\/v2\/product_cat?post=59174"},{"taxonomy":"product_tag","embeddable":true,"href":"https:\/\/jjcustomworks.se\/fr\/wp-json\/wp\/v2\/product_tag?post=59174"}],"curies":[{"name":"wp","href":"https:\/\/api.w.org\/{rel}","templated":true}]}}