{"id":59170,"date":"2025-03-14T14:48:31","date_gmt":"2025-03-14T13:48:31","guid":{"rendered":"https:\/\/jjcustomworks.se\/product\/gasoline-oil-lighter-gentelo-vehicle-5\/"},"modified":"2026-01-29T12:30:38","modified_gmt":"2026-01-29T11:30:38","slug":"briquet-essence-gentelo","status":"publish","type":"product","link":"https:\/\/jjcustomworks.se\/fr\/produit\/briquet-essence-gentelo\/","title":{"rendered":"Briquet \u00e0 gaz Gentelo - Fiable et abordable"},"content":{"rendered":"<h1><span class=\"ez-toc-section\" id=\"Briquet_a_Essence_Gentelo\"><\/span>Briquet \u00e0 gaz Gentelo<span class=\"ez-toc-section-end\"><\/span><\/h1>\n<h2><span class=\"ez-toc-section\" id=\"Un_briquet_a_essence_fiable_et_abordable\"><\/span>Un briquet \u00e0 essence fiable et abordable<span class=\"ez-toc-section-end\"><\/span><\/h2>\n<p>Le briquet \u00e0 essence Gentelo est un excellent choix pour ceux qui recherchent un briquet fiable et abordable. Ce briquet est livr\u00e9 pr\u00eat \u00e0 l'emploi, ce qui signifie que vous pouvez commencer \u00e0 l'utiliser rapidement et facilement. Veuillez noter que le carburant n'est pas inclus \u00e0 la livraison.<\/p>\n\n<h3><span class=\"ez-toc-section\" id=\"Compatible_avec_les_accessoires_standard\"><\/span>Compatible avec les accessoires standards<span class=\"ez-toc-section-end\"><\/span><\/h3>\n<p>L'un des principaux avantages du briquet Gentelo est sa compatibilit\u00e9 avec tous les accessoires standard disponibles sur le march\u00e9. Cela vous offre une grande flexibilit\u00e9 et la possibilit\u00e9 de personnaliser et d'entretenir votre briquet selon vos besoins.<\/p>\n\n<ul>\n <li><strong>Abordable:<\/strong> Un bon briquet \u00e0 un meilleur prix.<\/li>\n <li><strong>Compatible :<\/strong> Convient \u00e0 tous les accessoires standards du march\u00e9.<\/li>\n <li><strong>Pr\u00eat \u00e0 l&#039;emploi :<\/strong> Livr\u00e9 pr\u00eat \u00e0 l&#039;emploi imm\u00e9diatement (carburant non inclus).<\/li>\n<\/ul>\n\n<p>Vous recherchez d'autres accessoires pour votre briquet ? Consultez notre <a href=\"https:\/\/jjcustomworks.se\/fr\/categorie-de-produit\/briquets-a-gaz-et-a-essence\/\">large s\u00e9lection de briquets<\/a>. Pour voir toute notre gamme, visitez <a href=\"https:\/\/jjcustomworks.se\/fr\/\">notre page d&#039;accueil<\/a>. Si vous souhaitez en savoir plus sur la marque Gentelo, vous pouvez <a href=\"https:\/\/jjcustomworks.se\/fr\/magasin\/\">en savoir plus sur Gentelo<\/a> ici.<\/p>","protected":false},"excerpt":{"rendered":"<p>Briquet \u00e0 Essence Gentelo Un briquet \u00e0 essence fiable et abordable Le briquet \u00e0 essence Gentelo est un excellent choix pour ceux qui recherchent un briquet fiable et abordable. Ce briquet est livr\u00e9 pr\u00eat \u00e0 l&#8217;emploi, ce qui signifie que vous pouvez commencer \u00e0 l&#8217;utiliser rapidement et facilement. Veuillez noter que le carburant n&#8217;est pas [&#8230;]\n","protected":false},"featured_media":59157,"template":"","meta":[],"product_brand":[],"product_cat":[877],"product_tag":[],"class_list":{"0":"post-59170","1":"product","2":"type-product","3":"status-publish","4":"has-post-thumbnail","6":"product_cat-bensintandare","8":"first","9":"instock","10":"taxable","11":"shipping-taxable","12":"purchasable","13":"product-type-simple"},"_links":{"self":[{"href":"https:\/\/jjcustomworks.se\/fr\/wp-json\/wp\/v2\/product\/59170","targetHints":{"allow":["GET"]}}],"collection":[{"href":"https:\/\/jjcustomworks.se\/fr\/wp-json\/wp\/v2\/product"}],"about":[{"href":"https:\/\/jjcustomworks.se\/fr\/wp-json\/wp\/v2\/types\/product"}],"wp:featuredmedia":[{"embeddable":true,"href":"https:\/\/jjcustomworks.se\/fr\/wp-json\/wp\/v2\/media\/59157"}],"wp:attachment":[{"href":"https:\/\/jjcustomworks.se\/fr\/wp-json\/wp\/v2\/media?parent=59170"}],"wp:term":[{"taxonomy":"product_brand","embeddable":true,"href":"https:\/\/jjcustomworks.se\/fr\/wp-json\/wp\/v2\/product_brand?post=59170"},{"taxonomy":"product_cat","embeddable":true,"href":"https:\/\/jjcustomworks.se\/fr\/wp-json\/wp\/v2\/product_cat?post=59170"},{"taxonomy":"product_tag","embeddable":true,"href":"https:\/\/jjcustomworks.se\/fr\/wp-json\/wp\/v2\/product_tag?post=59170"}],"curies":[{"name":"wp","href":"https:\/\/api.w.org\/{rel}","templated":true}]}}