{"id":59164,"date":"2025-03-14T14:48:29","date_gmt":"2025-03-14T13:48:29","guid":{"rendered":"https:\/\/jjcustomworks.se\/product\/gasoline-oil-lighter-gentelo-motorbike-2\/"},"modified":"2025-10-16T21:27:51","modified_gmt":"2025-10-16T19:27:51","slug":"briquet-essence-moto-gentelo-8","status":"publish","type":"product","link":"https:\/\/jjcustomworks.se\/fr\/produit\/briquet-essence-moto-gentelo-8\/","title":{"rendered":"Briquet \u00e0 Essence Moto Gentelo - Abordable"},"content":{"rendered":"<h1><span class=\"ez-toc-section\" id=\"Briquet_a_Essence_Moto_Gentelo\"><\/span>Briquet \u00e0 essence Moto Gentelo<span class=\"ez-toc-section-end\"><\/span><\/h1>\n<h2><span class=\"ez-toc-section\" id=\"Briquet_a_essence_abordable_pour_un_usage_quotidien\"><\/span>Briquet \u00e0 essence abordable pour un usage quotidien<span class=\"ez-toc-section-end\"><\/span><\/h2>\n<p>Le briquet \u00e0 essence Gentelo est une solution fiable et abordable pour ceux qui ont besoin d'un briquet pour un usage quotidien. Ce mod\u00e8le est livr\u00e9 pr\u00eat \u00e0 l'emploi, ce qui signifie que vous pouvez rapidement et facilement commencer \u00e0 l'utiliser. Veuillez noter que le carburant n'est pas inclus \u00e0 la livraison, vous donnant la libert\u00e9 de choisir le carburant qui vous convient le mieux.<\/p>\n\n<h3><span class=\"ez-toc-section\" id=\"Compatible_avec_les_accessoires_standard\"><\/span>Compatible avec les accessoires standards<span class=\"ez-toc-section-end\"><\/span><\/h3>\n<p>L'un des grands avantages du briquet Gentelo est sa compatibilit\u00e9 avec les accessoires standard du march\u00e9. Cela vous offre une vari\u00e9t\u00e9 d'options de personnalisation et facilite l'entretien et la personnalisation de votre briquet selon vos pr\u00e9f\u00e9rences. Vous pouvez facilement trouver des <a href=\"https:\/\/jjcustomworks.se\/fr\/magasin\/\">pi\u00e8ces de rechange et des accessoires<\/a> qui conviennent \u00e0 votre briquet Gentelo.<\/p>\n\n<h3><span class=\"ez-toc-section\" id=\"Pret_a_lemploi\"><\/span>Pr\u00eat \u00e0 l&#8217;emploi<span class=\"ez-toc-section-end\"><\/span><\/h3>\n<p>Le briquet \u00e0 essence Gentelo est con\u00e7u pour \u00eatre convivial et pratique. Il est livr\u00e9 dans un \u00e9tat qui le rend pr\u00eat \u00e0 \u00eatre utilis\u00e9 imm\u00e9diatement, ce qui permet d'\u00e9conomiser du temps et des efforts. Il vous suffit de le remplir avec du <a href=\"https:\/\/jjcustomworks.se\/fr\/categorie-de-produit\/briquets-a-gaz-et-a-essence\/\">carburant appropri\u00e9<\/a> et vous \u00eates pr\u00eat \u00e0 allumer. Parfait pour un usage domestique et pour les aventures. Visitez notre <a href=\"https:\/\/jjcustomworks.se\/fr\/\">site web<\/a> pour plus de produits !<\/p>","protected":false},"excerpt":{"rendered":"<p>Briquet \u00e0 Essence Moto Gentelo Briquet \u00e0 essence abordable pour un usage quotidien Le briquet \u00e0 essence Gentelo est une solution fiable et abordable pour ceux qui ont besoin d&#8217;un briquet pour un usage quotidien. Ce mod\u00e8le est livr\u00e9 pr\u00eat \u00e0 l&#8217;emploi, ce qui signifie que vous pouvez rapidement et facilement commencer \u00e0 l&#8217;utiliser. Veuillez [&#8230;]\n","protected":false},"featured_media":59152,"template":"","meta":[],"product_brand":[],"product_cat":[877],"product_tag":[],"class_list":{"0":"post-59164","1":"product","2":"type-product","3":"status-publish","4":"has-post-thumbnail","6":"product_cat-bensintandare","8":"first","9":"instock","10":"sale","11":"taxable","12":"shipping-taxable","13":"purchasable","14":"product-type-simple"},"_links":{"self":[{"href":"https:\/\/jjcustomworks.se\/fr\/wp-json\/wp\/v2\/product\/59164","targetHints":{"allow":["GET"]}}],"collection":[{"href":"https:\/\/jjcustomworks.se\/fr\/wp-json\/wp\/v2\/product"}],"about":[{"href":"https:\/\/jjcustomworks.se\/fr\/wp-json\/wp\/v2\/types\/product"}],"wp:featuredmedia":[{"embeddable":true,"href":"https:\/\/jjcustomworks.se\/fr\/wp-json\/wp\/v2\/media\/59152"}],"wp:attachment":[{"href":"https:\/\/jjcustomworks.se\/fr\/wp-json\/wp\/v2\/media?parent=59164"}],"wp:term":[{"taxonomy":"product_brand","embeddable":true,"href":"https:\/\/jjcustomworks.se\/fr\/wp-json\/wp\/v2\/product_brand?post=59164"},{"taxonomy":"product_cat","embeddable":true,"href":"https:\/\/jjcustomworks.se\/fr\/wp-json\/wp\/v2\/product_cat?post=59164"},{"taxonomy":"product_tag","embeddable":true,"href":"https:\/\/jjcustomworks.se\/fr\/wp-json\/wp\/v2\/product_tag?post=59164"}],"curies":[{"name":"wp","href":"https:\/\/api.w.org\/{rel}","templated":true}]}}