{"id":59136,"date":"2025-03-14T14:48:12","date_gmt":"2025-03-14T13:48:12","guid":{"rendered":"https:\/\/jjcustomworks.se\/product\/cold-steel-mizutori-crane-wakizashi-katana-sword\/"},"modified":"2025-10-17T03:30:44","modified_gmt":"2025-10-17T01:30:44","slug":"cold-steel-mizutori-wakizashi-katana-epee","status":"publish","type":"product","link":"https:\/\/jjcustomworks.se\/fr\/produit\/cold-steel-mizutori-wakizashi-katana-epee\/","title":{"rendered":"Cold Steel Mizutori Wakizashi Katana \u00c9p\u00e9e"},"content":{"rendered":"<h1><span class=\"ez-toc-section\" id=\"Cold_Steel_Mizutori_Grue_Wakizashi_Katana_Epee\"><\/span>Cold Steel Mizutori (Grue) Wakizashi Katana \u00c9p\u00e9e<span class=\"ez-toc-section-end\"><\/span><\/h1>\n<h2><span class=\"ez-toc-section\" id=\"Epee_Japonaise_avec_Motif_de_Grue\"><\/span>\u00c9p\u00e9e Japonaise avec Motif de Grue<span class=\"ez-toc-section-end\"><\/span><\/h2>\n<p>La grue symbolise la chance, la long\u00e9vit\u00e9, la loyaut\u00e9 et la force au Japon. Le Cold Steel Mizutori Wakizashi refl\u00e8te les mat\u00e9riaux et la finition de son homologue Katana plus grand, mais dans un format plus petit. Cela fait de l'\u00e9p\u00e9e un compagnon parfait pour votre Katana ou une belle \u00e9p\u00e9e autonome. La lame est faite d'acier au carbone 1095 de haute qualit\u00e9 et tremp\u00e9e diff\u00e9rentiellement avec un Hamon tremp\u00e9 \u00e0 l'argile.<\/p>\n<h3><span class=\"ez-toc-section\" id=\"Caracteristiques\"><\/span>Caract\u00e9ristiques:<span class=\"ez-toc-section-end\"><\/span><\/h3>\n<ul>\n <li>Fabriqu\u00e9 en acier au carbone 1095<\/li>\n <li>Meulage Hamaguri aff\u00fbt\u00e9 \u00e0 la main<\/li>\n <li>Dos et plats de lame hautement polis<\/li>\n <li>Tsuba et Menuki avec motif de grue<\/li>\n <li>Manche en peau de raie \u00e9troitement envelopp\u00e9 de soie brune<\/li>\n <li>Fourreau Saya laqu\u00e9 noir brillant<\/li>\n<\/ul>\n<p>Le Tsuba et le Menuki de l'\u00e9p\u00e9e pr\u00e9sentent un motif de grue, et le manche en peau de raie de haute qualit\u00e9 est \u00e9troitement envelopp\u00e9 de cordon de soie marron. Cela offre un niveau de d\u00e9tail et de beaut\u00e9 qui doit \u00eatre v\u00e9cu. L'\u00e9p\u00e9e est log\u00e9e dans un Saya laqu\u00e9 noir brillant. Le Wakizashi est aussi l\u00e9ger et rapide que le katana, mais \u00e0 plus petite \u00e9chelle. <a href=\"https:\/\/jjcustomworks.se\/fr\/magasin\/\">D\u00e9couvrez plus d'\u00e9p\u00e9es Cold Steel<\/a> dans notre collection. Vous pouvez \u00e9galement trouver d'autres <a href=\"https:\/\/jjcustomworks.se\/fr\/categorie-de-produit\/autres_produits\/swords\/swords-japan\/\">katanas et \u00e9p\u00e9es de samoura\u00ef<\/a> dans notre large gamme. Visitez notre <a href=\"https:\/\/jjcustomworks.se\/fr\/\">page d&#039;accueil<\/a> pour voir toute notre s\u00e9lection.<\/p>\n<p><b>Caract\u00e9ristiques:<\/b><\/p>\n<ul>\n <li>Produit: 88CKW<\/li>\n <li>Poids: 797 grammes (28.1oz)<\/li>\n <li>\u00c9paisseur de la lame: 7mm<\/li>\n <li>Longueur de la lame: 53 cm (21\")<\/li>\n <li>Manche: 16.5 cm (6-1\/2\")<\/li>\n <li>Acier: Acier au carbone 1095<\/li>\n <li>Total: 70 cm (27-1\/2\")<\/li>\n <li>Extra: Manche en Sam\u00e9 (peau de raie) avec cordon tress\u00e9 marron et menuki en laiton. Fourreau en bois laqu\u00e9 noir.<\/li>\n<\/ul>","protected":false},"excerpt":{"rendered":"<p>Cold Steel Mizutori (Grue) Wakizashi Katana \u00c9p\u00e9e \u00c9p\u00e9e Japonaise avec Motif de Grue La grue symbolise la chance, la long\u00e9vit\u00e9, la loyaut\u00e9 et la force au Japon. Le Cold Steel Mizutori Wakizashi refl\u00e8te les mat\u00e9riaux et la finition de son homologue Katana plus grand, mais dans un format plus petit. Cela fait de l&#8217;\u00e9p\u00e9e un [&#8230;]\n","protected":false},"featured_media":59131,"template":"","meta":[],"product_brand":[],"product_cat":[1275],"product_tag":[],"class_list":{"0":"post-59136","1":"product","2":"type-product","3":"status-publish","4":"has-post-thumbnail","6":"product_cat-swords-europe","8":"first","9":"outofstock","10":"sale","11":"taxable","12":"shipping-taxable","13":"purchasable","14":"product-type-simple"},"_links":{"self":[{"href":"https:\/\/jjcustomworks.se\/fr\/wp-json\/wp\/v2\/product\/59136","targetHints":{"allow":["GET"]}}],"collection":[{"href":"https:\/\/jjcustomworks.se\/fr\/wp-json\/wp\/v2\/product"}],"about":[{"href":"https:\/\/jjcustomworks.se\/fr\/wp-json\/wp\/v2\/types\/product"}],"wp:featuredmedia":[{"embeddable":true,"href":"https:\/\/jjcustomworks.se\/fr\/wp-json\/wp\/v2\/media\/59131"}],"wp:attachment":[{"href":"https:\/\/jjcustomworks.se\/fr\/wp-json\/wp\/v2\/media?parent=59136"}],"wp:term":[{"taxonomy":"product_brand","embeddable":true,"href":"https:\/\/jjcustomworks.se\/fr\/wp-json\/wp\/v2\/product_brand?post=59136"},{"taxonomy":"product_cat","embeddable":true,"href":"https:\/\/jjcustomworks.se\/fr\/wp-json\/wp\/v2\/product_cat?post=59136"},{"taxonomy":"product_tag","embeddable":true,"href":"https:\/\/jjcustomworks.se\/fr\/wp-json\/wp\/v2\/product_tag?post=59136"}],"curies":[{"name":"wp","href":"https:\/\/api.w.org\/{rel}","templated":true}]}}