{"id":59135,"date":"2025-03-14T14:48:12","date_gmt":"2025-03-14T13:48:12","guid":{"rendered":"https:\/\/jjcustomworks.se\/product\/cold-steel-88abw-gold-lion-wakizashi-katana-sword\/"},"modified":"2025-10-17T03:30:43","modified_gmt":"2025-10-17T01:30:43","slug":"cold-steel-gold-lion-wakizashi-katana-epee","status":"publish","type":"product","link":"https:\/\/jjcustomworks.se\/fr\/produit\/cold-steel-gold-lion-wakizashi-katana-epee\/","title":{"rendered":"\u00c9p\u00e9e Katana Wakizashi Lion d&#039;or en acier froid"},"content":{"rendered":"<h1><span class=\"ez-toc-section\" id=\"Cold_Steel_Gold_Lion_Wakizashi_Katana_Epee\"><\/span>\u00c9p\u00e9e Katana Wakizashi Lion d&#039;or en acier froid<span class=\"ez-toc-section-end\"><\/span><\/h1>\n<h2><span class=\"ez-toc-section\" id=\"Lepee_quotidienne_du_samourai_pour_la_protection_personnelle\"><\/span>L&#8217;\u00e9p\u00e9e quotidienne du samoura\u00ef pour la protection personnelle<span class=\"ez-toc-section-end\"><\/span><\/h2>\n<p>Le Cold Steel Gold Lion Katana repr\u00e9sente l'\"\u00e9p\u00e9e quotidienne\" d'un samoura\u00ef pour la protection personnelle et la d\u00e9fense de son seigneur, de sa famille et de sa maison. Nettement plus l\u00e9g\u00e8re que certains de nos autres Katanas plus lourds, cette <a href=\"https:\/\/jjcustomworks.se\/fr\/magasin\/\">\u00e9p\u00e9e<\/a> est non seulement plus rapide en main, mais aussi plus l\u00e9g\u00e8re et plus confortable \u00e0 porter lorsqu'elle est gliss\u00e9e dans un Obi et port\u00e9e toute la journ\u00e9e.<\/p>\n<h3><span class=\"ez-toc-section\" id=\"Caracteristiques_et_design\"><\/span>Caract\u00e9ristiques et design<span class=\"ez-toc-section-end\"><\/span><\/h3>\n<ul>\n    <li><strong>Menuki :<\/strong> Porte le symbole du Shisa japonais (chien lion) - un gardien ou un protecteur.<\/li>\n    <li><strong>Boiteux :<\/strong> Fabriqu\u00e9e en acier Damas habilement aff\u00fbt\u00e9 \u00e0 la main et hautement poli, avec une \u00e9mouture Hamaguri, surmont\u00e9e d'une colonne vert\u00e9brale Lori Mune et d'un Hamon ondulant tremp\u00e9 \u00e0 l'argile.<\/li>\n    <li><strong>Tsuba, Fuchi et Kashira :<\/strong> Fer noir avec des accents de feuilles d'or brillant 24 carats.<\/li>\n    <li><strong>Manche:<\/strong> Peau de raie blanche avec cordon de soie noire.<\/li>\n<\/ul>\n<p>Le Gold Lion Wakizashi refl\u00e8te le mat\u00e9riau, l'ajustement et la finition de son grand fr\u00e8re \u00e0 tous points de vue, sauf la taille. Il est tout aussi l\u00e9ger et rapide et fabriqu\u00e9 avec les m\u00eames mat\u00e9riaux de haute qualit\u00e9, ce qui en fait un compagnon exquis du Gold Lion Katana, ou une belle lame autonome en soi. Visitez notre <a href=\"https:\/\/jjcustomworks.se\/fr\/categorie-de-produit\/autres_produits\/axes2-2\/axes-with-wood-handle\/\">collection Katana<\/a> pour plus d'options !<\/p>\n<h3><span class=\"ez-toc-section\" id=\"Specifications\"><\/span>Caract\u00e9ristiques<span class=\"ez-toc-section-end\"><\/span><\/h3>\n<ul>\n    <li><strong>Produit:<\/strong> 88ABW<\/li>\n    <li><strong>Poids:<\/strong> 22.4oz<\/li>\n    <li><strong>\u00c9paisseur de la lame :<\/strong> 6 mm<\/li>\n    <li><strong>Longueur de la lame :<\/strong> 21\"<\/li>\n    <li><strong>Poign\u00e9e:<\/strong> 7-1\/4\"<\/li>\n    <li><strong>Acier \/ Mat\u00e9riau :<\/strong> Damas<\/li>\n    <li><strong>Total :<\/strong> 28-1\/4\"<\/li>\n    <li><strong>Extra :<\/strong> Fourreau en bois laqu\u00e9 noir. Manche en Sam\u00e9 (peau de raie) avec cordon de tresse noire et Menuki en laiton.<\/li>\n<\/ul>\n<p>Obtenez votre \u00e9p\u00e9e Cold Steel Gold Lion Wakizashi Katana d\u00e8s aujourd'hui et d\u00e9couvrez la qualit\u00e9 et la tradition dans les moindres d\u00e9tails ! <a href=\"https:\/\/jjcustomworks.se\/fr\/\">Visitez-nous maintenant<\/a><\/p>","protected":false},"excerpt":{"rendered":"<p>Cold Steel Gold Lion Wakizashi Katana \u00c9p\u00e9e L&#8217;\u00e9p\u00e9e quotidienne du samoura\u00ef pour la protection personnelle Le Cold Steel Gold Lion Katana repr\u00e9sente l'&#8221;\u00e9p\u00e9e quotidienne&#8221; d&#8217;un samoura\u00ef pour la protection personnelle et la d\u00e9fense de son seigneur, de sa famille et de sa maison. Nettement plus l\u00e9g\u00e8re que certains de nos autres Katanas plus lourds, cette [&#8230;]\n","protected":false},"featured_media":59130,"template":"","meta":[],"product_brand":[],"product_cat":[1275],"product_tag":[],"class_list":{"0":"post-59135","1":"product","2":"type-product","3":"status-publish","4":"has-post-thumbnail","6":"product_cat-swords-europe","8":"first","9":"outofstock","10":"sale","11":"taxable","12":"shipping-taxable","13":"purchasable","14":"product-type-simple"},"_links":{"self":[{"href":"https:\/\/jjcustomworks.se\/fr\/wp-json\/wp\/v2\/product\/59135","targetHints":{"allow":["GET"]}}],"collection":[{"href":"https:\/\/jjcustomworks.se\/fr\/wp-json\/wp\/v2\/product"}],"about":[{"href":"https:\/\/jjcustomworks.se\/fr\/wp-json\/wp\/v2\/types\/product"}],"wp:featuredmedia":[{"embeddable":true,"href":"https:\/\/jjcustomworks.se\/fr\/wp-json\/wp\/v2\/media\/59130"}],"wp:attachment":[{"href":"https:\/\/jjcustomworks.se\/fr\/wp-json\/wp\/v2\/media?parent=59135"}],"wp:term":[{"taxonomy":"product_brand","embeddable":true,"href":"https:\/\/jjcustomworks.se\/fr\/wp-json\/wp\/v2\/product_brand?post=59135"},{"taxonomy":"product_cat","embeddable":true,"href":"https:\/\/jjcustomworks.se\/fr\/wp-json\/wp\/v2\/product_cat?post=59135"},{"taxonomy":"product_tag","embeddable":true,"href":"https:\/\/jjcustomworks.se\/fr\/wp-json\/wp\/v2\/product_tag?post=59135"}],"curies":[{"name":"wp","href":"https:\/\/api.w.org\/{rel}","templated":true}]}}