{"id":59123,"date":"2025-03-14T14:48:01","date_gmt":"2025-03-14T13:48:01","guid":{"rendered":"https:\/\/jjcustomworks.se\/product\/gasoline-oil-lighter-gentelo-plane\/"},"modified":"2025-10-16T21:35:33","modified_gmt":"2025-10-16T19:35:33","slug":"briquet-a-essence-gentelo-avion-2","status":"publish","type":"product","link":"https:\/\/jjcustomworks.se\/fr\/produit\/briquet-a-essence-gentelo-avion-2\/","title":{"rendered":"Briquet \u00e0 Essence Gentelo Avion | Abordable"},"content":{"rendered":"<h1><span class=\"ez-toc-section\" id=\"Briquet_a_Essence_Gentelo_Avion\"><\/span>Briquet \u00e0 essence Gentelo Avion<span class=\"ez-toc-section-end\"><\/span><\/h1>\n<h2><span class=\"ez-toc-section\" id=\"Briquet_Abordable_pour_un_Usage_Quotidien\"><\/span>Briquet Abordable pour un Usage Quotidien<span class=\"ez-toc-section-end\"><\/span><\/h2>\n<p>Briquet \u00e0 essence Gentelo. Un briquet \u00e0 essence abordable qui combine fonction et style. Ce briquet est con\u00e7u pour \u00eatre \u00e0 la fois fiable et \u00e9conomique, ce qui en fait un excellent choix pour tous ceux qui ont besoin d'un briquet \u00e0 un prix avantageux. Il est livr\u00e9 pr\u00eat \u00e0 l'emploi, ce qui signifie que vous pouvez rapidement commencer \u00e0 l'utiliser d\u00e8s sa sortie de l'emballage. Compl\u00e9tez avec de <a href=\"https:\/\/jjcustomworks.se\/fr\/magasin\/\">essence<\/a> avant utilisation.<\/p>\n\n<h3><span class=\"ez-toc-section\" id=\"Convient_aux_Accessoires_Standard\"><\/span>Convient aux Accessoires Standard<span class=\"ez-toc-section-end\"><\/span><\/h3>\n<p>L'un des grands avantages du briquet \u00e0 essence Gentelo est qu'il est compatible avec tous les accessoires standard du march\u00e9. Cela signifie que vous pouvez facilement trouver et utiliser des pi\u00e8ces de rechange ou des am\u00e9liorations sans avoir \u00e0 vous soucier des probl\u00e8mes de compatibilit\u00e9. Visitez notre <a href=\"https:\/\/jjcustomworks.se\/fr\/categorie-de-produit\/briquets-a-gaz-et-a-essence\/\">gamme de briquets<\/a> pour trouver d'autres options et accessoires.<\/p>\n\n<h3><span class=\"ez-toc-section\" id=\"Conception_Conviviale\"><\/span>Conception Conviviale<span class=\"ez-toc-section-end\"><\/span><\/h3>\n<p>Le briquet est con\u00e7u pour \u00eatre facile \u00e0 utiliser et \u00e0 entretenir. Sa construction robuste assure une utilisation durable, et son design classique le rend intemporel. Notez que le briquet est livr\u00e9 sans carburant, vous donnant la libert\u00e9 de choisir votre carburant pr\u00e9f\u00e9r\u00e9. Vous recherchez un briquet fiable \u00e0 un prix avantageux ? Bienvenue dans <a href=\"https:\/\/jjcustomworks.se\/fr\/\">notre boutique<\/a> !<\/p>\n\n<ul>\n <li>Briquet \u00e0 essence abordable<\/li>\n <li>Compatible avec les accessoires standards<\/li>\n <li>Livr\u00e9 pr\u00eat \u00e0 l'emploi (hors carburant)<\/li>\n<\/ul>","protected":false},"excerpt":{"rendered":"<p>Briquet \u00e0 Essence Gentelo Avion Briquet Abordable pour un Usage Quotidien Briquet \u00e0 essence Gentelo. Un briquet \u00e0 essence abordable qui combine fonction et style. Ce briquet est con\u00e7u pour \u00eatre \u00e0 la fois fiable et \u00e9conomique, ce qui en fait un excellent choix pour tous ceux qui ont besoin d&#8217;un briquet \u00e0 un prix [&#8230;]\n","protected":false},"featured_media":59113,"template":"","meta":[],"product_brand":[],"product_cat":[877],"product_tag":[],"class_list":{"0":"post-59123","1":"product","2":"type-product","3":"status-publish","4":"has-post-thumbnail","6":"product_cat-bensintandare","8":"first","9":"instock","10":"sale","11":"taxable","12":"shipping-taxable","13":"purchasable","14":"product-type-simple"},"_links":{"self":[{"href":"https:\/\/jjcustomworks.se\/fr\/wp-json\/wp\/v2\/product\/59123","targetHints":{"allow":["GET"]}}],"collection":[{"href":"https:\/\/jjcustomworks.se\/fr\/wp-json\/wp\/v2\/product"}],"about":[{"href":"https:\/\/jjcustomworks.se\/fr\/wp-json\/wp\/v2\/types\/product"}],"wp:featuredmedia":[{"embeddable":true,"href":"https:\/\/jjcustomworks.se\/fr\/wp-json\/wp\/v2\/media\/59113"}],"wp:attachment":[{"href":"https:\/\/jjcustomworks.se\/fr\/wp-json\/wp\/v2\/media?parent=59123"}],"wp:term":[{"taxonomy":"product_brand","embeddable":true,"href":"https:\/\/jjcustomworks.se\/fr\/wp-json\/wp\/v2\/product_brand?post=59123"},{"taxonomy":"product_cat","embeddable":true,"href":"https:\/\/jjcustomworks.se\/fr\/wp-json\/wp\/v2\/product_cat?post=59123"},{"taxonomy":"product_tag","embeddable":true,"href":"https:\/\/jjcustomworks.se\/fr\/wp-json\/wp\/v2\/product_tag?post=59123"}],"curies":[{"name":"wp","href":"https:\/\/api.w.org\/{rel}","templated":true}]}}