{"id":59099,"date":"2025-03-14T14:47:46","date_gmt":"2025-03-14T13:47:46","guid":{"rendered":"https:\/\/jjcustomworks.se\/product\/jl-077bn-samurai-sword-40-25\/"},"modified":"2025-11-08T18:34:16","modified_gmt":"2025-11-08T17:34:16","slug":"jl-077bn-sabre-de-samourai-4025","status":"publish","type":"product","link":"https:\/\/jjcustomworks.se\/fr\/produit\/jl-077bn-sabre-de-samourai-4025\/","title":{"rendered":"JL-077BN Sabre de Samoura\u00ef 40.25\" | Blades USA"},"content":{"rendered":"<h1>JL-077BN Sabre de Samoura\u00ef 40.25\"<\/h1>\n<h2><span class=\"ez-toc-section\" id=\"Authentique_sabre_de_samourai_avec_un_design_detaille\"><\/span>Authentique sabre de samoura\u00ef avec un design d\u00e9taill\u00e9<span class=\"ez-toc-section-end\"><\/span><\/h2>\n<p>D\u00e9couvrez l'\u00e9l\u00e9gance intemporelle et la puissance d'un sabre de samoura\u00ef traditionnel avec le JL-077BN de Blades USA. Ce sabre impressionnant mesure 40.25\" de long et poss\u00e8de une lame en acier inoxydable de 20.5\", assurant \u00e0 la fois durabilit\u00e9 et tranchant. La poign\u00e9e laqu\u00e9e marron offre une prise en main s\u00fbre et confortable, tandis que le script japonais sur la lame renforce l'authenticit\u00e9 et la signification culturelle du sabre.<\/p>\n<h3><span class=\"ez-toc-section\" id=\"Lame_et_fourreau_detailles\"><\/span>Lame et fourreau d\u00e9taill\u00e9s<span class=\"ez-toc-section-end\"><\/span><\/h3>\n<p>La lame du sabre n'est pas seulement fabriqu\u00e9e en acier inoxydable de haute qualit\u00e9, mais elle est \u00e9galement orn\u00e9e d'un \u00e9l\u00e9gant script japonais qui lui conf\u00e8re un caract\u00e8re unique. Le dragon sculpt\u00e9 \u00e0 la main sur le fourreau est un d\u00e9tail artistique qui rehausse la valeur esth\u00e9tique du sabre, ce qui en fait un excellent objet de collection. Rangez votre sabre en toute s\u00e9curit\u00e9 et avec style dans le fourreau inclus. D\u00e9couvrez d'autres <a href=\"https:\/\/jjcustomworks.se\/fr\/magasin\/\">sabres de samoura\u00ef<\/a> dans notre collection et trouvez le sabre parfait pour votre collection. Visitez notre <a href=\"https:\/\/jjcustomworks.se\/fr\/categorie-de-produit\/autres_produits\/swords\/swords-japan\/\">page de cat\u00e9gorie sabres<\/a> pour voir toute notre gamme. Explorez notre assortiment complet sur <a href=\"https:\/\/jjcustomworks.se\/fr\/\">notre site Web<\/a>.<\/p>\n<h3><span class=\"ez-toc-section\" id=\"Specifications\"><\/span>Caract\u00e9ristiques:<span class=\"ez-toc-section-end\"><\/span><\/h3>\n<ul>\n <li>Longueur : 40.25 pouces<\/li>\n <li>Longueur de la lame : 20.5 pouces<\/li>\n <li>Mat\u00e9riau : acier inoxydable<\/li>\n <li>Manche : Laqu\u00e9 marron<\/li>\n <li>Fourreau : Dragon sculpt\u00e9 \u00e0 la main inclus<\/li>\n<\/ul>","protected":false},"excerpt":{"rendered":"<p>JL-077BN Sabre de Samoura\u00ef 40.25&#8243; Authentique sabre de samoura\u00ef avec un design d\u00e9taill\u00e9 D\u00e9couvrez l&#8217;\u00e9l\u00e9gance intemporelle et la puissance d&#8217;un sabre de samoura\u00ef traditionnel avec le JL-077BN de Blades USA. Ce sabre impressionnant mesure 40.25&#8243; de long et poss\u00e8de une lame en acier inoxydable de 20.5&#8243;, assurant \u00e0 la fois durabilit\u00e9 et tranchant. La poign\u00e9e [&#8230;]\n","protected":false},"featured_media":59097,"template":"","meta":[],"product_brand":[],"product_cat":[1275],"product_tag":[],"class_list":{"0":"post-59099","1":"product","2":"type-product","3":"status-publish","4":"has-post-thumbnail","6":"product_cat-swords-europe","8":"first","9":"outofstock","10":"taxable","11":"shipping-taxable","12":"purchasable","13":"product-type-simple"},"_links":{"self":[{"href":"https:\/\/jjcustomworks.se\/fr\/wp-json\/wp\/v2\/product\/59099","targetHints":{"allow":["GET"]}}],"collection":[{"href":"https:\/\/jjcustomworks.se\/fr\/wp-json\/wp\/v2\/product"}],"about":[{"href":"https:\/\/jjcustomworks.se\/fr\/wp-json\/wp\/v2\/types\/product"}],"wp:featuredmedia":[{"embeddable":true,"href":"https:\/\/jjcustomworks.se\/fr\/wp-json\/wp\/v2\/media\/59097"}],"wp:attachment":[{"href":"https:\/\/jjcustomworks.se\/fr\/wp-json\/wp\/v2\/media?parent=59099"}],"wp:term":[{"taxonomy":"product_brand","embeddable":true,"href":"https:\/\/jjcustomworks.se\/fr\/wp-json\/wp\/v2\/product_brand?post=59099"},{"taxonomy":"product_cat","embeddable":true,"href":"https:\/\/jjcustomworks.se\/fr\/wp-json\/wp\/v2\/product_cat?post=59099"},{"taxonomy":"product_tag","embeddable":true,"href":"https:\/\/jjcustomworks.se\/fr\/wp-json\/wp\/v2\/product_tag?post=59099"}],"curies":[{"name":"wp","href":"https:\/\/api.w.org\/{rel}","templated":true}]}}