{"id":59039,"date":"2025-03-14T14:47:09","date_gmt":"2025-03-14T13:47:09","guid":{"rendered":"https:\/\/jjcustomworks.se\/product\/yk-58wd-samurai-sword\/"},"modified":"2026-02-20T21:13:38","modified_gmt":"2026-02-20T20:13:38","slug":"yk-58wd-sabre-samourai-fourreau-dragon","status":"publish","type":"product","link":"https:\/\/jjcustomworks.se\/fr\/produit\/yk-58wd-sabre-samourai-fourreau-dragon\/","title":{"rendered":"YK-58WD Sabre Samoura\u00ef avec Fourreau Dragon"},"content":{"rendered":"<h1><span class=\"ez-toc-section\" id=\"YK-58WD_Sabre_Samourai\"><\/span>YK-58WD Sabre Samoura\u00ef<span class=\"ez-toc-section-end\"><\/span><\/h1>\n\n<h2><span class=\"ez-toc-section\" id=\"Sabre_de_Samourai_Authentique_avec_Fourreau\"><\/span>Sabre de Samoura\u00ef Authentique avec Fourreau<span class=\"ez-toc-section-end\"><\/span><\/h2>\n\n<p>D\u00e9couvrez la tradition avec le sabre de samoura\u00ef YK-58WD. Ce sabre de 40\" de long est dot\u00e9 d'une lame de 24,5\" en acier inoxydable, offrant \u00e0 la fois durabilit\u00e9 et une finition satin\u00e9e \u00e9l\u00e9gante. La poign\u00e9e noire, soigneusement envelopp\u00e9e, offre une prise en main s\u00fbre et confortable. Le fourreau blanc inclus, orn\u00e9 d'un magnifique dragon sculpt\u00e9, compl\u00e8te cet impressionnant objet de collection.<\/p>\n\n<h3><span class=\"ez-toc-section\" id=\"Specifications\"><\/span>Caract\u00e9ristiques:<span class=\"ez-toc-section-end\"><\/span><\/h3>\n\n<ul>\n <li><strong>Longueur totale :<\/strong> 40 pouces<\/li>\n <li><strong>Longueur de la lame :<\/strong> 24,5 pouces<\/li>\n <li><strong>Mat\u00e9riel:<\/strong> Acier inoxydable<\/li>\n <li><strong>Finition:<\/strong> Lame Satin\u00e9e<\/li>\n <li><strong>Poign\u00e9e:<\/strong> Enroulement Noir<\/li>\n <li><strong>Fourreau :<\/strong> Fourreau Blanc avec Dragon Sculpt\u00e9<\/li>\n<\/ul>\n\n<p>Vous cherchez d'autres sabres authentiques ? D\u00e9couvrez notre s\u00e9lection de <a href=\"https:\/\/jjcustomworks.se\/fr\/magasin\/\">katanas<\/a>. Pour plus d'informations sur nos produits, visitez notre <a href=\"https:\/\/jjcustomworks.se\/fr\/categorie-de-produit\/autres_produits\/swords\/swords-japan\/\">page de cat\u00e9gorie objets de collection<\/a> Oh <a href=\"https:\/\/jjcustomworks.se\/fr\/\">notre page d&#039;accueil<\/a>.<\/p>","protected":false},"excerpt":{"rendered":"<p>K\u00f6p det imponerande YK-58WD Samurajsv\u00e4rdet online &#8211; en perfekt kombination av tradition och kvalitet. V\u00e5rt samurajsv\u00e4rd \u00e4r tillverkat av h\u00f6gkvalitativt st\u00e5l och \u00e4r en autentisk replika av de legendariska samurajsv\u00e4rden. Utforska v\u00e5rt sortiment och k\u00f6p ditt eget YK-58WD Samurajsv\u00e4rd idag f\u00f6r att uppleva den \u00e4kta k\u00e4nslan av att vara en samuraj.<\/p>","protected":false},"featured_media":59037,"template":"","meta":[],"product_brand":[],"product_cat":[1275],"product_tag":[],"class_list":{"0":"post-59039","1":"product","2":"type-product","3":"status-publish","4":"has-post-thumbnail","6":"product_cat-swords-europe","8":"first","9":"outofstock","10":"sale","11":"taxable","12":"shipping-taxable","13":"purchasable","14":"product-type-simple"},"_links":{"self":[{"href":"https:\/\/jjcustomworks.se\/fr\/wp-json\/wp\/v2\/product\/59039","targetHints":{"allow":["GET"]}}],"collection":[{"href":"https:\/\/jjcustomworks.se\/fr\/wp-json\/wp\/v2\/product"}],"about":[{"href":"https:\/\/jjcustomworks.se\/fr\/wp-json\/wp\/v2\/types\/product"}],"wp:featuredmedia":[{"embeddable":true,"href":"https:\/\/jjcustomworks.se\/fr\/wp-json\/wp\/v2\/media\/59037"}],"wp:attachment":[{"href":"https:\/\/jjcustomworks.se\/fr\/wp-json\/wp\/v2\/media?parent=59039"}],"wp:term":[{"taxonomy":"product_brand","embeddable":true,"href":"https:\/\/jjcustomworks.se\/fr\/wp-json\/wp\/v2\/product_brand?post=59039"},{"taxonomy":"product_cat","embeddable":true,"href":"https:\/\/jjcustomworks.se\/fr\/wp-json\/wp\/v2\/product_cat?post=59039"},{"taxonomy":"product_tag","embeddable":true,"href":"https:\/\/jjcustomworks.se\/fr\/wp-json\/wp\/v2\/product_tag?post=59039"}],"curies":[{"name":"wp","href":"https:\/\/api.w.org\/{rel}","templated":true}]}}