{"id":59028,"date":"2025-03-14T14:47:02","date_gmt":"2025-03-14T13:47:02","guid":{"rendered":"https:\/\/jjcustomworks.se\/product\/gasoline-oil-lighter-gentelo-3\/"},"modified":"2025-11-22T21:21:38","modified_gmt":"2025-11-22T20:21:38","slug":"briquet-a-essence-cannabis-gentelo","status":"publish","type":"product","link":"https:\/\/jjcustomworks.se\/fr\/produit\/briquet-a-essence-cannabis-gentelo\/","title":{"rendered":"Briquet \u00e0 essence de cannabis | Gentelo"},"content":{"rendered":"<h1><span class=\"ez-toc-section\" id=\"Briquet_a_Essence_Cannabis_Gentelo\"><\/span>Briquet \u00e0 essence de cannabis | Gentelo<span class=\"ez-toc-section-end\"><\/span><\/h1>\n<h2><span class=\"ez-toc-section\" id=\"Briquet_a_Essence_Gentelo_pour_tous_les_Besoins\"><\/span>Briquet \u00e0 Essence Gentelo pour tous les Besoins<span class=\"ez-toc-section-end\"><\/span><\/h2>\n<p>Ce <strong>Briquet \u00e0 essence Gentelo<\/strong> offre une combinaison de qualit\u00e9 et d'accessibilit\u00e9. Il est con\u00e7u pour \u00eatre fiable et facile \u00e0 utiliser, ce qui en fait un excellent choix pour une utilisation quotidienne et pour les occasions sp\u00e9ciales. Tous les accessoires standard du march\u00e9 sont compatibles avec ce briquet, ce qui vous offre une grande flexibilit\u00e9 et la possibilit\u00e9 de le personnaliser selon vos pr\u00e9f\u00e9rences.<\/p>\n<h3><span class=\"ez-toc-section\" id=\"Caracteristiques_et_Avantages\"><\/span>Caract\u00e9ristiques et avantages<span class=\"ez-toc-section-end\"><\/span><\/h3>\n<ul>\n<li><strong>Abordable:<\/strong> Un bon briquet \u00e0 un meilleur prix.<\/li>\n<li><strong>Compatible:<\/strong> Tous les accessoires standard du march\u00e9 sont utilisables.<\/li>\n<li><strong>Pr\u00eat \u00e0 l&#039;emploi :<\/strong> Livr\u00e9 pr\u00eat \u00e0 l&#039;emploi d\u00e8s sa sortie de l&#039;emballage.<\/li>\n<\/ul>\n<p>Veuillez noter que le carburant n'est pas inclus et doit \u00eatre achet\u00e9 s\u00e9par\u00e9ment. Obtenez votre <strong>Briquet \u00e0 essence Gentelo<\/strong> d\u00e8s aujourd'hui et d\u00e9couvrez une solution fiable et abordable pour vos besoins d'allumage. S'accorde parfaitement avec nos autres <a href=\"https:\/\/jjcustomworks.se\/fr\/magasin\/\">accessoires de cannabis<\/a>. Explorez notre large gamme de briquets et de produits connexes dans <a href=\"https:\/\/jjcustomworks.se\/fr\/categorie-de-produit\/briquets-a-gaz-et-a-essence\/\">notre cat\u00e9gorie de briquets<\/a>. Pour plus d'informations sur notre entreprise, visitez <a href=\"https:\/\/jjcustomworks.se\/fr\/\">notre site Web<\/a>.<\/p>","protected":false},"excerpt":{"rendered":"<p>Briquet \u00e0 Essence Cannabis | Gentelo Briquet \u00e0 Essence Gentelo pour tous les Besoins Ce briquet \u00e0 essence Gentelo offre une combinaison de qualit\u00e9 et d&#8217;accessibilit\u00e9. Il est con\u00e7u pour \u00eatre fiable et facile \u00e0 utiliser, ce qui en fait un excellent choix pour une utilisation quotidienne et pour les occasions sp\u00e9ciales. Tous les accessoires [&#8230;]\n","protected":false},"featured_media":59018,"template":"","meta":[],"product_brand":[],"product_cat":[877],"product_tag":[],"class_list":{"0":"post-59028","1":"product","2":"type-product","3":"status-publish","4":"has-post-thumbnail","6":"product_cat-bensintandare","8":"first","9":"instock","10":"sale","11":"taxable","12":"shipping-taxable","13":"purchasable","14":"product-type-simple"},"_links":{"self":[{"href":"https:\/\/jjcustomworks.se\/fr\/wp-json\/wp\/v2\/product\/59028","targetHints":{"allow":["GET"]}}],"collection":[{"href":"https:\/\/jjcustomworks.se\/fr\/wp-json\/wp\/v2\/product"}],"about":[{"href":"https:\/\/jjcustomworks.se\/fr\/wp-json\/wp\/v2\/types\/product"}],"wp:featuredmedia":[{"embeddable":true,"href":"https:\/\/jjcustomworks.se\/fr\/wp-json\/wp\/v2\/media\/59018"}],"wp:attachment":[{"href":"https:\/\/jjcustomworks.se\/fr\/wp-json\/wp\/v2\/media?parent=59028"}],"wp:term":[{"taxonomy":"product_brand","embeddable":true,"href":"https:\/\/jjcustomworks.se\/fr\/wp-json\/wp\/v2\/product_brand?post=59028"},{"taxonomy":"product_cat","embeddable":true,"href":"https:\/\/jjcustomworks.se\/fr\/wp-json\/wp\/v2\/product_cat?post=59028"},{"taxonomy":"product_tag","embeddable":true,"href":"https:\/\/jjcustomworks.se\/fr\/wp-json\/wp\/v2\/product_tag?post=59028"}],"curies":[{"name":"wp","href":"https:\/\/api.w.org\/{rel}","templated":true}]}}