{"id":59012,"date":"2025-03-14T14:46:47","date_gmt":"2025-03-14T13:46:47","guid":{"rendered":"https:\/\/jjcustomworks.se\/product\/hk-1067-twin-ninja-swords-26-18-overall\/"},"modified":"2026-04-16T23:09:36","modified_gmt":"2026-04-16T21:09:36","slug":"hk-1067-epees-ninja-jumelles","status":"publish","type":"product","link":"https:\/\/jjcustomworks.se\/fr\/produit\/hk-1067-epees-ninja-jumelles\/","title":{"rendered":"HK-1067 \u00c9p\u00e9es Ninja Jumelles | Blades USA"},"content":{"rendered":"<h1><span class=\"ez-toc-section\" id=\"HK-1067_Epees_Ninja_Jumelles\"><\/span>HK-1067 \u00c9p\u00e9es Ninja Jumelles<span class=\"ez-toc-section-end\"><\/span><\/h1>\n<h2><span class=\"ez-toc-section\" id=\"Epees_jumelles_decoratives_avec_fourreau\"><\/span>\u00c9p\u00e9es jumelles d\u00e9coratives avec fourreau<span class=\"ez-toc-section-end\"><\/span><\/h2>\n<p>Ces \u00e9p\u00e9es ninja jumelles HK-1067 de Blades USA sont parfaites pour la d\u00e9coration et la collection. L'ensemble comprend deux \u00e9p\u00e9es de diff\u00e9rentes longueurs\u00a0: 26\u00a0pouces et 18\u00a0pouces.<\/p>\n<h3><span class=\"ez-toc-section\" id=\"Caracteristiques\"><\/span>Caract\u00e9ristiques:<span class=\"ez-toc-section-end\"><\/span><\/h3>\n<ul>\n  <li><strong>Deux \u00e9p\u00e9es\u00a0:<\/strong> L'ensemble comprend deux \u00e9p\u00e9es de diff\u00e9rentes tailles.<\/li>\n  <li><strong>Acier inoxydable\u00a0:<\/strong> La lame est en acier inoxydable, ce qui lui conf\u00e8re durabilit\u00e9 et \u00e9l\u00e9gance.<\/li>\n  <li><strong>Design japonais\u00a0:<\/strong> La lame noire pr\u00e9sente une lame sculpt\u00e9e japonaise pour une touche authentique.<\/li>\n  <li><strong>Poign\u00e9e:<\/strong> La poign\u00e9e est envelopp\u00e9e d'un cordon noir pour une prise en main confortable et s\u00fbre.<\/li>\n  <li><strong>Fourreau :<\/strong> Comprend un fourreau en nylon 2-en-1 avec bretelles pour faciliter le transport et le stockage.<\/li>\n<\/ul>\n<p>Ces \u00e9p\u00e9es d\u00e9coratives sont id\u00e9ales pour mettre en valeur votre passion pour les arts martiaux ou la culture japonaise. Le fourreau inclus facilite le transport et le rangement des \u00e9p\u00e9es en toute s\u00e9curit\u00e9. <a href=\"https:\/\/jjcustomworks.se\/fr\/magasin\/\">Consultez notre s\u00e9lection d'autres \u00e9p\u00e9es de collection<\/a>.<\/p>\n<p>Rangez vos \u00e9p\u00e9es en toute s\u00e9curit\u00e9 dans le fourreau inclus lorsque vous ne les utilisez pas. La bandouli\u00e8re pratique facilite le transport. Vous pouvez trouver plus d'<a href=\"https:\/\/jjcustomworks.se\/fr\/categorie-de-produit\/autres_produits\/swords\/swords-japan\/\">articles de d\u00e9coration<\/a> dans notre collection.<\/p>\n<p>Parfait comme cadeau pour quelqu'un qui appr\u00e9cie les armes traditionnelles ou comme d\u00e9tail int\u00e9rieur unique. Visitez notre <a href=\"https:\/\/jjcustomworks.se\/fr\/\">site web<\/a> pour voir toute notre gamme\u00a0!<\/p>","protected":false},"excerpt":{"rendered":"<p>K\u00f6p HK-1067 Tvilling Ninja Sv\u00e4rd 26&#8243; \/ 18&#8243; L\u00e5nga till b\u00e4sta pris online. Perfekt f\u00f6r tr\u00e4ning eller cosplay. Best\u00e4ll idag och f\u00e5 snabb leverans!<\/p>","protected":false},"featured_media":59009,"template":"","meta":[],"product_brand":[],"product_cat":[1275],"product_tag":[],"class_list":{"0":"post-59012","1":"product","2":"type-product","3":"status-publish","4":"has-post-thumbnail","6":"product_cat-swords-europe","8":"first","9":"instock","10":"taxable","11":"shipping-taxable","12":"purchasable","13":"product-type-simple"},"_links":{"self":[{"href":"https:\/\/jjcustomworks.se\/fr\/wp-json\/wp\/v2\/product\/59012","targetHints":{"allow":["GET"]}}],"collection":[{"href":"https:\/\/jjcustomworks.se\/fr\/wp-json\/wp\/v2\/product"}],"about":[{"href":"https:\/\/jjcustomworks.se\/fr\/wp-json\/wp\/v2\/types\/product"}],"wp:featuredmedia":[{"embeddable":true,"href":"https:\/\/jjcustomworks.se\/fr\/wp-json\/wp\/v2\/media\/59009"}],"wp:attachment":[{"href":"https:\/\/jjcustomworks.se\/fr\/wp-json\/wp\/v2\/media?parent=59012"}],"wp:term":[{"taxonomy":"product_brand","embeddable":true,"href":"https:\/\/jjcustomworks.se\/fr\/wp-json\/wp\/v2\/product_brand?post=59012"},{"taxonomy":"product_cat","embeddable":true,"href":"https:\/\/jjcustomworks.se\/fr\/wp-json\/wp\/v2\/product_cat?post=59012"},{"taxonomy":"product_tag","embeddable":true,"href":"https:\/\/jjcustomworks.se\/fr\/wp-json\/wp\/v2\/product_tag?post=59012"}],"curies":[{"name":"wp","href":"https:\/\/api.w.org\/{rel}","templated":true}]}}