{"id":59011,"date":"2025-03-14T14:46:47","date_gmt":"2025-03-14T13:46:47","guid":{"rendered":"https:\/\/jjcustomworks.se\/product\/sw-319-samurai-sword\/"},"modified":"2026-03-05T09:13:35","modified_gmt":"2026-03-05T08:13:35","slug":"sw-319-epee-samourai","status":"publish","type":"product","link":"https:\/\/jjcustomworks.se\/fr\/produit\/sw-319-epee-samourai\/","title":{"rendered":"SW-319 Katana \u00c9p\u00e9e de Samoura\u00ef | Blades USA"},"content":{"rendered":"<h1><span class=\"ez-toc-section\" id=\"SW-319_Katana_Epee_de_Samourai\"><\/span>SW-319 Katana \u00c9p\u00e9e de Samoura\u00ef<span class=\"ez-toc-section-end\"><\/span><\/h1>\n<h2><span class=\"ez-toc-section\" id=\"Une_epee_de_samourai_decorative_a_exposer\"><\/span>Une \u00e9p\u00e9e de samoura\u00ef d\u00e9corative \u00e0 exposer<span class=\"ez-toc-section-end\"><\/span><\/h2>\n<p>Ce sabre de samoura\u00ef de 41,5 pouces de long, \u00e9galement connu sous le nom de Katana, est parfait pour \u00eatre expos\u00e9. L'\u00e9p\u00e9e est en acier inoxydable et comporte une inscription de samoura\u00ef grav\u00e9e sur la lame ainsi qu'une \u00e9tiquette de collectionneur. Le fourreau est noir mat et porte un code bushido de samoura\u00ef sculpt\u00e9 \u00e0 la main. Une vitrine est incluse pour que vous puissiez exposer votre \u00e9p\u00e9e avec style.<\/p>\n<h3><span class=\"ez-toc-section\" id=\"Proprietes\"><\/span>Propri\u00e9t\u00e9s:<span class=\"ez-toc-section-end\"><\/span><\/h3>\n<ul>\n <li><strong>Longueur:<\/strong> 41,5 pouces (Katana)<\/li>\n <li><strong>Mat\u00e9riel:<\/strong> Acier inoxydable<\/li>\n <li><strong>Inscription:<\/strong> Inscription de samoura\u00ef grav\u00e9e sur la lame<\/li>\n <li><strong>Gaine :<\/strong> Noir mat avec code bushido de samoura\u00ef sculpt\u00e9 \u00e0 la main<\/li>\n <li><strong>Accessoires:<\/strong> Vitrine incluse<\/li>\n<\/ul>\n<p>L'\u00e9p\u00e9e de samoura\u00ef symbolise la loyaut\u00e9, le courage et la moralit\u00e9. Montrez votre appr\u00e9ciation pour ces valeurs avec cette \u00e9p\u00e9e d\u00e9corative. Vous pouvez trouver d'autres <a href=\"https:\/\/jjcustomworks.se\/fr\/magasin\/\">sabres de samoura\u00ef<\/a> dans notre gamme. Visitez notre <a href=\"https:\/\/jjcustomworks.se\/fr\/categorie-de-produit\/autres_produits\/swords\/swords-japan\/\">cat\u00e9gorie d&#039;armes<\/a> pour voir d&#039;autres produits similaires, ou visitez notre <a href=\"https:\/\/jjcustomworks.se\/fr\/\">page d&#039;accueil<\/a> pour voir toute notre gamme.<\/p>","protected":false},"excerpt":{"rendered":"<p>K\u00f6p SW-319 samurajsv\u00e4rd online &#8211; H\u00f6gkvalitativa samurajsv\u00e4rd till f\u00f6rm\u00e5nliga priser. Utforska v\u00e5rt sortiment av autentiska samurajsv\u00e4rd och hitta det perfekta sv\u00e4rdet f\u00f6r din samling eller som en unik present. Best\u00e4ll nu och f\u00e5 snabb leverans och fri frakt.<\/p>","protected":false},"featured_media":59008,"template":"","meta":[],"product_brand":[],"product_cat":[1275],"product_tag":[],"class_list":{"0":"post-59011","1":"product","2":"type-product","3":"status-publish","4":"has-post-thumbnail","6":"product_cat-swords-europe","8":"first","9":"outofstock","10":"sale","11":"taxable","12":"shipping-taxable","13":"purchasable","14":"product-type-simple"},"_links":{"self":[{"href":"https:\/\/jjcustomworks.se\/fr\/wp-json\/wp\/v2\/product\/59011","targetHints":{"allow":["GET"]}}],"collection":[{"href":"https:\/\/jjcustomworks.se\/fr\/wp-json\/wp\/v2\/product"}],"about":[{"href":"https:\/\/jjcustomworks.se\/fr\/wp-json\/wp\/v2\/types\/product"}],"wp:featuredmedia":[{"embeddable":true,"href":"https:\/\/jjcustomworks.se\/fr\/wp-json\/wp\/v2\/media\/59008"}],"wp:attachment":[{"href":"https:\/\/jjcustomworks.se\/fr\/wp-json\/wp\/v2\/media?parent=59011"}],"wp:term":[{"taxonomy":"product_brand","embeddable":true,"href":"https:\/\/jjcustomworks.se\/fr\/wp-json\/wp\/v2\/product_brand?post=59011"},{"taxonomy":"product_cat","embeddable":true,"href":"https:\/\/jjcustomworks.se\/fr\/wp-json\/wp\/v2\/product_cat?post=59011"},{"taxonomy":"product_tag","embeddable":true,"href":"https:\/\/jjcustomworks.se\/fr\/wp-json\/wp\/v2\/product_tag?post=59011"}],"curies":[{"name":"wp","href":"https:\/\/api.w.org\/{rel}","templated":true}]}}