{"id":59007,"date":"2025-03-14T14:46:45","date_gmt":"2025-03-14T13:46:45","guid":{"rendered":"https:\/\/jjcustomworks.se\/product\/c-87-roman-sword-30\/"},"modified":"2026-02-15T11:03:35","modified_gmt":"2026-02-15T10:03:35","slug":"c-87-epee-romaine-30-pouces","status":"publish","type":"product","link":"https:\/\/jjcustomworks.se\/fr\/produit\/c-87-epee-romaine-30-pouces\/","title":{"rendered":"C-87 - \u00c9p\u00e9e Romaine 30\" | Blades USA"},"content":{"rendered":"<h1>C-87 - \u00c9p\u00e9e Romaine 30\"<\/h1>\n\n<h2><span class=\"ez-toc-section\" id=\"Une_Epee_de_Combat_Romaine_Iconique\"><\/span>Une \u00c9p\u00e9e de Combat Romaine Iconique<span class=\"ez-toc-section-end\"><\/span><\/h2>\n\n<p>D\u00e9couvrez la puissance et l'histoire avec cette \u00e9p\u00e9e romaine de 30\" (environ 76 cm) de long, fabriqu\u00e9e en acier inoxydable. Cette \u00e9p\u00e9e est une r\u00e9plique des \u00e9p\u00e9es de combat utilis\u00e9es par les l\u00e9gionnaires romains. Avec son manche en m\u00e9tal, sa barre de parade et son bouton, vous obtenez une prise en main solide et authentique. Un fourreau d'\u00e9p\u00e9e est inclus pour un stockage et un transport s\u00fbrs.<\/p>\n\n<h3><span class=\"ez-toc-section\" id=\"Caracteristiques_et_Avantages\"><\/span>Caract\u00e9ristiques et avantages<span class=\"ez-toc-section-end\"><\/span><\/h3>\n\n<ul>\n <li><strong>Longueur:<\/strong> 30\" (environ 76 cm) - Taille parfaite pour la collection et l'exposition.<\/li>\n <li><strong>Mat\u00e9riel:<\/strong> Acier inoxydable - Offre une bonne durabilit\u00e9 et une r\u00e9sistance \u00e0 la rouille.<\/li>\n <li><strong>Conception :<\/strong> \u00c9p\u00e9e de combat romaine - R\u00e9plique d'armes historiques.<\/li>\n <li><strong>Manche:<\/strong> Manche en m\u00e9tal avec barre de parade et bouton - Assure une prise en main bonne et confortable.<\/li>\n <li><strong>Fourreau d'\u00e9p\u00e9e :<\/strong> Inclus - Prot\u00e8ge l'\u00e9p\u00e9e et facilite le transport.<\/li>\n<\/ul>\n\n<p>Cette \u00e9p\u00e9e romaine est un must pour les collectionneurs et les passionn\u00e9s d'histoire. Compl\u00e9tez votre collection avec d'autres <a href=\"https:\/\/jjcustomworks.se\/fr\/magasin\/\">\u00e9p\u00e9es authentiques<\/a> chez nous. Visitez notre <a href=\"https:\/\/jjcustomworks.se\/fr\/categorie-de-produit\/autres_produits\/swords\/swords-europe\/\">page de cat\u00e9gorie d'\u00e9p\u00e9es<\/a> pour voir notre large s\u00e9lection. Pour plus d'informations sur notre entreprise, visitez notre <a href=\"https:\/\/jjcustomworks.se\/fr\/\">page d&#039;accueil<\/a>.<\/p>","protected":false},"excerpt":{"rendered":"<p>K\u00f6p C-87 &#8211; Romerskt Sv\u00e4rd 30&#8243; online hos oss. H\u00f6gkvalitativt sv\u00e4rd med autentisk design och perfekt f\u00f6r samlare och historieentusiaster. Best\u00e4ll nu och f\u00e5 snabb leverans till d\u00f6rren!<\/p>","protected":false},"featured_media":59003,"template":"","meta":[],"product_brand":[],"product_cat":[1275],"product_tag":[],"class_list":{"0":"post-59007","1":"product","2":"type-product","3":"status-publish","4":"has-post-thumbnail","6":"product_cat-swords-europe","8":"first","9":"outofstock","10":"taxable","11":"shipping-taxable","12":"purchasable","13":"product-type-simple"},"_links":{"self":[{"href":"https:\/\/jjcustomworks.se\/fr\/wp-json\/wp\/v2\/product\/59007","targetHints":{"allow":["GET"]}}],"collection":[{"href":"https:\/\/jjcustomworks.se\/fr\/wp-json\/wp\/v2\/product"}],"about":[{"href":"https:\/\/jjcustomworks.se\/fr\/wp-json\/wp\/v2\/types\/product"}],"wp:featuredmedia":[{"embeddable":true,"href":"https:\/\/jjcustomworks.se\/fr\/wp-json\/wp\/v2\/media\/59003"}],"wp:attachment":[{"href":"https:\/\/jjcustomworks.se\/fr\/wp-json\/wp\/v2\/media?parent=59007"}],"wp:term":[{"taxonomy":"product_brand","embeddable":true,"href":"https:\/\/jjcustomworks.se\/fr\/wp-json\/wp\/v2\/product_brand?post=59007"},{"taxonomy":"product_cat","embeddable":true,"href":"https:\/\/jjcustomworks.se\/fr\/wp-json\/wp\/v2\/product_cat?post=59007"},{"taxonomy":"product_tag","embeddable":true,"href":"https:\/\/jjcustomworks.se\/fr\/wp-json\/wp\/v2\/product_tag?post=59007"}],"curies":[{"name":"wp","href":"https:\/\/api.w.org\/{rel}","templated":true}]}}