{"id":58999,"date":"2025-03-14T14:46:41","date_gmt":"2025-03-14T13:46:41","guid":{"rendered":"https:\/\/jjcustomworks.se\/product\/fantasy-master-644rd-sword-2-knives\/"},"modified":"2025-11-08T18:30:54","modified_gmt":"2025-11-08T17:30:54","slug":"fantasy-master-644rd-epee-2-couteaux","status":"publish","type":"product","link":"https:\/\/jjcustomworks.se\/fr\/produit\/fantasy-master-644rd-epee-2-couteaux\/","title":{"rendered":"Fantasy Master 644RD \u00c9p\u00e9e + 2 Couteaux"},"content":{"rendered":"<h1>Fantasy Master 644RD - \u00c9p\u00e9e + 2 Couteaux<\/h1>\n<h2><span class=\"ez-toc-section\" id=\"Ensemble_depee_fantastique\"><\/span>Ensemble d&#8217;\u00e9p\u00e9e fantastique<span class=\"ez-toc-section-end\"><\/span><\/h2>\n<p>Cet ensemble de 3 pi\u00e8ces de Fantasy Master vous offre une \u00e9p\u00e9e fantastique et deux couteaux assortis. Parfait pour les collectionneurs et les passionn\u00e9s qui appr\u00e9cient les d\u00e9tails et le design.<\/p>\n<h3><span class=\"ez-toc-section\" id=\"Caracteristiques_et_avantages\"><\/span>Caract\u00e9ristiques et avantages<span class=\"ez-toc-section-end\"><\/span><\/h3>\n<ul>\n <li><strong>Ensemble complet :<\/strong> Comprend une \u00e9p\u00e9e de 28\" et deux couteaux de 6\", vous offrant une collection polyvalente.<\/li>\n <li><strong>Mat\u00e9riau de haute qualit\u00e9 :<\/strong> Fabriqu\u00e9 en acier inoxydable pour une durabilit\u00e9 et une utilisation \u00e0 long terme. L'acier inoxydable contribue \u00e0 ce que le produit conserve sa qualit\u00e9 dans le temps.<\/li>\n <li><strong>Conception unique :<\/strong> La lame noire et rouge offre un look fantastique qui se d\u00e9marque. Ce design unique fait de cet ensemble un sujet de conversation et une partie pr\u00e9cieuse de votre collection.<\/li>\n <li><strong>Manche confortable :<\/strong> Le manche envelopp\u00e9 de cordon offre une prise en main s\u00fbre et confortable. Cela am\u00e9liore la manipulation et facilite la pr\u00e9sentation de l'\u00e9p\u00e9e et des couteaux.<\/li>\n <li><strong>Rangement pratique :<\/strong> Fourreau en nylon inclus pour un rangement s\u00fbr et facile de l'\u00e9p\u00e9e. Prot\u00e8ge la lame et facilite le transport de l'ensemble.<\/li>\n<\/ul>\n<p>Cet ensemble d'\u00e9p\u00e9e est id\u00e9al pour ceux qui veulent quelque chose d'unique et d'imaginatif dans leur collection. Avec des mat\u00e9riaux de haute qualit\u00e9 et un design accrocheur, cet ensemble ne manquera pas d'impressionner. Pour plus de produits similaires, visitez notre <a href=\"https:\/\/jjcustomworks.se\/fr\/categorie-de-produit\/autres_produits\/swords\/swords-other\/\">cat\u00e9gorie Armes fantastiques<\/a>. Explorez \u00e9galement notre large gamme d'autres <a href=\"https:\/\/jjcustomworks.se\/fr\/magasin\/\">Produits Fantasy Master<\/a> pour compl\u00e9ter votre collection. Ne manquez pas la chance d'ajouter cet ensemble fantastique \u00e0 votre collection. Visitez <a href=\"https:\/\/jjcustomworks.se\/fr\/\">notre site Web<\/a> pour voir toute notre gamme.<\/p>","protected":false},"excerpt":{"rendered":"<p>Fantasy Master 644RD &#8211; \u00c9p\u00e9e + 2 Couteaux Ensemble d&#8217;\u00e9p\u00e9e fantastique Cet ensemble de 3 pi\u00e8ces de Fantasy Master vous offre une \u00e9p\u00e9e fantastique et deux couteaux assortis. Parfait pour les collectionneurs et les passionn\u00e9s qui appr\u00e9cient les d\u00e9tails et le design. Caract\u00e9ristiques et avantages Ensemble complet : Comprend une \u00e9p\u00e9e de 28&#8243; et deux [&#8230;]\n","protected":false},"featured_media":58997,"template":"","meta":[],"product_brand":[],"product_cat":[1275],"product_tag":[],"class_list":{"0":"post-58999","1":"product","2":"type-product","3":"status-publish","4":"has-post-thumbnail","6":"product_cat-swords-europe","8":"first","9":"outofstock","10":"sale","11":"taxable","12":"shipping-taxable","13":"purchasable","14":"product-type-simple"},"_links":{"self":[{"href":"https:\/\/jjcustomworks.se\/fr\/wp-json\/wp\/v2\/product\/58999","targetHints":{"allow":["GET"]}}],"collection":[{"href":"https:\/\/jjcustomworks.se\/fr\/wp-json\/wp\/v2\/product"}],"about":[{"href":"https:\/\/jjcustomworks.se\/fr\/wp-json\/wp\/v2\/types\/product"}],"wp:featuredmedia":[{"embeddable":true,"href":"https:\/\/jjcustomworks.se\/fr\/wp-json\/wp\/v2\/media\/58997"}],"wp:attachment":[{"href":"https:\/\/jjcustomworks.se\/fr\/wp-json\/wp\/v2\/media?parent=58999"}],"wp:term":[{"taxonomy":"product_brand","embeddable":true,"href":"https:\/\/jjcustomworks.se\/fr\/wp-json\/wp\/v2\/product_brand?post=58999"},{"taxonomy":"product_cat","embeddable":true,"href":"https:\/\/jjcustomworks.se\/fr\/wp-json\/wp\/v2\/product_cat?post=58999"},{"taxonomy":"product_tag","embeddable":true,"href":"https:\/\/jjcustomworks.se\/fr\/wp-json\/wp\/v2\/product_tag?post=58999"}],"curies":[{"name":"wp","href":"https:\/\/api.w.org\/{rel}","templated":true}]}}