{"id":58974,"date":"2025-03-14T14:46:26","date_gmt":"2025-03-14T13:46:26","guid":{"rendered":"https:\/\/jjcustomworks.se\/product\/yc-718-fantasy-sword-31-overall\/"},"modified":"2025-11-08T19:11:44","modified_gmt":"2025-11-08T18:11:44","slug":"epee-fantaisie-yc-718-31-pouces-longueur","status":"publish","type":"product","link":"https:\/\/jjcustomworks.se\/fr\/produit\/epee-fantaisie-yc-718-31-pouces-longueur\/","title":{"rendered":"\u00c9p\u00e9e Fantaisie YC-718 31\" Longueur | Blades USA"},"content":{"rendered":"<h1>\u00c9p\u00e9e Fantaisie YC-718 31\" Longueur<\/h1>\n\n<h2><span class=\"ez-toc-section\" id=\"Une_epee_fantastique_unique_pour_les_collectionneurs\"><\/span>Une \u00e9p\u00e9e fantastique unique pour les collectionneurs<span class=\"ez-toc-section-end\"><\/span><\/h2>\n\n<p>Cette \u00e9p\u00e9e fantaisie de 31\", mod\u00e8le YC-718, est un objet de collection unique. L'\u00e9p\u00e9e a une lame de 24\" en acier inoxydable. La lame de couleur argent\u00e9e lui donne un aspect \u00e9l\u00e9gant. Un fourreau marron est inclus pour un stockage et un transport s\u00fbrs. Parfait pour les passionn\u00e9s de fantaisie et les collectionneurs !<\/p>\n\n<h3><span class=\"ez-toc-section\" id=\"Specifications\"><\/span>Caract\u00e9ristiques:<span class=\"ez-toc-section-end\"><\/span><\/h3>\n\n<ul>\n    <li>Longueur totale : 31 pouces<\/li>\n    <li>Longueur de la lame : 24 pouces<\/li>\n    <li>Mat\u00e9riau de la lame : Acier inoxydable<\/li>\n    <li>Couleur de la lame : Argent<\/li>\n    <li>Fourreau : Marron, inclus<\/li>\n<\/ul>\n\n<p>Obtenez votre \u00e9p\u00e9e fantaisie YC-718 d\u00e8s aujourd'hui ! D\u00e9couvrez notre large gamme d'<a href=\"https:\/\/jjcustomworks.se\/fr\/magasin\/\">\u00e9p\u00e9es authentiques<\/a> pour toutes les occasions. N'h\u00e9sitez pas \u00e0 visiter notre <a href=\"https:\/\/jjcustomworks.se\/fr\/categorie-de-produit\/autres_produits\/swords\/swords-japan\/\">cat\u00e9gorie d&#039;objets de collection<\/a> pour trouver d'autres objets uniques. Pour plus d'informations sur Blades USA, visitez notre <a href=\"https:\/\/jjcustomworks.se\/fr\/\">site web<\/a>.<\/p>","protected":false},"excerpt":{"rendered":"<p>\u00c9p\u00e9e Fantaisie YC-718 31&#8243; Longueur Une \u00e9p\u00e9e fantastique unique pour les collectionneurs Cette \u00e9p\u00e9e fantaisie de 31&#8243;, mod\u00e8le YC-718, est un objet de collection unique. L&#8217;\u00e9p\u00e9e a une lame de 24&#8243; en acier inoxydable. La lame de couleur argent\u00e9e lui donne un aspect \u00e9l\u00e9gant. Un fourreau marron est inclus pour un stockage et un transport [&#8230;]\n","protected":false},"featured_media":58970,"template":"","meta":[],"product_brand":[],"product_cat":[1275],"product_tag":[],"class_list":{"0":"post-58974","1":"product","2":"type-product","3":"status-publish","4":"has-post-thumbnail","6":"product_cat-swords-europe","8":"first","9":"outofstock","10":"sale","11":"taxable","12":"shipping-taxable","13":"purchasable","14":"product-type-simple"},"_links":{"self":[{"href":"https:\/\/jjcustomworks.se\/fr\/wp-json\/wp\/v2\/product\/58974","targetHints":{"allow":["GET"]}}],"collection":[{"href":"https:\/\/jjcustomworks.se\/fr\/wp-json\/wp\/v2\/product"}],"about":[{"href":"https:\/\/jjcustomworks.se\/fr\/wp-json\/wp\/v2\/types\/product"}],"wp:featuredmedia":[{"embeddable":true,"href":"https:\/\/jjcustomworks.se\/fr\/wp-json\/wp\/v2\/media\/58970"}],"wp:attachment":[{"href":"https:\/\/jjcustomworks.se\/fr\/wp-json\/wp\/v2\/media?parent=58974"}],"wp:term":[{"taxonomy":"product_brand","embeddable":true,"href":"https:\/\/jjcustomworks.se\/fr\/wp-json\/wp\/v2\/product_brand?post=58974"},{"taxonomy":"product_cat","embeddable":true,"href":"https:\/\/jjcustomworks.se\/fr\/wp-json\/wp\/v2\/product_cat?post=58974"},{"taxonomy":"product_tag","embeddable":true,"href":"https:\/\/jjcustomworks.se\/fr\/wp-json\/wp\/v2\/product_tag?post=58974"}],"curies":[{"name":"wp","href":"https:\/\/api.w.org\/{rel}","templated":true}]}}