{"id":58955,"date":"2025-03-14T14:46:14","date_gmt":"2025-03-14T13:46:14","guid":{"rendered":"https:\/\/jjcustomworks.se\/product\/gasoline-oil-lighter-gentelo-skull-3\/"},"modified":"2026-04-04T18:37:38","modified_gmt":"2026-04-04T16:37:38","slug":"briquet-a-essence-gentelo-design-crane","status":"publish","type":"product","link":"https:\/\/jjcustomworks.se\/fr\/produit\/briquet-a-essence-gentelo-design-crane\/","title":{"rendered":"Briquet \u00e0 Essence Gentelo - Design Cr\u00e2ne"},"content":{"rendered":"<h1>Briquet \u00e0 Essence Gentelo - Design Cr\u00e2ne<\/h1>\n\n<h2><span class=\"ez-toc-section\" id=\"Briquet_avec_un_design_de_crane\"><\/span>Briquet avec un design de cr\u00e2ne<span class=\"ez-toc-section-end\"><\/span><\/h2>\n<p>Le briquet \u00e0 essence Gentelo combine style et fonctionnalit\u00e9 \u00e0 un prix imbattable. Ce briquet n'est pas seulement un outil, mais aussi un accessoire qui refl\u00e8te votre personnalit\u00e9, avec un design de cr\u00e2ne unique. Parfait pour ceux qui recherchent une solution fiable et abordable pour allumer des bougies, des cigarettes ou tout ce qui n\u00e9cessite une flamme. Livr\u00e9 pr\u00eat \u00e0 l'emploi, il suffit de le remplir d'<a href=\"https:\/\/jjcustomworks.se\/fr\/magasin\/\">essence<\/a>.<\/p>\n\n<h3><span class=\"ez-toc-section\" id=\"Personnalisable_et_economique\"><\/span>Personnalisable et \u00e9conomique<span class=\"ez-toc-section-end\"><\/span><\/h3>\n<p>L\u2019un des grands avantages de cette <a href=\"https:\/\/jjcustomworks.se\/fr\/categorie-de-produit\/briquets-a-gaz-et-a-essence\/\">briquet \u00e0 essence<\/a> est sa compatibilit\u00e9 avec les accessoires standard. Vous pouvez facilement trouver des pi\u00e8ces de rechange et personnaliser votre briquet selon vos propres souhaits et besoins. Cela le rend non seulement abordable \u00e0 l'achat, mais aussi \u00e9conomique \u00e0 long terme.<\/p>\n\n<h3><span class=\"ez-toc-section\" id=\"Caracteristiques\"><\/span><b>Caract\u00e9ristiques:<\/b><span class=\"ez-toc-section-end\"><\/span><\/h3>\n<ul>\n <li><b>Abordable:<\/b> Un bon briquet \u00e0 un prix abordable.<\/li>\n <li><b>Compatible :<\/b> S&#039;adapte \u00e0 tous les accessoires standards du march\u00e9.<\/li>\n <li><b>Pr\u00eat \u00e0 l&#039;emploi :<\/b> Livr\u00e9 pr\u00eat \u00e0 l&#039;emploi (sans carburant).<\/li>\n<\/ul>\n\n<h3><span class=\"ez-toc-section\" id=\"Comment_utiliser_le_briquet\"><\/span>Comment utiliser le briquet :<span class=\"ez-toc-section-end\"><\/span><\/h3>\n<ol>\n <li>Remplissez le briquet d'essence.<\/li>\n <li>Laissez la m\u00e8che absorber l'essence pendant quelques minutes.<\/li>\n <li>Allumez le briquet et profitez de la flamme.<\/li>\n<\/ol>\n\n<p>Avec le briquet \u00e0 essence Gentelo, vous obtenez un briquet fiable et \u00e9l\u00e9gant, facile \u00e0 utiliser et \u00e0 entretenir. Parfait pour un usage quotidien et pour les occasions sp\u00e9ciales. Visitez <a href=\"https:\/\/jjcustomworks.se\/fr\/\">notre site Web<\/a> pour d\u00e9couvrir toute notre gamme !<\/p>","protected":false},"excerpt":{"rendered":"<p>Briquet \u00e0 Essence Gentelo &#8211; Design Cr\u00e2ne Briquet avec un design de cr\u00e2ne Le briquet \u00e0 essence Gentelo combine style et fonctionnalit\u00e9 \u00e0 un prix imbattable. Ce briquet n&#8217;est pas seulement un outil, mais aussi un accessoire qui refl\u00e8te votre personnalit\u00e9, avec un design de cr\u00e2ne unique. Parfait pour ceux qui recherchent une solution fiable [&#8230;]\n","protected":false},"featured_media":58944,"template":"","meta":[],"product_brand":[],"product_cat":[877],"product_tag":[],"class_list":{"0":"post-58955","1":"product","2":"type-product","3":"status-publish","4":"has-post-thumbnail","6":"product_cat-bensintandare","8":"first","9":"instock","10":"sale","11":"taxable","12":"shipping-taxable","13":"purchasable","14":"product-type-simple"},"_links":{"self":[{"href":"https:\/\/jjcustomworks.se\/fr\/wp-json\/wp\/v2\/product\/58955","targetHints":{"allow":["GET"]}}],"collection":[{"href":"https:\/\/jjcustomworks.se\/fr\/wp-json\/wp\/v2\/product"}],"about":[{"href":"https:\/\/jjcustomworks.se\/fr\/wp-json\/wp\/v2\/types\/product"}],"wp:featuredmedia":[{"embeddable":true,"href":"https:\/\/jjcustomworks.se\/fr\/wp-json\/wp\/v2\/media\/58944"}],"wp:attachment":[{"href":"https:\/\/jjcustomworks.se\/fr\/wp-json\/wp\/v2\/media?parent=58955"}],"wp:term":[{"taxonomy":"product_brand","embeddable":true,"href":"https:\/\/jjcustomworks.se\/fr\/wp-json\/wp\/v2\/product_brand?post=58955"},{"taxonomy":"product_cat","embeddable":true,"href":"https:\/\/jjcustomworks.se\/fr\/wp-json\/wp\/v2\/product_cat?post=58955"},{"taxonomy":"product_tag","embeddable":true,"href":"https:\/\/jjcustomworks.se\/fr\/wp-json\/wp\/v2\/product_tag?post=58955"}],"curies":[{"name":"wp","href":"https:\/\/api.w.org\/{rel}","templated":true}]}}