{"id":58951,"date":"2025-03-14T14:46:13","date_gmt":"2025-03-14T13:46:13","guid":{"rendered":"https:\/\/jjcustomworks.se\/product\/kastkniv-3-pack-4\/"},"modified":"2026-01-31T10:03:41","modified_gmt":"2026-01-31T09:03:41","slug":"couteaux-de-lancer-lot-de-3-avec-etui-en-nylon","status":"publish","type":"product","link":"https:\/\/jjcustomworks.se\/fr\/produit\/couteaux-de-lancer-lot-de-3-avec-etui-en-nylon\/","title":{"rendered":"Couteaux de lancer Lot de 3 avec \u00e9tui en nylon"},"content":{"rendered":"<h1><span class=\"ez-toc-section\" id=\"Couteaux_de_lancer_Lot_de_3_avec_etui_en_nylon\"><\/span>Couteaux de lancer Lot de 3 avec \u00e9tui en nylon<span class=\"ez-toc-section-end\"><\/span><\/h1>\n<h2><span class=\"ez-toc-section\" id=\"Ensemble_parfait_pour_les_passionnes_de_lancer\"><\/span>Ensemble parfait pour les passionn\u00e9s de lancer<span class=\"ez-toc-section-end\"><\/span><\/h2>\n<p>Ce lot de 3 couteaux de lancer est id\u00e9al pour les d\u00e9butants et les lanceurs exp\u00e9riment\u00e9s. L'ensemble comprend trois couteaux de lancer de diff\u00e9rentes tailles, vous permettant de varier votre technique de lancer et votre pr\u00e9cision. L'\u00e9tui en nylon inclus facilite le transport et le stockage de vos couteaux en toute s\u00e9curit\u00e9. Explorez notre gamme d'<a href=\"https:\/\/jjcustomworks.se\/fr\/magasin\/\">autres couteaux<\/a> pour trouver plus d&#039;options.<\/p>\n<h3><span class=\"ez-toc-section\" id=\"Contenu\"><\/span>Contenu<span class=\"ez-toc-section-end\"><\/span><\/h3>\n<ul>\n <li><b>Petit :<\/b> 16,5 cm<\/li>\n <li><b>Moyen :<\/b> 20,5 cm<\/li>\n <li><b>Grand :<\/b> 24,5 cm<\/li>\n<\/ul>\n<p>Chaque couteau est soigneusement con\u00e7u pour un \u00e9quilibre et un a\u00e9rodynamisme optimaux, ce qui se traduit par des lancers pr\u00e9cis et efficaces. Les diff\u00e9rentes tailles conviennent \u00e0 diff\u00e9rentes distances et cibles, ce qui rend cet ensemble tr\u00e8s polyvalent. Rangez et transportez vos couteaux de lancer en toute s\u00e9curit\u00e9 dans l'\u00e9tui en nylon inclus. Ne manquez pas nos <a href=\"https:\/\/jjcustomworks.se\/fr\/categorie-de-produit\/autres_produits\/swords\/swords-japan\/\">autres produits<\/a> pour compl\u00e9ter votre \u00e9quipement. Visitez notre <a href=\"https:\/\/jjcustomworks.se\/fr\/\">site web<\/a> pour voir notre gamme compl\u00e8te.<\/p>","protected":false},"excerpt":{"rendered":"<p>Couteaux de lancer Lot de 3 avec \u00e9tui en nylon Ensemble parfait pour les passionn\u00e9s de lancer Ce lot de 3 couteaux de lancer est id\u00e9al pour les d\u00e9butants et les lanceurs exp\u00e9riment\u00e9s. L&#8217;ensemble comprend trois couteaux de lancer de diff\u00e9rentes tailles, vous permettant de varier votre technique de lancer et votre pr\u00e9cision. L&#8217;\u00e9tui en [&#8230;]\n","protected":false},"featured_media":58941,"template":"","meta":[],"product_brand":[],"product_cat":[908],"product_tag":[],"class_list":{"0":"post-58951","1":"product","2":"type-product","3":"status-publish","4":"has-post-thumbnail","6":"product_cat-kastkniv","8":"first","9":"instock","10":"sale","11":"taxable","12":"shipping-taxable","13":"purchasable","14":"product-type-simple"},"_links":{"self":[{"href":"https:\/\/jjcustomworks.se\/fr\/wp-json\/wp\/v2\/product\/58951","targetHints":{"allow":["GET"]}}],"collection":[{"href":"https:\/\/jjcustomworks.se\/fr\/wp-json\/wp\/v2\/product"}],"about":[{"href":"https:\/\/jjcustomworks.se\/fr\/wp-json\/wp\/v2\/types\/product"}],"wp:featuredmedia":[{"embeddable":true,"href":"https:\/\/jjcustomworks.se\/fr\/wp-json\/wp\/v2\/media\/58941"}],"wp:attachment":[{"href":"https:\/\/jjcustomworks.se\/fr\/wp-json\/wp\/v2\/media?parent=58951"}],"wp:term":[{"taxonomy":"product_brand","embeddable":true,"href":"https:\/\/jjcustomworks.se\/fr\/wp-json\/wp\/v2\/product_brand?post=58951"},{"taxonomy":"product_cat","embeddable":true,"href":"https:\/\/jjcustomworks.se\/fr\/wp-json\/wp\/v2\/product_cat?post=58951"},{"taxonomy":"product_tag","embeddable":true,"href":"https:\/\/jjcustomworks.se\/fr\/wp-json\/wp\/v2\/product_tag?post=58951"}],"curies":[{"name":"wp","href":"https:\/\/api.w.org\/{rel}","templated":true}]}}