{"id":58911,"date":"2025-03-14T14:45:44","date_gmt":"2025-03-14T13:45:44","guid":{"rendered":"https:\/\/jjcustomworks.se\/product\/roman-sword-31-5\/"},"modified":"2025-11-30T09:09:38","modified_gmt":"2025-11-30T08:09:38","slug":"epee-romaine-centurion-31-5-pouces","status":"publish","type":"product","link":"https:\/\/jjcustomworks.se\/fr\/produit\/epee-romaine-centurion-31-5-pouces\/","title":{"rendered":"\u00c9p\u00e9e Romaine Centurion 31.5\" | Blades USA"},"content":{"rendered":"<h1>\u00c9p\u00e9e Romaine 31.5\"<\/h1>\n<h2><span class=\"ez-toc-section\" id=\"Epee_Romaine_Authentique_pour_Collectionneurs\"><\/span>\u00c9p\u00e9e Romaine Authentique pour Collectionneurs<span class=\"ez-toc-section-end\"><\/span><\/h2>\n<p>D\u00e9couvrez la puissance de l'histoire avec cette \u00e9p\u00e9e romaine, une r\u00e9plique d'une \u00e9p\u00e9e de centurion. Avec une longueur totale de 31,5 pouces et une lame en acier inoxydable, cette \u00e9p\u00e9e est \u00e0 la fois impressionnante et durable. La surface grav\u00e9e et polie offre une sensation authentique et en fait un excellent objet de collection.<\/p>\n<h3><span class=\"ez-toc-section\" id=\"Specifications\"><\/span>Caract\u00e9ristiques:<span class=\"ez-toc-section-end\"><\/span><\/h3>\n<ul>\n <li><strong>Longueur totale :<\/strong> 31.5\"<\/li>\n <li><strong>Longueur de la lame :<\/strong> 22\"<\/li>\n <li><strong>Mat\u00e9riel:<\/strong> Acier inoxydable<\/li>\n <li><strong>Conception:<\/strong> Grav\u00e9 et Poli, \u00c9p\u00e9e de Centurion<\/li>\n <li><strong>Compris:<\/strong> Fourreau d'\u00c9p\u00e9e<\/li>\n<\/ul>\n<p>Cette \u00e9p\u00e9e romaine est parfaite pour la reconstitution historique, la collection ou comme pi\u00e8ce d\u00e9corative. Le fourreau d'\u00e9p\u00e9e inclus prot\u00e8ge la lame et facilite le rangement et le transport de l'\u00e9p\u00e9e. <a href=\"https:\/\/jjcustomworks.se\/fr\/magasin\/\">Explorez notre gamme d'\u00e9p\u00e9es r\u00e9pliques<\/a> et trouvez d'autres armes historiques. Pour plus d'informations sur les \u00e9p\u00e9es et les armes, visitez notre <a href=\"https:\/\/jjcustomworks.se\/fr\/categorie-de-produit\/autres_produits\/swords\/swords-europe\/\">page de cat\u00e9gorie des armes de collection<\/a> ou visitez notre <a href=\"https:\/\/jjcustomworks.se\/fr\/\">page d&#039;accueil<\/a> pour voir toute notre gamme.<\/p>","protected":false},"excerpt":{"rendered":"<p>\u00c9p\u00e9e Romaine 31.5&#8243; \u00c9p\u00e9e Romaine Authentique pour Collectionneurs D\u00e9couvrez la puissance de l&#8217;histoire avec cette \u00e9p\u00e9e romaine, une r\u00e9plique d&#8217;une \u00e9p\u00e9e de centurion. Avec une longueur totale de 31,5 pouces et une lame en acier inoxydable, cette \u00e9p\u00e9e est \u00e0 la fois impressionnante et durable. La surface grav\u00e9e et polie offre une sensation authentique et [&#8230;]\n","protected":false},"featured_media":58908,"template":"","meta":[],"product_brand":[],"product_cat":[1275],"product_tag":[],"class_list":{"0":"post-58911","1":"product","2":"type-product","3":"status-publish","4":"has-post-thumbnail","6":"product_cat-swords-europe","8":"first","9":"outofstock","10":"taxable","11":"shipping-taxable","12":"purchasable","13":"product-type-simple"},"_links":{"self":[{"href":"https:\/\/jjcustomworks.se\/fr\/wp-json\/wp\/v2\/product\/58911","targetHints":{"allow":["GET"]}}],"collection":[{"href":"https:\/\/jjcustomworks.se\/fr\/wp-json\/wp\/v2\/product"}],"about":[{"href":"https:\/\/jjcustomworks.se\/fr\/wp-json\/wp\/v2\/types\/product"}],"wp:featuredmedia":[{"embeddable":true,"href":"https:\/\/jjcustomworks.se\/fr\/wp-json\/wp\/v2\/media\/58908"}],"wp:attachment":[{"href":"https:\/\/jjcustomworks.se\/fr\/wp-json\/wp\/v2\/media?parent=58911"}],"wp:term":[{"taxonomy":"product_brand","embeddable":true,"href":"https:\/\/jjcustomworks.se\/fr\/wp-json\/wp\/v2\/product_brand?post=58911"},{"taxonomy":"product_cat","embeddable":true,"href":"https:\/\/jjcustomworks.se\/fr\/wp-json\/wp\/v2\/product_cat?post=58911"},{"taxonomy":"product_tag","embeddable":true,"href":"https:\/\/jjcustomworks.se\/fr\/wp-json\/wp\/v2\/product_tag?post=58911"}],"curies":[{"name":"wp","href":"https:\/\/api.w.org\/{rel}","templated":true}]}}