{"id":58906,"date":"2025-03-14T14:45:39","date_gmt":"2025-03-14T13:45:39","guid":{"rendered":"https:\/\/jjcustomworks.se\/product\/js-618b-jintachi-sword-42-overall\/"},"modified":"2025-12-01T13:48:34","modified_gmt":"2025-12-01T12:48:34","slug":"epee-js-618b-jintachi-42-longueur","status":"publish","type":"product","link":"https:\/\/jjcustomworks.se\/fr\/produit\/epee-js-618b-jintachi-42-longueur\/","title":{"rendered":"\u00c9p\u00e9e JS-618B Jintachi 42\" | \u00c9p\u00e9e D\u00e9corative"},"content":{"rendered":"<h1>\u00c9p\u00e9e JS-618B Jintachi 42\" de Longueur<\/h1>\n<h2><span class=\"ez-toc-section\" id=\"Epee_decorative_pour_mur_ou_support\"><\/span>\u00c9p\u00e9e d\u00e9corative pour mur ou support<span class=\"ez-toc-section-end\"><\/span><\/h2>\n<p>Cette \u00e9p\u00e9e JS-618B Jintachi est une belle d\u00e9coration \u00e0 accrocher au mur ou \u00e0 placer dans un pr\u00e9sentoir \u00e0 \u00e9p\u00e9e. Avec sa longueur de 42\" (environ 107 cm) et sa conception d\u00e9taill\u00e9e, elle attire tous les regards.<\/p>\n<h3><span class=\"ez-toc-section\" id=\"Information_produit\"><\/span>Informations sur le produit<span class=\"ez-toc-section-end\"><\/span><\/h3>\n<ul>\n <li><strong>Longueur:<\/strong> 42 pouces (environ 107 cm)<\/li>\n <li><strong>Mat\u00e9riel:<\/strong> Acier inoxydable<\/li>\n <li><strong>Mod\u00e8le:<\/strong> Deluxe Jintachi<\/li>\n <li><strong>Accessoires:<\/strong> Corde de transport en cuir incluse pour l'affichage<\/li>\n <li><strong>Gaine :<\/strong> Gaine laqu\u00e9e noire incluse<\/li>\n<\/ul>\n<p>L'\u00e9p\u00e9e est fabriqu\u00e9e en acier inoxydable et est livr\u00e9e avec une gaine laqu\u00e9e noire pour la protection et le stockage. Elle comprend \u00e9galement une corde de transport en cuir pour faciliter l'exposition. Parfait pour ceux qui recherchent un d\u00e9tail d\u00e9coratif avec une touche historique.<\/p>\n<p>Compl\u00e9tez votre collection avec cette magnifique <a href=\"https:\/\/jjcustomworks.se\/fr\/magasin\/\">\u00e9p\u00e9e d\u00e9corative<\/a> ou explorez notre gamme d'<a href=\"https:\/\/jjcustomworks.se\/fr\/categorie-de-produit\/autres_produits\/swords\/swords-japan\/\">objets de collection<\/a>. Visitez notre <a href=\"https:\/\/jjcustomworks.se\/fr\/\">page d&#039;accueil<\/a> pour d\u00e9couvrir d&#039;autres produits uniques.<\/p>","protected":false},"excerpt":{"rendered":"<p>\u00c9p\u00e9e JS-618B Jintachi 42&#8243; de Longueur \u00c9p\u00e9e d\u00e9corative pour mur ou support Cette \u00e9p\u00e9e JS-618B Jintachi est une belle d\u00e9coration \u00e0 accrocher au mur ou \u00e0 placer dans un pr\u00e9sentoir \u00e0 \u00e9p\u00e9e. Avec sa longueur de 42&#8243; (environ 107 cm) et sa conception d\u00e9taill\u00e9e, elle attire tous les regards. Information produit Longueur : 42 pouces [&#8230;]\n","protected":false},"featured_media":58905,"template":"","meta":[],"product_brand":[],"product_cat":[1275],"product_tag":[],"class_list":{"0":"post-58906","1":"product","2":"type-product","3":"status-publish","4":"has-post-thumbnail","6":"product_cat-swords-europe","8":"first","9":"outofstock","10":"sale","11":"taxable","12":"shipping-taxable","13":"purchasable","14":"product-type-simple"},"_links":{"self":[{"href":"https:\/\/jjcustomworks.se\/fr\/wp-json\/wp\/v2\/product\/58906","targetHints":{"allow":["GET"]}}],"collection":[{"href":"https:\/\/jjcustomworks.se\/fr\/wp-json\/wp\/v2\/product"}],"about":[{"href":"https:\/\/jjcustomworks.se\/fr\/wp-json\/wp\/v2\/types\/product"}],"wp:featuredmedia":[{"embeddable":true,"href":"https:\/\/jjcustomworks.se\/fr\/wp-json\/wp\/v2\/media\/58905"}],"wp:attachment":[{"href":"https:\/\/jjcustomworks.se\/fr\/wp-json\/wp\/v2\/media?parent=58906"}],"wp:term":[{"taxonomy":"product_brand","embeddable":true,"href":"https:\/\/jjcustomworks.se\/fr\/wp-json\/wp\/v2\/product_brand?post=58906"},{"taxonomy":"product_cat","embeddable":true,"href":"https:\/\/jjcustomworks.se\/fr\/wp-json\/wp\/v2\/product_cat?post=58906"},{"taxonomy":"product_tag","embeddable":true,"href":"https:\/\/jjcustomworks.se\/fr\/wp-json\/wp\/v2\/product_tag?post=58906"}],"curies":[{"name":"wp","href":"https:\/\/api.w.org\/{rel}","templated":true}]}}