{"id":58902,"date":"2025-03-14T14:45:32","date_gmt":"2025-03-14T13:45:32","guid":{"rendered":"https:\/\/jjcustomworks.se\/product\/hk-5517-medieval-sword-37-overall\/"},"modified":"2025-11-08T18:33:12","modified_gmt":"2025-11-08T17:33:12","slug":"epee-medievale-hk-5517-longueur-37","status":"publish","type":"product","link":"https:\/\/jjcustomworks.se\/fr\/produit\/epee-medievale-hk-5517-longueur-37\/","title":{"rendered":"\u00c9p\u00e9e M\u00e9di\u00e9vale HK-5517 37\" | Blades USA"},"content":{"rendered":"<h1>\u00c9p\u00e9e M\u00e9di\u00e9vale HK-5517 Longueur 37\"<\/h1>\n\n<h2><span class=\"ez-toc-section\" id=\"Epee_Medievale_Authentique_de_Blades_USA\"><\/span>\u00c9p\u00e9e M\u00e9di\u00e9vale Authentique de Blades USA<span class=\"ez-toc-section-end\"><\/span><\/h2>\n<p>D\u00e9couvrez la puissance de l'histoire avec la HK-5517, une \u00e9p\u00e9e m\u00e9di\u00e9vale de Blades USA. Cette \u00e9p\u00e9e, d'une longueur de 37 pouces, capture l'essence de l'\u00e8re de Robin de Locksley et est un ajout parfait \u00e0 la collection des passionn\u00e9s d'histoire et des collectionneurs. Plongez dans un \u00e2ge de chevaliers et d'h\u00e9ro\u00efsme avec cette incroyable \u00e9p\u00e9e. D\u00e9couvrez d'autres <a href=\"https:\/\/jjcustomworks.se\/fr\/magasin\/\">\u00e9p\u00e9es authentiques<\/a> dans notre collection.<\/p>\n\n<h2><span class=\"ez-toc-section\" id=\"Caracteristiques_et_avantages\"><\/span>Caract\u00e9ristiques et avantages<span class=\"ez-toc-section-end\"><\/span><\/h2>\n<ul>\n    <li><strong>Longueur de 37\" :<\/strong> Taille impressionnante qui procure une sensation authentique.<\/li>\n    <li><strong>Acier inoxydable:<\/strong> Fabriqu\u00e9e en acier inoxydable de haute qualit\u00e9 pour une durabilit\u00e9 et une utilisation \u00e0 long terme. Visitez notre <a href=\"https:\/\/jjcustomworks.se\/fr\/categorie-de-produit\/autres_produits\/swords\/swords-europe\/\">cat\u00e9gorie d&#039;armes historiques<\/a> pour plus d&#039;options.<\/li>\n    <li><strong>\u00c9p\u00e9e de Robin de Locksley :<\/strong> Inspir\u00e9e par la l\u00e9gende de Robin de Locksley.<\/li>\n    <li><strong>Ornement en M\u00e9tal Moul\u00e9 sur la Poign\u00e9e :<\/strong> Poign\u00e9e d\u00e9taill\u00e9e avec ornement en m\u00e9tal moul\u00e9 pour une apparence \u00e9l\u00e9gante.<\/li>\n    <li><strong>Comprend un Fourreau avec Ornement en M\u00e9tal Moul\u00e9 :<\/strong> Livr\u00e9e avec un fourreau assorti, \u00e9galement avec un ornement en m\u00e9tal moul\u00e9, pour un stockage et un transport s\u00fbrs. Explorez notre gamme de <a href=\"https:\/\/jjcustomworks.se\/fr\/\">produits Blades USA<\/a>.<\/li>\n<\/ul>","protected":false},"excerpt":{"rendered":"<p>\u00c9p\u00e9e M\u00e9di\u00e9vale HK-5517 Longueur 37&#8243; \u00c9p\u00e9e M\u00e9di\u00e9vale Authentique de Blades USA D\u00e9couvrez la puissance de l&#8217;histoire avec la HK-5517, une \u00e9p\u00e9e m\u00e9di\u00e9vale de Blades USA. Cette \u00e9p\u00e9e, d&#8217;une longueur de 37 pouces, capture l&#8217;essence de l&#8217;\u00e8re de Robin de Locksley et est un ajout parfait \u00e0 la collection des passionn\u00e9s d&#8217;histoire et des collectionneurs. Plongez [&#8230;]\n","protected":false},"featured_media":58898,"template":"","meta":[],"product_brand":[],"product_cat":[1275],"product_tag":[],"class_list":{"0":"post-58902","1":"product","2":"type-product","3":"status-publish","4":"has-post-thumbnail","6":"product_cat-swords-europe","8":"first","9":"outofstock","10":"sale","11":"taxable","12":"shipping-taxable","13":"purchasable","14":"product-type-simple"},"_links":{"self":[{"href":"https:\/\/jjcustomworks.se\/fr\/wp-json\/wp\/v2\/product\/58902","targetHints":{"allow":["GET"]}}],"collection":[{"href":"https:\/\/jjcustomworks.se\/fr\/wp-json\/wp\/v2\/product"}],"about":[{"href":"https:\/\/jjcustomworks.se\/fr\/wp-json\/wp\/v2\/types\/product"}],"wp:featuredmedia":[{"embeddable":true,"href":"https:\/\/jjcustomworks.se\/fr\/wp-json\/wp\/v2\/media\/58898"}],"wp:attachment":[{"href":"https:\/\/jjcustomworks.se\/fr\/wp-json\/wp\/v2\/media?parent=58902"}],"wp:term":[{"taxonomy":"product_brand","embeddable":true,"href":"https:\/\/jjcustomworks.se\/fr\/wp-json\/wp\/v2\/product_brand?post=58902"},{"taxonomy":"product_cat","embeddable":true,"href":"https:\/\/jjcustomworks.se\/fr\/wp-json\/wp\/v2\/product_cat?post=58902"},{"taxonomy":"product_tag","embeddable":true,"href":"https:\/\/jjcustomworks.se\/fr\/wp-json\/wp\/v2\/product_tag?post=58902"}],"curies":[{"name":"wp","href":"https:\/\/api.w.org\/{rel}","templated":true}]}}