{"id":58899,"date":"2025-03-14T14:45:32","date_gmt":"2025-03-14T13:45:32","guid":{"rendered":"https:\/\/jjcustomworks.se\/product\/decorative-historical-short-sword\/"},"modified":"2026-03-11T09:43:36","modified_gmt":"2026-03-11T08:43:36","slug":"epee-courte-historique-decorative-3","status":"publish","type":"product","link":"https:\/\/jjcustomworks.se\/fr\/produit\/epee-courte-historique-decorative-3\/","title":{"rendered":"\u00c9p\u00e9e Courte D\u00e9corative | R\u00e9plique Historique"},"content":{"rendered":"<h1><span class=\"ez-toc-section\" id=\"Epee_Courte_Historique_Decorative\"><\/span>\u00c9p\u00e9e courte historique d\u00e9corative<span class=\"ez-toc-section-end\"><\/span><\/h1>\n<h2><span class=\"ez-toc-section\" id=\"Une_epee_courte_historique_emblematique_pour_les_collectionneurs\"><\/span>Une \u00e9p\u00e9e courte historique embl\u00e9matique pour les collectionneurs<span class=\"ez-toc-section-end\"><\/span><\/h2>\n<p>Cette \u00e9p\u00e9e courte historique d\u00e9corative est parfaite pour les collectionneurs et les passionn\u00e9s d'histoire. Avec sa conception d\u00e9taill\u00e9e et sa construction de haute qualit\u00e9, c'est une r\u00e9plique impressionnante de l'\u00e9p\u00e9e courte du roi Salomon. C'est un excellent ajout \u00e0 toute collection et un objet de collection fantastique. D\u00e9couvrez d'autres <a href=\"https:\/\/jjcustomworks.se\/fr\/magasin\/\">r\u00e9pliques historiques<\/a> uniques dans notre boutique.<\/p>\n<h3><span class=\"ez-toc-section\" id=\"Details_du_produit\"><\/span>D\u00e9tails du produit<span class=\"ez-toc-section-end\"><\/span><\/h3>\n<ul>\n <li><strong>Longueur totale :<\/strong> 22 pouces<\/li>\n <li><strong>Longueur de la lame :<\/strong> 11 pouces<\/li>\n <li><strong>Mat\u00e9riel:<\/strong> Acier inoxydable<\/li>\n <li><strong>Conception:<\/strong> R\u00e9plique de l'\u00e9p\u00e9e courte du roi Salomon<\/li>\n <li><strong>Manche:<\/strong> Manche noir avec des ornements d\u00e9taill\u00e9s sur le pommeau<\/li>\n <li><strong>Gaine :<\/strong> Comprend une gaine noire pour un rangement s\u00fbr<\/li>\n<\/ul>\n<p>Cette \u00e9p\u00e9e courte est fabriqu\u00e9e avec une lame en acier inoxydable de 11 pouces, assurant durabilit\u00e9 et aspect authentique. Le manche noir est orn\u00e9 de d\u00e9corations d\u00e9taill\u00e9es sur le pommeau, ce qui rehausse son charme historique. La gaine noire incluse prot\u00e8ge la lame et facilite le rangement et l'exposition de votre \u00e9p\u00e9e. Explorez notre large s\u00e9lection d'<a href=\"https:\/\/jjcustomworks.se\/fr\/categorie-de-produit\/autres_produits\/swords\/swords-europe\/\">armes de collection<\/a> et trouvez le compl\u00e9ment parfait \u00e0 votre collection. Visite <a href=\"https:\/\/jjcustomworks.se\/fr\/\">notre site Web<\/a> pour voir toute notre gamme.<\/p>","protected":false},"excerpt":{"rendered":"<p>Hitta det perfekta dekorativa historiska kortsv\u00e4rdet f\u00f6r din samling eller som en unik present. Utforska v\u00e5rt sortiment av korta sv\u00e4rd med historiskt inspirerad design och kvalitetsmaterial. Uppt\u00e4ck v\u00e5ra exklusiva erbjudanden och k\u00f6p ditt dr\u00f6msv\u00e4rd idag.<\/p>","protected":false},"featured_media":58894,"template":"","meta":[],"product_brand":[],"product_cat":[1275],"product_tag":[],"class_list":{"0":"post-58899","1":"product","2":"type-product","3":"status-publish","4":"has-post-thumbnail","6":"product_cat-swords-europe","8":"first","9":"outofstock","10":"sale","11":"taxable","12":"shipping-taxable","13":"purchasable","14":"product-type-simple"},"_links":{"self":[{"href":"https:\/\/jjcustomworks.se\/fr\/wp-json\/wp\/v2\/product\/58899","targetHints":{"allow":["GET"]}}],"collection":[{"href":"https:\/\/jjcustomworks.se\/fr\/wp-json\/wp\/v2\/product"}],"about":[{"href":"https:\/\/jjcustomworks.se\/fr\/wp-json\/wp\/v2\/types\/product"}],"wp:featuredmedia":[{"embeddable":true,"href":"https:\/\/jjcustomworks.se\/fr\/wp-json\/wp\/v2\/media\/58894"}],"wp:attachment":[{"href":"https:\/\/jjcustomworks.se\/fr\/wp-json\/wp\/v2\/media?parent=58899"}],"wp:term":[{"taxonomy":"product_brand","embeddable":true,"href":"https:\/\/jjcustomworks.se\/fr\/wp-json\/wp\/v2\/product_brand?post=58899"},{"taxonomy":"product_cat","embeddable":true,"href":"https:\/\/jjcustomworks.se\/fr\/wp-json\/wp\/v2\/product_cat?post=58899"},{"taxonomy":"product_tag","embeddable":true,"href":"https:\/\/jjcustomworks.se\/fr\/wp-json\/wp\/v2\/product_tag?post=58899"}],"curies":[{"name":"wp","href":"https:\/\/api.w.org\/{rel}","templated":true}]}}