{"id":58856,"date":"2025-03-14T14:45:07","date_gmt":"2025-03-14T13:45:07","guid":{"rendered":"https:\/\/jjcustomworks.se\/product\/throwing-knife-cheap-throwing-knife-set-of-3\/"},"modified":"2026-03-16T21:04:35","modified_gmt":"2026-03-16T20:04:35","slug":"couteaux-de-lancer-3-pack-avec-etui","status":"publish","type":"product","link":"https:\/\/jjcustomworks.se\/fr\/produit\/couteaux-de-lancer-3-pack-avec-etui\/","title":{"rendered":"Couteaux de lancer 3-Pack avec \u00e9tui | PreMax"},"content":{"rendered":"<h1>COUTEAU DE LANCER - COUTEAU DE LANCER BON MARCH\u00c9 - Lot de 3 avec \u00e9tui en cuir !<\/h1>\n<h2><span class=\"ez-toc-section\" id=\"Couteaux_de_lancer_abordables_pour_le_sport_et_le_loisir\"><\/span>Couteaux de lancer abordables pour le sport et le loisir<span class=\"ez-toc-section-end\"><\/span><\/h2>\n<p>Ce lot de 3 couteaux de lancer PreMax offre un rapport qualit\u00e9-prix imbattable. Avec une longueur de 21,5 cm et un poids d'environ 100 grammes par couteau, ces couteaux de lancer sont id\u00e9aux pour les d\u00e9butants et les pratiquants exp\u00e9riment\u00e9s. Le lancer de couteau est un art et un sport ancien qui peut \u00eatre un plaisir pour toute la famille, et ces couteaux permettent de l'apprendre assez facilement avec un peu de patience.<\/p>\n<h3><span class=\"ez-toc-section\" id=\"Specifications\"><\/span>Caract\u00e9ristiques:<span class=\"ez-toc-section-end\"><\/span><\/h3>\n<ul>\n <li>Longueur : 21,5 cm<\/li>\n <li>Poids : ~100 grammes par couteau<\/li>\n <li>Livr\u00e9 en lot de 3 avec \u00e9tui en cuir<\/li>\n<\/ul>\n<p><b>Informations importantes sur la s\u00e9curit\u00e9 :<\/b> Veuillez noter que ces couteaux de lancer ne sont pas des jouets. Ils sont pointus et peuvent \u00eatre tranchants, ce qui n\u00e9cessite la surveillance d'un adulte. Une limite d'\u00e2ge de 18 ans s'applique \u00e0 l'achat. Ne jamais lancer en direction de personnes ou d'animaux et s'assurer qu'aucun objet fragile ne se trouve \u00e0 proximit\u00e9 de la cible. Ces couteaux de lancer sont uniquement destin\u00e9s \u00e0 \u00eatre utilis\u00e9s contre des cibles appropri\u00e9es. Les petits couteaux de lancer de moins de 10 pouces qui ne p\u00e8sent pas beaucoup peuvent \u00eatre lanc\u00e9s avec avantage sur des cibles de fl\u00e9chettes ordinaires. Pour les couteaux de comp\u00e9tition plus grands et plus lourds, une v\u00e9ritable cible en bois est recommand\u00e9e. Plusieurs couches de carton peuvent \u00e9galement servir de bonne cible. N'oubliez pas que l'acier rebondit sur l'acier et autres surfaces dures.<\/p>\n<p>D\u00e9couvrez notre gamme de <a href=\"https:\/\/jjcustomworks.se\/fr\/magasin\/\">couteaux PreMax<\/a> et explorez notre gamme de <a href=\"https:\/\/jjcustomworks.se\/fr\/categorie-de-produit\/fait-a-la-main\/couteaux-faits-a-la-main\/\">couteaux de lancer<\/a>. Visite <a href=\"https:\/\/jjcustomworks.se\/fr\/\">notre site Web<\/a> pour en savoir plus sur nos produits.<\/p>","protected":false},"excerpt":{"rendered":"<p>K\u00f6p en billig kastkniv i ett praktiskt 3-pack med l\u00e4derslida. Perfekt f\u00f6r b\u00e5de nyb\u00f6rjare och erfarna kastknivs-entusiaster. Best\u00e4ll idag och f\u00e5 snabb leverans!<\/p>","protected":false},"featured_media":58844,"template":"","meta":[],"product_brand":[],"product_cat":[908],"product_tag":[],"class_list":{"0":"post-58856","1":"product","2":"type-product","3":"status-publish","4":"has-post-thumbnail","6":"product_cat-kastkniv","8":"first","9":"instock","10":"sale","11":"taxable","12":"shipping-taxable","13":"purchasable","14":"product-type-simple"},"_links":{"self":[{"href":"https:\/\/jjcustomworks.se\/fr\/wp-json\/wp\/v2\/product\/58856","targetHints":{"allow":["GET"]}}],"collection":[{"href":"https:\/\/jjcustomworks.se\/fr\/wp-json\/wp\/v2\/product"}],"about":[{"href":"https:\/\/jjcustomworks.se\/fr\/wp-json\/wp\/v2\/types\/product"}],"wp:featuredmedia":[{"embeddable":true,"href":"https:\/\/jjcustomworks.se\/fr\/wp-json\/wp\/v2\/media\/58844"}],"wp:attachment":[{"href":"https:\/\/jjcustomworks.se\/fr\/wp-json\/wp\/v2\/media?parent=58856"}],"wp:term":[{"taxonomy":"product_brand","embeddable":true,"href":"https:\/\/jjcustomworks.se\/fr\/wp-json\/wp\/v2\/product_brand?post=58856"},{"taxonomy":"product_cat","embeddable":true,"href":"https:\/\/jjcustomworks.se\/fr\/wp-json\/wp\/v2\/product_cat?post=58856"},{"taxonomy":"product_tag","embeddable":true,"href":"https:\/\/jjcustomworks.se\/fr\/wp-json\/wp\/v2\/product_tag?post=58856"}],"curies":[{"name":"wp","href":"https:\/\/api.w.org\/{rel}","templated":true}]}}