{"id":58843,"date":"2025-03-14T14:45:01","date_gmt":"2025-03-14T13:45:01","guid":{"rendered":"https:\/\/jjcustomworks.se\/product\/js-667-oriental-sword-63-25-overall\/"},"modified":"2025-11-08T18:34:25","modified_gmt":"2025-11-08T17:34:25","slug":"js-667-epee-orientale-63-25-pouces","status":"publish","type":"product","link":"https:\/\/jjcustomworks.se\/fr\/produit\/js-667-epee-orientale-63-25-pouces\/","title":{"rendered":"\u00c9p\u00e9e Orientale 63.25\" | Blades USA"},"content":{"rendered":"<h1>JS-667 \u00c9p\u00e9e Orientale 63.25\" Total<\/h1>\n\n<h2><span class=\"ez-toc-section\" id=\"Caracteristiques_de_lepee_orientale\"><\/span>Caract\u00e9ristiques de l&#8217;\u00e9p\u00e9e orientale<span class=\"ez-toc-section-end\"><\/span><\/h2>\n\n<h3><span class=\"ez-toc-section\" id=\"Epee_de_presentation_au_design_traditionnel\"><\/span>\u00c9p\u00e9e de pr\u00e9sentation au design traditionnel<span class=\"ez-toc-section-end\"><\/span><\/h3>\n\n<p>Cette \u00e9p\u00e9e orientale JS-667 de Blades USA est une pi\u00e8ce de pr\u00e9sentation impressionnante, mesurant 63.25 pouces au total. Sa lame naginata, avec un design de guerre noir traditionnel, est fabriqu\u00e9e en acier inoxydable, assurant une construction \u00e9l\u00e9gante et durable. Le manche noir compl\u00e8te l'apparence g\u00e9n\u00e9rale de l'\u00e9p\u00e9e, ce qui en fait un excellent ajout \u00e0 la collection de tout passionn\u00e9 d'\u00e9p\u00e9es. Montrez votre passion pour les armes traditionnelles avec cette \u00e9p\u00e9e orientale unique.<\/p>\n\n<ul>\n <li><strong>Longueur totale :<\/strong> 63,25 pouces<\/li>\n <li><strong>Mat\u00e9riau de la lame :<\/strong> Acier inoxydable<\/li>\n <li><strong>Type de lame :<\/strong> Naginata avec lame de guerre noire traditionnelle<\/li>\n <li><strong>Manche:<\/strong> Noir<\/li>\n <li><strong>Usage:<\/strong> \u00c9p\u00e9e de pr\u00e9sentation<\/li>\n<\/ul>\n\n<p>Cette \u00e9p\u00e9e orientale est id\u00e9ale pour l'exposition et la collection. Obtenez la v\u00f4tre d\u00e8s aujourd'hui et ajoutez une touche de guerre orientale \u00e0 votre collection. Trouvez des <a href=\"https:\/\/jjcustomworks.se\/fr\/magasin\/\">armes orientales<\/a> similaires dans notre s\u00e9lection. Explorez \u00e9galement notre large gamme d'<a href=\"https:\/\/jjcustomworks.se\/fr\/categorie-de-produit\/autres_produits\/swords\/swords-japan\/\">\u00e9p\u00e9es<\/a> pour trouver d'autres objets d'exposition uniques. Visitez <a href=\"https:\/\/jjcustomworks.se\/fr\/\">notre site Web<\/a> pour voir toute notre gamme de produits.<\/p>","protected":false},"excerpt":{"rendered":"<p>JS-667 \u00c9p\u00e9e Orientale 63.25&#8243; Total Caract\u00e9ristiques de l&#8217;\u00e9p\u00e9e orientale \u00c9p\u00e9e de pr\u00e9sentation au design traditionnel Cette \u00e9p\u00e9e orientale JS-667 de Blades USA est une pi\u00e8ce de pr\u00e9sentation impressionnante, mesurant 63.25 pouces au total. Sa lame naginata, avec un design de guerre noir traditionnel, est fabriqu\u00e9e en acier inoxydable, assurant une construction \u00e9l\u00e9gante et durable. Le [&#8230;]\n","protected":false},"featured_media":58841,"template":"","meta":[],"product_brand":[],"product_cat":[1275],"product_tag":[],"class_list":{"0":"post-58843","1":"product","2":"type-product","3":"status-publish","4":"has-post-thumbnail","6":"product_cat-swords-europe","8":"first","9":"outofstock","10":"sale","11":"taxable","12":"shipping-taxable","13":"purchasable","14":"product-type-simple"},"_links":{"self":[{"href":"https:\/\/jjcustomworks.se\/fr\/wp-json\/wp\/v2\/product\/58843","targetHints":{"allow":["GET"]}}],"collection":[{"href":"https:\/\/jjcustomworks.se\/fr\/wp-json\/wp\/v2\/product"}],"about":[{"href":"https:\/\/jjcustomworks.se\/fr\/wp-json\/wp\/v2\/types\/product"}],"wp:featuredmedia":[{"embeddable":true,"href":"https:\/\/jjcustomworks.se\/fr\/wp-json\/wp\/v2\/media\/58841"}],"wp:attachment":[{"href":"https:\/\/jjcustomworks.se\/fr\/wp-json\/wp\/v2\/media?parent=58843"}],"wp:term":[{"taxonomy":"product_brand","embeddable":true,"href":"https:\/\/jjcustomworks.se\/fr\/wp-json\/wp\/v2\/product_brand?post=58843"},{"taxonomy":"product_cat","embeddable":true,"href":"https:\/\/jjcustomworks.se\/fr\/wp-json\/wp\/v2\/product_cat?post=58843"},{"taxonomy":"product_tag","embeddable":true,"href":"https:\/\/jjcustomworks.se\/fr\/wp-json\/wp\/v2\/product_tag?post=58843"}],"curies":[{"name":"wp","href":"https:\/\/api.w.org\/{rel}","templated":true}]}}