{"id":58842,"date":"2025-03-14T14:45:00","date_gmt":"2025-03-14T13:45:00","guid":{"rendered":"https:\/\/jjcustomworks.se\/product\/napoleon-pistol-with-2-barrels-france-1806-replica\/"},"modified":"2025-10-26T17:15:34","modified_gmt":"2025-10-26T16:15:34","slug":"replique-pistolet-napoleon-2-cannons-france-1806","status":"publish","type":"product","link":"https:\/\/jjcustomworks.se\/fr\/produit\/replique-pistolet-napoleon-2-cannons-france-1806\/","title":{"rendered":"REPLIQUE PISTOLET NAPOLEON 2 CANNONS, FRANCE 1806"},"content":{"rendered":"<h1><span class=\"ez-toc-section\" id=\"REPLIQUE_PISTOLET_NAPOLEON_2_CANNONS_FRANCE_1806\"><\/span>REPLIQUE PISTOLET NAPOLEON 2 CANNONS, FRANCE 1806<span class=\"ez-toc-section-end\"><\/span><\/h1>\n<h2><span class=\"ez-toc-section\" id=\"Replique_du_pistolet_de_Napoleon_de_1806\"><\/span>R\u00e9plique du pistolet de Napol\u00e9on de 1806<span class=\"ez-toc-section-end\"><\/span><\/h2>\n<p>Reproduction d'un pistolet \u00e0 silex \u00e0 2 canons, fabriqu\u00e9 en bois et en m\u00e9tal avec un m\u00e9canisme simulant le chargement et le tir. Ce pistolet a \u00e9t\u00e9 cr\u00e9\u00e9 pour Napol\u00e9on par son fabricant d'armes Jean-Baptiste Gribeauval \u00e0 Saint-\u00c9tienne en 1806, et porte l'insigne de l'Empereur sur la poign\u00e9e. Napol\u00e9on l'utilisait comme pistolet de voyage, et ses doubles canons lui offraient un avantage certain contre ses adversaires en raison de la lenteur du processus de rechargement des autres pistolets \u00e0 silex de cette \u00e9poque.<\/p>\n<p>Napol\u00e9on Bonaparte (1769-1821), Empereur des Fran\u00e7ais (1804-1815), consolida et institua bon nombre des r\u00e9formes de la R\u00e9volution fran\u00e7aise. Il est consid\u00e9r\u00e9 comme l'un des plus grands g\u00e9nies militaires de l'histoire et conqu\u00e9rant de la plus grande partie de l'Europe. Il commanda des campagnes de guerre tr\u00e8s r\u00e9ussies, bien qu'avec certaines d\u00e9faites similaires. Ses guerres de conqu\u00eate agressives sont devenues les plus grandes op\u00e9rations militaires connues jusqu'alors en Europe, impliquant un nombre de soldats jamais vu dans les arm\u00e9es de cette \u00e9poque.<\/p>\n<p>Sentez-vous comme un protagoniste de ces conqu\u00eates napol\u00e9oniennes du d\u00e9but du XIXe si\u00e8cle avec la r\u00e9plique DENIX de ce pistolet ! Avec un poids de 1 190 g et des dimensions de 37 cm, cette reproduction (R\u00c9F\u00c9RENCE 1026) est fid\u00e8le \u00e0 l'original. <a href=\"https:\/\/jjcustomworks.se\/fr\/magasin\/\">Explorez notre gamme de r\u00e9pliques d'armes<\/a> et revivez l'histoire. Ce <a href=\"https:\/\/jjcustomworks.se\/fr\/categorie-de-produit\/autres_produits\/replica-guns\/replicas-older-historical\/\">r\u00e9plique de pistolet<\/a> vous donne une sensation authentique de l'\u00e9poque napol\u00e9onienne. Visitez <a href=\"https:\/\/jjcustomworks.se\/fr\/\">notre site Web<\/a> pour voir toute notre s\u00e9lection.<\/p>\n<h3><span class=\"ez-toc-section\" id=\"Specifications\"><\/span>Caract\u00e9ristiques:<span class=\"ez-toc-section-end\"><\/span><\/h3>\n<ul>\n <li><strong>Mat\u00e9riel:<\/strong> Bois et m\u00e9tal<\/li>\n <li><strong>M\u00e9canisme:<\/strong> Chargement et tir simul\u00e9s<\/li>\n <li><strong>Origine:<\/strong> France, 1806<\/li>\n <li><strong>Poids:<\/strong> 1 190 g<\/li>\n <li><strong>Longueur:<\/strong> 37 cm<\/li>\n<\/ul>","protected":false},"excerpt":{"rendered":"<p>REPLIQUE PISTOLET NAPOLEON 2 CANNONS, FRANCE 1806 R\u00e9plique du pistolet de Napol\u00e9on de 1806 Reproduction d&#8217;un pistolet \u00e0 silex \u00e0 2 canons, fabriqu\u00e9 en bois et en m\u00e9tal avec un m\u00e9canisme simulant le chargement et le tir. Ce pistolet a \u00e9t\u00e9 cr\u00e9\u00e9 pour Napol\u00e9on par son fabricant d&#8217;armes Jean-Baptiste Gribeauval \u00e0 Saint-\u00c9tienne en 1806, et [&#8230;]\n","protected":false},"featured_media":58827,"template":"","meta":[],"product_brand":[],"product_cat":[4805],"product_tag":[],"class_list":{"0":"post-58842","1":"product","2":"type-product","3":"status-publish","4":"has-post-thumbnail","6":"product_cat-replicas-older-historical","8":"first","9":"instock","10":"sale","11":"taxable","12":"shipping-taxable","13":"purchasable","14":"product-type-simple"},"_links":{"self":[{"href":"https:\/\/jjcustomworks.se\/fr\/wp-json\/wp\/v2\/product\/58842","targetHints":{"allow":["GET"]}}],"collection":[{"href":"https:\/\/jjcustomworks.se\/fr\/wp-json\/wp\/v2\/product"}],"about":[{"href":"https:\/\/jjcustomworks.se\/fr\/wp-json\/wp\/v2\/types\/product"}],"wp:featuredmedia":[{"embeddable":true,"href":"https:\/\/jjcustomworks.se\/fr\/wp-json\/wp\/v2\/media\/58827"}],"wp:attachment":[{"href":"https:\/\/jjcustomworks.se\/fr\/wp-json\/wp\/v2\/media?parent=58842"}],"wp:term":[{"taxonomy":"product_brand","embeddable":true,"href":"https:\/\/jjcustomworks.se\/fr\/wp-json\/wp\/v2\/product_brand?post=58842"},{"taxonomy":"product_cat","embeddable":true,"href":"https:\/\/jjcustomworks.se\/fr\/wp-json\/wp\/v2\/product_cat?post=58842"},{"taxonomy":"product_tag","embeddable":true,"href":"https:\/\/jjcustomworks.se\/fr\/wp-json\/wp\/v2\/product_tag?post=58842"}],"curies":[{"name":"wp","href":"https:\/\/api.w.org\/{rel}","templated":true}]}}