{"id":58824,"date":"2025-03-14T14:44:54","date_gmt":"2025-03-14T13:44:54","guid":{"rendered":"https:\/\/jjcustomworks.se\/product\/perfect-point-g-304-5r-throwing-spikes\/"},"modified":"2026-03-30T12:37:32","modified_gmt":"2026-03-30T10:37:32","slug":"perfect-point-g-304-5r-pointes-de-lancer","status":"publish","type":"product","link":"https:\/\/jjcustomworks.se\/fr\/produit\/perfect-point-g-304-5r-pointes-de-lancer\/","title":{"rendered":"Perfect Point G-304-5R Pointes de Lancer | Jeu de 5"},"content":{"rendered":"<h1><span class=\"ez-toc-section\" id=\"Perfect_Point_G-304-5R_Pointes_de_Lancer\"><\/span>Perfect Point G-304-5R Pointes de Lancer<span class=\"ez-toc-section-end\"><\/span><\/h1>\n<h2><span class=\"ez-toc-section\" id=\"Jeu_de_5_pointes_de_lancer_pour_un_lancer_de_precision\"><\/span>Jeu de 5 pointes de lancer pour un lancer de pr\u00e9cision<span class=\"ez-toc-section-end\"><\/span><\/h2>\n<p>Cet ensemble comprend 5 pointes de lancer Perfect Point G-304-5R, parfaites pour les lanceurs d\u00e9butants et exp\u00e9riment\u00e9s. L'ensemble comprend \u00e9galement une feuille de nylon avec des sangles pour la fixer \u00e0 l'avant-bras, ce qui facilite le transport et l'utilisation de vos pointes de lancer. <a href=\"https:\/\/jjcustomworks.se\/fr\/magasin\/\">D\u00e9couvrez notre gamme d'autres couteaux de lancer<\/a> pour trouver plus d'options !<\/p>\n\n<h3><span class=\"ez-toc-section\" id=\"Caracteristiques_et_avantages\"><\/span>Caract\u00e9ristiques et avantages<span class=\"ez-toc-section-end\"><\/span><\/h3>\n<ul>\n <li><strong>Jeu de 5 pointes de lancer :<\/strong> Vous donne plusieurs pointes pour pratiquer et concourir.<\/li>\n <li><strong>Feuille de nylon avec sangles :<\/strong> Rangement s\u00fbr et confortable sur l'avant-bras.<\/li>\n <li><strong>Lumi\u00e8re:<\/strong> Chaque pointe ne p\u00e8se que 19 grammes, ce qui facilite la pr\u00e9cision et le contr\u00f4le.<\/li>\n <li><strong>Dimensions:<\/strong> 14 cm de long, ce qui les rend faciles \u00e0 manipuler.<\/li>\n <li><strong>Mat\u00e9riel:<\/strong> Fabriqu\u00e9 en acier inoxydable pour la durabilit\u00e9 et une longue dur\u00e9e de vie.<\/li>\n <li><strong>Facile \u00e0 aff\u00fbter :<\/strong> L'acier relativement doux permet de garder facilement les pointes aff\u00fbt\u00e9es.<\/li>\n<\/ul>\n\n<h3><span class=\"ez-toc-section\" id=\"Utilisation_et_securite\"><\/span>Utilisation et s\u00e9curit\u00e9<span class=\"ez-toc-section-end\"><\/span><\/h3>\n<p>Les pointes de lancer ne sont pas des jouets et doivent \u00eatre manipul\u00e9es avec soin. Entra\u00eenez-vous \u00e0 votre technique de lancer en commen\u00e7ant \u00e0 une courte distance et en augmentant progressivement la distance. N'oubliez pas qu'il faut de la patience pour ma\u00eetriser l'art du lancer sans rotation. <a href=\"https:\/\/jjcustomworks.se\/fr\/categorie-de-produit\/autres_produits\/swords\/swords-japan\/\">Consultez notre gamme de couteaux !<\/a><\/p>\n\n<p><strong>Consignes de s\u00e9curit\u00e9 :<\/strong><\/p>\n<ul>\n <li>Ne convient pas aux enfants sans la surveillance d&#039;un adulte.<\/li>\n <li>\u00c2ge limite de 18 ans pour l'achat.<\/li>\n <li>Ne jamais jeter vers des personnes ou des animaux.<\/li>\n <li>Assurez-vous qu\u2019il n\u2019y a pas d\u2019objets fragiles \u00e0 proximit\u00e9 de la cible.<\/li>\n<\/ul>\n\n<h3><span class=\"ez-toc-section\" id=\"Cible\"><\/span>Cible<span class=\"ez-toc-section-end\"><\/span><\/h3>\n<p>Utilisez une cible appropri\u00e9e. Les petits couteaux de lancer peuvent \u00eatre lanc\u00e9s sur des cibles de fl\u00e9chettes ordinaires, tandis que les couteaux plus grands et plus lourds n\u00e9cessitent une cible en bois. Plusieurs couches de carton peuvent \u00e9galement \u00eatre utilis\u00e9es comme cible. N'oubliez pas que l'acier peut rebondir sur des surfaces dures. <a href=\"https:\/\/jjcustomworks.se\/fr\/\">Visitez notre site Web<\/a>.\n<\/p>","protected":false},"excerpt":{"rendered":"<p>Letar du efter perfekta kastspikar? D\u00e5 \u00e4r Perfect Point G-304-5R Throwing Spikes det ultimata valet f\u00f6r dig. Dessa spikar \u00e4r tillverkade av h\u00f6gkvalitativt material och \u00e4r perfekta f\u00f6r kastning. Med deras precision och balans kommer du att kunna f\u00f6rb\u00e4ttra dina kastf\u00e4rdigheter p\u00e5 nolltid. Best\u00e4ll dina Perfect Point G-304-5R Throwing Spikes idag och ta ditt kastande till n\u00e4sta niv\u00e5!<\/p>","protected":false},"featured_media":58818,"template":"","meta":[],"product_brand":[],"product_cat":[908],"product_tag":[],"class_list":{"0":"post-58824","1":"product","2":"type-product","3":"status-publish","4":"has-post-thumbnail","6":"product_cat-kastkniv","8":"first","9":"outofstock","10":"sale","11":"taxable","12":"shipping-taxable","13":"purchasable","14":"product-type-simple"},"_links":{"self":[{"href":"https:\/\/jjcustomworks.se\/fr\/wp-json\/wp\/v2\/product\/58824","targetHints":{"allow":["GET"]}}],"collection":[{"href":"https:\/\/jjcustomworks.se\/fr\/wp-json\/wp\/v2\/product"}],"about":[{"href":"https:\/\/jjcustomworks.se\/fr\/wp-json\/wp\/v2\/types\/product"}],"wp:featuredmedia":[{"embeddable":true,"href":"https:\/\/jjcustomworks.se\/fr\/wp-json\/wp\/v2\/media\/58818"}],"wp:attachment":[{"href":"https:\/\/jjcustomworks.se\/fr\/wp-json\/wp\/v2\/media?parent=58824"}],"wp:term":[{"taxonomy":"product_brand","embeddable":true,"href":"https:\/\/jjcustomworks.se\/fr\/wp-json\/wp\/v2\/product_brand?post=58824"},{"taxonomy":"product_cat","embeddable":true,"href":"https:\/\/jjcustomworks.se\/fr\/wp-json\/wp\/v2\/product_cat?post=58824"},{"taxonomy":"product_tag","embeddable":true,"href":"https:\/\/jjcustomworks.se\/fr\/wp-json\/wp\/v2\/product_tag?post=58824"}],"curies":[{"name":"wp","href":"https:\/\/api.w.org\/{rel}","templated":true}]}}