{"id":58823,"date":"2025-03-14T14:44:53","date_gmt":"2025-03-14T13:44:53","guid":{"rendered":"https:\/\/jjcustomworks.se\/product\/cold-steel-emperor-series-katana-sword\/"},"modified":"2025-10-17T03:32:23","modified_gmt":"2025-10-17T01:32:23","slug":"cold-steel-emperor-katana","status":"publish","type":"product","link":"https:\/\/jjcustomworks.se\/fr\/produit\/cold-steel-emperor-katana\/","title":{"rendered":"Cold Steel Emperor Katana | Haute Qualit\u00e9"},"content":{"rendered":"<h1><span class=\"ez-toc-section\" id=\"Epee_Katana_Cold_Steel_Emperor_Series\"><\/span>\u00c9p\u00e9e Katana Cold Steel Emperor Series<span class=\"ez-toc-section-end\"><\/span><\/h1>\n<h2><span class=\"ez-toc-section\" id=\"Conception_et_materiaux_japonais_authentiques\"><\/span>Conception et mat\u00e9riaux japonais authentiques<span class=\"ez-toc-section-end\"><\/span><\/h2>\n<p>Le katana Cold Steel Emperor Series est con\u00e7u pour refl\u00e9ter les caract\u00e9ristiques les plus distinctives de la conception des \u00e9p\u00e9es japonaises. Nous utilisons uniquement des mat\u00e9riaux traditionnels pour notre Tsuba (garde), Fuchi (collier) et Kashira (pommeau). Chaque pi\u00e8ce est fabriqu\u00e9e de mani\u00e8re experte et finement travaill\u00e9e en maillechort. Le Habaki (collier de lame) est \u00e9galement fabriqu\u00e9 \u00e0 la main en maillechort, et la poign\u00e9e est recouverte de sam\u00e9 (peau de raie) et \u00e9troitement envelopp\u00e9e dans le style traditionnel avec un cordon de soie noire. Un magnifique Menuki (une petite sculpture ornementale ins\u00e9r\u00e9e entre la peau de raie et les enroulements de cordon) am\u00e9liore encore l'apparence de la poign\u00e9e.<\/p>\n<h3><span class=\"ez-toc-section\" id=\"Acier_au_carbone_1060_de_haute_qualite\"><\/span>Acier au carbone 1060 de haute qualit\u00e9<span class=\"ez-toc-section-end\"><\/span><\/h3>\n<p>Toutes nos \u00e9p\u00e9es Emperor sont dot\u00e9es de lames en acier au carbone 1060 enti\u00e8rement aff\u00fbt\u00e9es qui sont trait\u00e9es thermiquement pour un trempe \u00e0 ressort r\u00e9sistant. La lame est ensuite soigneusement finie \u00e0 la main avec un beau polissage miroir appliqu\u00e9 au fuller. Cela garantit \u00e0 la fois la nettet\u00e9 et la durabilit\u00e9 au combat. D\u00e9couvrez une \u00e9p\u00e9e de samoura\u00ef de la plus haute qualit\u00e9 qui combine tradition et technologie moderne. <!--First Link--><a href=\"https:\/\/jjcustomworks.se\/fr\/magasin\/\">Explorez notre s\u00e9lection d'\u00e9p\u00e9es Katana<\/a> et trouvez l'\u00e9p\u00e9e parfaite pour votre collection.<!--\/First Link--><\/p>\n<ul>\n<li>Produit\u00a0: 88K<\/li>\n<li>Poids\u00a0: 41,4\u00a0oz.<\/li>\n<li>\u00c9paisseur\u00a0: 9\/32\u00a0\u00bb<\/li>\n<li>Longueur de la lame\u00a0: 29\u00a01\/2\u00a0\u00bb<\/li>\n<li>Manche\u00a0: 11\u00a01\/4\u00a0\u00bb<\/li>\n<li>Acier\/mat\u00e9riau\u00a0: Carbone 1060<\/li>\n<li>Global\u00a0: 40\u00a03\/4\u00a0\u00bb<\/li>\n<li>Caract\u00e9ristique suppl\u00e9mentaire\u00a0: Manche Sam\u00e9 (peau de raie) avec cordon tress\u00e9 noir et Menuki en laiton. Fourreau en bois laqu\u00e9 noir.<\/li>\n<\/ul>\n<p>Plongez dans la culture des guerriers japonais avec cette impressionnante \u00e9p\u00e9e Katana. <!--Link to category-->Visitez notre <a href=\"https:\/\/jjcustomworks.se\/fr\/categorie-de-produit\/autres_produits\/swords\/swords-japan\/\">cat\u00e9gorie Katana<\/a> pour voir d&#039;autres produits similaires.<!--Link to category--> Avec son design authentique et ses mat\u00e9riaux de haute qualit\u00e9, cette \u00e9p\u00e9e est un incontournable pour tous les collectionneurs et passionn\u00e9s d'\u00e9p\u00e9es. <!--Link to home page-->Cliquez <a href=\"https:\/\/jjcustomworks.se\/fr\/\">ici<\/a> pour revenir \u00e0 notre page d'accueil et en d\u00e9couvrir davantage.<!--Link to home page--><\/p>","protected":false},"excerpt":{"rendered":"<p>\u00c9p\u00e9e Katana Cold Steel Emperor Series Conception et mat\u00e9riaux japonais authentiques Le katana Cold Steel Emperor Series est con\u00e7u pour refl\u00e9ter les caract\u00e9ristiques les plus distinctives de la conception des \u00e9p\u00e9es japonaises. Nous utilisons uniquement des mat\u00e9riaux traditionnels pour notre Tsuba (garde), Fuchi (collier) et Kashira (pommeau). Chaque pi\u00e8ce est fabriqu\u00e9e de mani\u00e8re experte et [&#8230;]\n","protected":false},"featured_media":58819,"template":"","meta":[],"product_brand":[],"product_cat":[1275],"product_tag":[],"class_list":{"0":"post-58823","1":"product","2":"type-product","3":"status-publish","4":"has-post-thumbnail","6":"product_cat-swords-europe","8":"first","9":"outofstock","10":"sale","11":"taxable","12":"shipping-taxable","13":"purchasable","14":"product-type-simple"},"_links":{"self":[{"href":"https:\/\/jjcustomworks.se\/fr\/wp-json\/wp\/v2\/product\/58823","targetHints":{"allow":["GET"]}}],"collection":[{"href":"https:\/\/jjcustomworks.se\/fr\/wp-json\/wp\/v2\/product"}],"about":[{"href":"https:\/\/jjcustomworks.se\/fr\/wp-json\/wp\/v2\/types\/product"}],"wp:featuredmedia":[{"embeddable":true,"href":"https:\/\/jjcustomworks.se\/fr\/wp-json\/wp\/v2\/media\/58819"}],"wp:attachment":[{"href":"https:\/\/jjcustomworks.se\/fr\/wp-json\/wp\/v2\/media?parent=58823"}],"wp:term":[{"taxonomy":"product_brand","embeddable":true,"href":"https:\/\/jjcustomworks.se\/fr\/wp-json\/wp\/v2\/product_brand?post=58823"},{"taxonomy":"product_cat","embeddable":true,"href":"https:\/\/jjcustomworks.se\/fr\/wp-json\/wp\/v2\/product_cat?post=58823"},{"taxonomy":"product_tag","embeddable":true,"href":"https:\/\/jjcustomworks.se\/fr\/wp-json\/wp\/v2\/product_tag?post=58823"}],"curies":[{"name":"wp","href":"https:\/\/api.w.org\/{rel}","templated":true}]}}