{"id":58822,"date":"2025-03-14T14:44:53","date_gmt":"2025-03-14T13:44:53","guid":{"rendered":"https:\/\/jjcustomworks.se\/product\/c-003-4-samurai-sword-set-42-overall-3-piece-set\/"},"modified":"2026-03-10T15:03:51","modified_gmt":"2026-03-10T14:03:51","slug":"ensemble-sabre-samourai-42-pouces-3-pieces","status":"publish","type":"product","link":"https:\/\/jjcustomworks.se\/fr\/produit\/ensemble-sabre-samourai-42-pouces-3-pieces\/","title":{"rendered":"Ensemble Sabre Samoura\u00ef 42\" 3 Pi\u00e8ces | Blades USA"},"content":{"rendered":"<h1>C-003\/4 Ensemble Sabre Samoura\u00ef 42\" Total, 3 Pi\u00e8ces<\/h1>\n<h2><span class=\"ez-toc-section\" id=\"Design_Samourai_Authentique_pour_Exposition\"><\/span>Design Samoura\u00ef Authentique pour Exposition<span class=\"ez-toc-section-end\"><\/span><\/h2>\n<p>Cet ensemble de 3 pi\u00e8ces de sabre samoura\u00ef C-003\/4 est parfait pour les collectionneurs et les passionn\u00e9s d'arts martiaux japonais traditionnels. Avec une longueur totale de 42\", ces sabres samoura\u00efs attirent l'attention. Chaque sabre est dot\u00e9 d'une lame en acier au carbone de 30\", offrant un \u00e9quilibre entre durabilit\u00e9 et tranchant. La finition \u00e9l\u00e9gante de la lame satin\u00e9e ajoute une touche de raffinement.<\/p>\n<h3><span class=\"ez-toc-section\" id=\"Details_de_Conception_et_de_Fabrication\"><\/span>D\u00e9tails de Conception et de Fabrication<span class=\"ez-toc-section-end\"><\/span><\/h3>\n<p>La poign\u00e9e pr\u00e9sente un motif de dragon complexe et un tsuba de dragon dor\u00e9, am\u00e9liorant l'attrait esth\u00e9tique du sabre. Le design d\u00e9taill\u00e9 capture l'essence de l'esprit samoura\u00ef. Pour mettre en valeur cet ensemble, un pr\u00e9sentoir est inclus. Parcourez notre s\u00e9lection de <a href=\"https:\/\/jjcustomworks.se\/fr\/magasin\/\">sabre de samoura\u00ef authentique<\/a> pour compl\u00e9ter votre collection. Cet ensemble est un incontournable pour tout collectionneur s\u00e9rieux. Explorez notre large gamme de <a href=\"https:\/\/jjcustomworks.se\/fr\/categorie-de-produit\/autres_produits\/swords\/swords-japan\/\">sabres et r\u00e9pliques<\/a> \u00e0 partir d&#039;aujourd&#039;hui !<\/p>\n<ul>\n <li><strong>Longueur totale :<\/strong> 42 pouces<\/li>\n <li><strong>Longueur de la lame :<\/strong> 30 pouces<\/li>\n <li><strong>Mat\u00e9riel:<\/strong> Acier au carbone<\/li>\n <li><strong>Finition:<\/strong> Satin\u00e9e<\/li>\n <li><strong>Conception :<\/strong> Poign\u00e9e de dragon avec tsuba de dragon dor\u00e9<\/li>\n <li><strong>Compris:<\/strong> Pr\u00e9sentateur<\/li>\n<\/ul>\n<p>Procurez-vous d\u00e8s maintenant votre ensemble de sabre samoura\u00ef et ajoutez une touche d'histoire japonaise \u00e0 votre int\u00e9rieur. Visitez <a href=\"https:\/\/jjcustomworks.se\/fr\/\">notre site Web<\/a> pour d\u00e9couvrir d'autres objets de collection uniques.<\/p>","protected":false},"excerpt":{"rendered":"<p>C-003\/4 SAMURAI SWORD SET \u00e4r ett set med tre sv\u00e4rd som har en total l\u00e4ngd p\u00e5 42 tum. Perfekt f\u00f6r samlare och entusiaster.<\/p>","protected":false},"featured_media":58820,"template":"","meta":[],"product_brand":[],"product_cat":[1275],"product_tag":[],"class_list":{"0":"post-58822","1":"product","2":"type-product","3":"status-publish","4":"has-post-thumbnail","6":"product_cat-swords-europe","8":"first","9":"instock","10":"sale","11":"taxable","12":"shipping-taxable","13":"purchasable","14":"product-type-simple"},"_links":{"self":[{"href":"https:\/\/jjcustomworks.se\/fr\/wp-json\/wp\/v2\/product\/58822","targetHints":{"allow":["GET"]}}],"collection":[{"href":"https:\/\/jjcustomworks.se\/fr\/wp-json\/wp\/v2\/product"}],"about":[{"href":"https:\/\/jjcustomworks.se\/fr\/wp-json\/wp\/v2\/types\/product"}],"wp:featuredmedia":[{"embeddable":true,"href":"https:\/\/jjcustomworks.se\/fr\/wp-json\/wp\/v2\/media\/58820"}],"wp:attachment":[{"href":"https:\/\/jjcustomworks.se\/fr\/wp-json\/wp\/v2\/media?parent=58822"}],"wp:term":[{"taxonomy":"product_brand","embeddable":true,"href":"https:\/\/jjcustomworks.se\/fr\/wp-json\/wp\/v2\/product_brand?post=58822"},{"taxonomy":"product_cat","embeddable":true,"href":"https:\/\/jjcustomworks.se\/fr\/wp-json\/wp\/v2\/product_cat?post=58822"},{"taxonomy":"product_tag","embeddable":true,"href":"https:\/\/jjcustomworks.se\/fr\/wp-json\/wp\/v2\/product_tag?post=58822"}],"curies":[{"name":"wp","href":"https:\/\/api.w.org\/{rel}","templated":true}]}}