{"id":58817,"date":"2025-03-14T14:44:47","date_gmt":"2025-03-14T13:44:47","guid":{"rendered":"https:\/\/jjcustomworks.se\/product\/twin-sword-double-short-swords-hk-1024\/"},"modified":"2026-04-08T05:47:42","modified_gmt":"2026-04-08T03:47:42","slug":"epees-jumelles-doubles-epees-courtes","status":"publish","type":"product","link":"https:\/\/jjcustomworks.se\/fr\/produit\/epees-jumelles-doubles-epees-courtes\/","title":{"rendered":"\u00c9p\u00e9es Jumelles - Doubles \u00c9p\u00e9es Courtes | Blades USA"},"content":{"rendered":"<h1>\u00c9p\u00e9es jumelles - \u00c9p\u00e9es courtes doubles<\/h1>\n<h2><span class=\"ez-toc-section\" id=\"Epees_Jumelles_Courtes_avec_Lames_Argentees\"><\/span>\u00c9p\u00e9es Jumelles Courtes avec Lames Argent\u00e9es<span class=\"ez-toc-section-end\"><\/span><\/h2>\n<p>Cet ensemble d'\u00e9p\u00e9es jumelles de Blades USA, mod\u00e8le hk-1024, combine agilit\u00e9 et design unique. Avec une longueur totale de 26,75 pouces, ces \u00e9p\u00e9es courtes sont parfaites pour les collectionneurs et ceux qui appr\u00e9cient les objets sp\u00e9ciaux. Les lames argent\u00e9es en acier inoxydable assurent la durabilit\u00e9 et ajoutent une touche \u00e9l\u00e9gante.<\/p>\n<h3><span class=\"ez-toc-section\" id=\"Caracteristiques\"><\/span>Caract\u00e9ristiques:<span class=\"ez-toc-section-end\"><\/span><\/h3>\n<ul>\n <li><strong>Longueur totale :<\/strong> 26,75 pouces<\/li>\n <li><strong>Mat\u00e9riel:<\/strong> Acier inoxydable<\/li>\n <li><strong>Couleur de la lame :<\/strong> Argent<\/li>\n <li><strong>Caract\u00e9ristiques:<\/strong> \u00c9p\u00e9es jumelles avec \u00e9tui m\u00e9tallique \u00e0 verrouillage par bouton<\/li>\n<\/ul>\n<p>Chaque \u00e9p\u00e9e est fabriqu\u00e9e en acier inoxydable, ce qui leur permet de conserver leur tranchant et leur finition au fil du temps. Les lames argent\u00e9es offrent une esth\u00e9tique sophistiqu\u00e9e qui compl\u00e8te le design pratique. Rangez vos \u00e9p\u00e9es jumelles en toute s\u00e9curit\u00e9 dans l'\u00e9tui m\u00e9tallique inclus, \u00e9quip\u00e9 d'un verrouillage par bouton pour un rangement s\u00e9curis\u00e9. D\u00e9couvrez d'autres <a href=\"https:\/\/jjcustomworks.se\/fr\/magasin\/\">objets de collection<\/a> uniques dans notre s\u00e9lection. Visitez notre <a href=\"https:\/\/jjcustomworks.se\/fr\/categorie-de-produit\/autres_produits\/swords\/swords-japan\/\">cat\u00e9gorie d&#039;armes<\/a> pour voir des produits similaires, ou consultez notre <a href=\"https:\/\/jjcustomworks.se\/fr\/\">page d&#039;accueil<\/a> pour d\u00e9couvrir toute notre gamme.<\/p>","protected":false},"excerpt":{"rendered":"<p>Tvillingsv\u00e4rd &#8211; Dubbla korta sv\u00e4rd &#8211; hk-1024 \u00e4r den perfekta l\u00f6sningen f\u00f6r dig som letar efter ett par smidiga och effektiva sv\u00e4rd. Dessa tv\u00e5 korta sv\u00e4rd \u00e4r tillverkade av h\u00f6gkvalitativt material och har en l\u00e4ngd p\u00e5 1024 cm. Med deras dubbla blad kan du enkelt hantera olika stridsstilar och maximera din tr\u00e4ning. Skaffa hk-1024 tvillingsv\u00e4rd idag och ta din stridskonst till n\u00e4sta niv\u00e5!<\/p>","protected":false},"featured_media":58806,"template":"","meta":[],"product_brand":[],"product_cat":[1275],"product_tag":[],"class_list":{"0":"post-58817","1":"product","2":"type-product","3":"status-publish","4":"has-post-thumbnail","6":"product_cat-swords-europe","8":"first","9":"instock","10":"sale","11":"taxable","12":"shipping-taxable","13":"purchasable","14":"product-type-simple"},"_links":{"self":[{"href":"https:\/\/jjcustomworks.se\/fr\/wp-json\/wp\/v2\/product\/58817","targetHints":{"allow":["GET"]}}],"collection":[{"href":"https:\/\/jjcustomworks.se\/fr\/wp-json\/wp\/v2\/product"}],"about":[{"href":"https:\/\/jjcustomworks.se\/fr\/wp-json\/wp\/v2\/types\/product"}],"wp:featuredmedia":[{"embeddable":true,"href":"https:\/\/jjcustomworks.se\/fr\/wp-json\/wp\/v2\/media\/58806"}],"wp:attachment":[{"href":"https:\/\/jjcustomworks.se\/fr\/wp-json\/wp\/v2\/media?parent=58817"}],"wp:term":[{"taxonomy":"product_brand","embeddable":true,"href":"https:\/\/jjcustomworks.se\/fr\/wp-json\/wp\/v2\/product_brand?post=58817"},{"taxonomy":"product_cat","embeddable":true,"href":"https:\/\/jjcustomworks.se\/fr\/wp-json\/wp\/v2\/product_cat?post=58817"},{"taxonomy":"product_tag","embeddable":true,"href":"https:\/\/jjcustomworks.se\/fr\/wp-json\/wp\/v2\/product_tag?post=58817"}],"curies":[{"name":"wp","href":"https:\/\/api.w.org\/{rel}","templated":true}]}}