{"id":58798,"date":"2025-03-14T14:44:36","date_gmt":"2025-03-14T13:44:36","guid":{"rendered":"https:\/\/jjcustomworks.se\/product\/replica-of-pattern-1861-enfield-musketoon-england-1861\/"},"modified":"2025-10-16T22:24:36","modified_gmt":"2025-10-16T20:24:36","slug":"replique-mousqueton-enfield-1861","status":"publish","type":"product","link":"https:\/\/jjcustomworks.se\/fr\/produit\/replique-mousqueton-enfield-1861\/","title":{"rendered":"R\u00e9plique du mousqueton Enfield 1861 | DENIX"},"content":{"rendered":"<h1><span class=\"ez-toc-section\" id=\"Replique_du_mousqueton_Enfield_modele_1861_Angleterre_1861\"><\/span>R\u00e9plique du mousqueton Enfield mod\u00e8le 1861, Angleterre 1861<span class=\"ez-toc-section-end\"><\/span><\/h1>\n<h2><span class=\"ez-toc-section\" id=\"Reproduction_Autentique_dune_carabine_anglaise_de_1861\"><\/span>Reproduction Autentique d&#8217;une carabine anglaise de 1861<span class=\"ez-toc-section-end\"><\/span><\/h2>\n<p>Revivez l'histoire avec cette r\u00e9plique d\u00e9taill\u00e9e d'une carabine anglaise de 1861. Fabriqu\u00e9e en m\u00e9tal et en bois, elle recr\u00e9e fid\u00e8lement l'apparence de l'original, y compris un m\u00e9canisme simul\u00e9 de chargement et de tir. Parfait pour les collectionneurs et les passionn\u00e9s d'histoire. D\u00e9couvrez notre s\u00e9lection d'<a href=\"https:\/\/jjcustomworks.se\/fr\/magasin\/\">autres r\u00e9pliques de fusils<\/a> \u00e0 partir d&#039;aujourd&#039;hui !<\/p>\n<h3><span class=\"ez-toc-section\" id=\"Enfield_1861_Le_choix_de_lartillerie_pendant_la_guerre_de_Secession\"><\/span>Enfield 1861 : Le choix de l&#8217;artillerie pendant la guerre de S\u00e9cession<span class=\"ez-toc-section-end\"><\/span><\/h3>\n<p>L'Enfield 1861 \u00e9tait une version plus courte de l'Enfield 1853 et \u00e9tait largement utilis\u00e9e au sein de l'Empire britannique, principalement par les unit\u00e9s d'artillerie pour la d\u00e9fense personnelle. Pendant la guerre de S\u00e9cession (1861-1865), c'\u00e9tait la carabine la plus utilis\u00e9e, populaire parmi les unit\u00e9s d'artillerie et de cavalerie. Les troupes conf\u00e9d\u00e9r\u00e9es, en particulier, ont import\u00e9 de grandes quantit\u00e9s de fusils Enfield aupr\u00e8s de fournisseurs priv\u00e9s et d'armuriers. Apprenez-en davantage sur <a href=\"https:\/\/jjcustomworks.se\/fr\/categorie-de-produit\/autres_produits\/swords\/swords-japan\/\">nos r\u00e9pliques d'armes<\/a> et trouvez le mod\u00e8le parfait pour votre collection.<\/p>\n<h3><span class=\"ez-toc-section\" id=\"Description_detaillee_du_modele_Enfield_1861\"><\/span>Description d\u00e9taill\u00e9e du mod\u00e8le Enfield 1861<span class=\"ez-toc-section-end\"><\/span><\/h3>\n<ul>\n <li><b>Calibre :<\/b> 15mm (.577)<\/li>\n <li><b>Taper :<\/b> Chargement par la bouche<\/li>\n <li><b>Construction :<\/b> Canon en acier fix\u00e9 aux prot\u00e8ge-mains par deux colliers m\u00e9talliques<\/li>\n <li><b>Caract\u00e9ristiques:<\/b> Le canon n'avait que trois rayures<\/li>\n <li><b>Munitions :<\/b> Utilisait g\u00e9n\u00e9ralement des balles Mini\u00e9, fabriqu\u00e9es en coupant un \u00e9pais fil de plomb pour augmenter la r\u00e9sistance.<\/li>\n<\/ul>\n<h3><span class=\"ez-toc-section\" id=\"Une_replique_fidele_et_appreciee\"><\/span>Une r\u00e9plique fid\u00e8le et appr\u00e9ci\u00e9e<span class=\"ez-toc-section-end\"><\/span><\/h3>\n<p>Profitez de cette r\u00e9plique DENIX de la carabine Enfield 1861, un favori parmi les reconstitueurs et les collectionneurs d'armes. Sa qualit\u00e9, sa pr\u00e9cision et sa fid\u00e9lit\u00e9 historique en font un ajout pr\u00e9cieux \u00e0 toute collection. Visitez <a href=\"https:\/\/jjcustomworks.se\/fr\/\">notre boutique en ligne<\/a> pour voir notre gamme compl\u00e8te.<\/p>\n<p><b>R\u00e9f\u00e9rence:<\/b> 1046<br>\n<b>Dimensions:<\/b> 102 cm<br>\n<b>Poids:<\/b> 2,320 g<\/p>","protected":false},"excerpt":{"rendered":"<p>R\u00e9plique du mousqueton Enfield mod\u00e8le 1861, Angleterre 1861 Reproduction Autentique d&#8217;une carabine anglaise de 1861 Revivez l&#8217;histoire avec cette r\u00e9plique d\u00e9taill\u00e9e d&#8217;une carabine anglaise de 1861. Fabriqu\u00e9e en m\u00e9tal et en bois, elle recr\u00e9e fid\u00e8lement l&#8217;apparence de l&#8217;original, y compris un m\u00e9canisme simul\u00e9 de chargement et de tir. Parfait pour les collectionneurs et les passionn\u00e9s [&#8230;]\n","protected":false},"featured_media":58796,"template":"","meta":[],"product_brand":[],"product_cat":[4805],"product_tag":[],"class_list":{"0":"post-58798","1":"product","2":"type-product","3":"status-publish","4":"has-post-thumbnail","6":"product_cat-replicas-older-historical","8":"first","9":"outofstock","10":"sale","11":"taxable","12":"shipping-taxable","13":"purchasable","14":"product-type-simple"},"_links":{"self":[{"href":"https:\/\/jjcustomworks.se\/fr\/wp-json\/wp\/v2\/product\/58798","targetHints":{"allow":["GET"]}}],"collection":[{"href":"https:\/\/jjcustomworks.se\/fr\/wp-json\/wp\/v2\/product"}],"about":[{"href":"https:\/\/jjcustomworks.se\/fr\/wp-json\/wp\/v2\/types\/product"}],"wp:featuredmedia":[{"embeddable":true,"href":"https:\/\/jjcustomworks.se\/fr\/wp-json\/wp\/v2\/media\/58796"}],"wp:attachment":[{"href":"https:\/\/jjcustomworks.se\/fr\/wp-json\/wp\/v2\/media?parent=58798"}],"wp:term":[{"taxonomy":"product_brand","embeddable":true,"href":"https:\/\/jjcustomworks.se\/fr\/wp-json\/wp\/v2\/product_brand?post=58798"},{"taxonomy":"product_cat","embeddable":true,"href":"https:\/\/jjcustomworks.se\/fr\/wp-json\/wp\/v2\/product_cat?post=58798"},{"taxonomy":"product_tag","embeddable":true,"href":"https:\/\/jjcustomworks.se\/fr\/wp-json\/wp\/v2\/product_tag?post=58798"}],"curies":[{"name":"wp","href":"https:\/\/api.w.org\/{rel}","templated":true}]}}