{"id":58797,"date":"2025-03-14T14:44:36","date_gmt":"2025-03-14T13:44:36","guid":{"rendered":"https:\/\/jjcustomworks.se\/product\/dolphin-different-oil-lighter-4\/"},"modified":"2025-11-14T05:19:35","modified_gmt":"2025-11-14T04:19:35","slug":"dolphin-briquet-a-essence-unique","status":"publish","type":"product","link":"https:\/\/jjcustomworks.se\/fr\/produit\/dolphin-briquet-a-essence-unique\/","title":{"rendered":"Dolphin Briquet \u00e0 Essence Unique | Pierre \u00e0 Feu"},"content":{"rendered":"<h1>Briquet Dolphin - Essence Unique<\/h1>\n\n<h2><span class=\"ez-toc-section\" id=\"Briquet_a_essence_innovant_avec_pierre_a_feu\"><\/span>Briquet \u00e0 essence innovant avec pierre \u00e0 feu<span class=\"ez-toc-section-end\"><\/span><\/h2>\n\n<p>D\u00e9couvrez la commodit\u00e9 du <strong>briquet \u00e0 essence Dolphin<\/strong>, une combinaison unique de pierre \u00e0 feu et de percuteur int\u00e9gr\u00e9e \u00e0 un r\u00e9servoir de carburant. Ce briquet unique est con\u00e7u pour \u00eatre \u00e0 la fois fonctionnel et facile \u00e0 utiliser, ce qui en fait un excellent choix pour tous vos besoins d'allumage. Simplifiez le processus d'allumage d'un feu et explorez notre gamme d'<a href=\"https:\/\/jjcustomworks.se\/fr\/magasin\/\">autres briquets<\/a>.<\/p>\n\n<h3><span class=\"ez-toc-section\" id=\"Conception_Tout-en-Un\"><\/span>Conception tout-en-un<span class=\"ez-toc-section-end\"><\/span><\/h3>\n\n<p>Cette conception intelligente combine une pierre \u00e0 feu, un percuteur et un r\u00e9servoir de carburant en une seule unit\u00e9. Avec la m\u00e8che strat\u00e9giquement plac\u00e9e en haut, le <strong>briquet Dolphin<\/strong> est toujours pr\u00eat \u00e0 l'emploi. Cette construction minimise le besoin de pi\u00e8ces d\u00e9tach\u00e9es et simplifie la manipulation dans toutes les situations. L'avantage d'une solution int\u00e9gr\u00e9e le rend parfait pour les activit\u00e9s de plein air. D\u00e9couvrez-en davantage sur nos <a href=\"https:\/\/jjcustomworks.se\/fr\/categorie-de-produit\/briquets-a-gaz-et-a-essence\/\">produits de plein air<\/a>.<\/p>\n\n<h3><span class=\"ez-toc-section\" id=\"Pret_a_lemploi_hors_carburant\"><\/span>Pr\u00eat \u00e0 l&#8217;emploi (hors carburant)<span class=\"ez-toc-section-end\"><\/span><\/h3>\n\n<p>Sourire <strong>briquet \u00e0 essence Dolphin<\/strong> est livr\u00e9 pr\u00eat \u00e0 l'emploi d\u00e8s sa sortie de l'emballage, \u00e0 l'exception du carburant. Remplissez simplement avec votre essence pr\u00e9f\u00e9r\u00e9e et vous \u00eates pr\u00eat \u00e0 allumer un feu, que ce soit pour le camping, la randonn\u00e9e ou simplement pour allumer des bougies \u00e0 la maison. Le briquet est un incontournable de votre \u00e9quipement. Visitez notre <a href=\"https:\/\/jjcustomworks.se\/fr\/\">page d&#039;accueil<\/a> pour voir plus de produits.<\/p>","protected":false},"excerpt":{"rendered":"<p>Dolphin &#8211; Briquet \u00e0 Essence Unique Briquet \u00e0 essence innovant avec pierre \u00e0 feu D\u00e9couvrez la commodit\u00e9 du briquet \u00e0 essence Dolphin, une combinaison unique de pierre \u00e0 feu et de percuteur int\u00e9gr\u00e9e \u00e0 un r\u00e9servoir de carburant. Ce briquet unique est con\u00e7u pour \u00eatre \u00e0 la fois fonctionnel et facile \u00e0 utiliser, ce qui [&#8230;]\n","protected":false},"featured_media":58791,"template":"","meta":[],"product_brand":[],"product_cat":[877],"product_tag":[],"class_list":{"0":"post-58797","1":"product","2":"type-product","3":"status-publish","4":"has-post-thumbnail","6":"product_cat-bensintandare","8":"first","9":"outofstock","10":"sale","11":"taxable","12":"shipping-taxable","13":"purchasable","14":"product-type-simple"},"_links":{"self":[{"href":"https:\/\/jjcustomworks.se\/fr\/wp-json\/wp\/v2\/product\/58797","targetHints":{"allow":["GET"]}}],"collection":[{"href":"https:\/\/jjcustomworks.se\/fr\/wp-json\/wp\/v2\/product"}],"about":[{"href":"https:\/\/jjcustomworks.se\/fr\/wp-json\/wp\/v2\/types\/product"}],"wp:featuredmedia":[{"embeddable":true,"href":"https:\/\/jjcustomworks.se\/fr\/wp-json\/wp\/v2\/media\/58791"}],"wp:attachment":[{"href":"https:\/\/jjcustomworks.se\/fr\/wp-json\/wp\/v2\/media?parent=58797"}],"wp:term":[{"taxonomy":"product_brand","embeddable":true,"href":"https:\/\/jjcustomworks.se\/fr\/wp-json\/wp\/v2\/product_brand?post=58797"},{"taxonomy":"product_cat","embeddable":true,"href":"https:\/\/jjcustomworks.se\/fr\/wp-json\/wp\/v2\/product_cat?post=58797"},{"taxonomy":"product_tag","embeddable":true,"href":"https:\/\/jjcustomworks.se\/fr\/wp-json\/wp\/v2\/product_tag?post=58797"}],"curies":[{"name":"wp","href":"https:\/\/api.w.org\/{rel}","templated":true}]}}