{"id":58795,"date":"2025-03-14T14:44:36","date_gmt":"2025-03-14T13:44:36","guid":{"rendered":"https:\/\/jjcustomworks.se\/product\/dolphin-different-oil-lighter-3\/"},"modified":"2025-11-22T21:33:37","modified_gmt":"2025-11-22T20:33:37","slug":"briquet-a-essence-unique-dolphin","status":"publish","type":"product","link":"https:\/\/jjcustomworks.se\/fr\/produit\/briquet-a-essence-unique-dolphin\/","title":{"rendered":"Briquet \u00e0 Essence Unique Dolphin | Dolphin"},"content":{"rendered":"<h1>Briquet Dolphin - Essence Unique<\/h1>\n<h2><span class=\"ez-toc-section\" id=\"Briquet_avec_Tige_de_Fer_et_Reservoir\"><\/span>Briquet avec Tige de Fer et R\u00e9servoir<span class=\"ez-toc-section-end\"><\/span><\/h2>\n<p>Sourire <strong>Briquet \u00e0 essence Dolphin<\/strong> est une solution unique qui combine une tige de fer et un percuteur avec une m\u00e8che en haut, int\u00e9gr\u00e9e \u00e0 un r\u00e9servoir de carburant. Cette conception tout-en-un innovante en fait un briquet pratique et unique pour divers besoins. Imaginez avoir toujours un briquet fiable \u00e0 port\u00e9e de main, que vous soyez \u00e0 la maison, en camping ou que vous ayez besoin d'allumer une bougie. Ce briquet \u00e0 essence vous assure d'\u00eatre pr\u00e9par\u00e9.<\/p>\n<h3><span class=\"ez-toc-section\" id=\"Caracteristiques_de_la_Tige_de_Fer_et_du_Percuteur\"><\/span>Caract\u00e9ristiques de la Tige de Fer et du Percuteur<span class=\"ez-toc-section-end\"><\/span><\/h3>\n<p>Avec son syst\u00e8me int\u00e9gr\u00e9 de tige de fer et de percuteur, ce briquet offre une source d'allumage fiable. La m\u00e8che en haut permet d'obtenir une flamme rapidement et efficacement. Cette fonctionnalit\u00e9 est particuli\u00e8rement utile dans les situations o\u00f9 les briquets traditionnels peuvent \u00e9chouer.<\/p>\n<h3><span class=\"ez-toc-section\" id=\"Reservoir_de_Carburant\"><\/span>R\u00e9servoir de Carburant<span class=\"ez-toc-section-end\"><\/span><\/h3>\n<p>Le r\u00e9servoir de carburant int\u00e9gr\u00e9 \u00e9limine le besoin de transporter du carburant s\u00e9par\u00e9. Cela rend le briquet compact et pratique \u00e0 utiliser. N'oubliez pas que le <a href=\"https:\/\/jjcustomworks.se\/fr\/magasin\/\">briquet est livr\u00e9 pr\u00eat \u00e0 l'emploi<\/a>, mais vous devez le remplir de carburant avant de l'utiliser. Pour d\u00e9couvrir plus de <a href=\"https:\/\/jjcustomworks.se\/fr\/categorie-de-produit\/briquets-a-gaz-et-a-essence\/\">briquettes<\/a>, visitez notre page cat\u00e9gorie.<\/p>\n<p>Ce briquet est parfait pour tous ceux qui recherchent une solution fiable et polyvalente pour faire du feu. Obtenez votre propre <a href=\"https:\/\/jjcustomworks.se\/fr\/\">briquet \u00e0 essence Dolphin<\/a> \u00e0 partir d&#039;aujourd&#039;hui !<\/p>","protected":false},"excerpt":{"rendered":"<p>Dolphin &#8211; Briquet \u00e0 Essence Unique Briquet avec Tige de Fer et R\u00e9servoir Le Dolphin &#8211; Briquet \u00e0 Essence est une solution unique qui combine une tige de fer et un percuteur avec une m\u00e8che en haut, int\u00e9gr\u00e9e \u00e0 un r\u00e9servoir de carburant. Cette conception tout-en-un innovante en fait un briquet pratique et unique pour [&#8230;]\n","protected":false},"featured_media":58790,"template":"","meta":[],"product_brand":[],"product_cat":[877],"product_tag":[],"class_list":{"0":"post-58795","1":"product","2":"type-product","3":"status-publish","4":"has-post-thumbnail","6":"product_cat-bensintandare","8":"first","9":"instock","10":"sale","11":"taxable","12":"shipping-taxable","13":"purchasable","14":"product-type-simple"},"_links":{"self":[{"href":"https:\/\/jjcustomworks.se\/fr\/wp-json\/wp\/v2\/product\/58795","targetHints":{"allow":["GET"]}}],"collection":[{"href":"https:\/\/jjcustomworks.se\/fr\/wp-json\/wp\/v2\/product"}],"about":[{"href":"https:\/\/jjcustomworks.se\/fr\/wp-json\/wp\/v2\/types\/product"}],"wp:featuredmedia":[{"embeddable":true,"href":"https:\/\/jjcustomworks.se\/fr\/wp-json\/wp\/v2\/media\/58790"}],"wp:attachment":[{"href":"https:\/\/jjcustomworks.se\/fr\/wp-json\/wp\/v2\/media?parent=58795"}],"wp:term":[{"taxonomy":"product_brand","embeddable":true,"href":"https:\/\/jjcustomworks.se\/fr\/wp-json\/wp\/v2\/product_brand?post=58795"},{"taxonomy":"product_cat","embeddable":true,"href":"https:\/\/jjcustomworks.se\/fr\/wp-json\/wp\/v2\/product_cat?post=58795"},{"taxonomy":"product_tag","embeddable":true,"href":"https:\/\/jjcustomworks.se\/fr\/wp-json\/wp\/v2\/product_tag?post=58795"}],"curies":[{"name":"wp","href":"https:\/\/api.w.org\/{rel}","templated":true}]}}