{"id":58771,"date":"2025-03-14T14:44:26","date_gmt":"2025-03-14T13:44:26","guid":{"rendered":"https:\/\/jjcustomworks.se\/product\/perfect-point-3-pack-throwing-knives-17\/"},"modified":"2026-03-11T19:53:44","modified_gmt":"2026-03-11T18:53:44","slug":"perfect-point-couteaux-de-lancer-3-pieces-4","status":"publish","type":"product","link":"https:\/\/jjcustomworks.se\/fr\/produit\/perfect-point-couteaux-de-lancer-3-pieces-4\/","title":{"rendered":"Perfect Point Couteaux de Lancer 3 Pi&egrave;ces | Haute Qualit&eacute;"},"content":{"rendered":"<h1>Perfect Point - Ensemble de 3 Couteaux de Lancer<\/h1><h2><span class=\"ez-toc-section\" id=\"Ensemble_parfait_pour_un_lancer_de_precision\"><\/span>Ensemble parfait pour un lancer de pr&eacute;cision<span class=\"ez-toc-section-end\"><\/span><\/h2><p>Cet ensemble de couteaux de lancer <strong>Perfect Point<\/strong> comprend trois couteaux de lancer parfaits pour les d&eacute;butants et les lanceurs exp&eacute;riment&eacute;s. Avec une longueur totale de 7 pouces, ces couteaux sont faciles &agrave; manier et &agrave; lancer avec pr&eacute;cision. Les lames sont fabriqu&eacute;es avec un rev&ecirc;tement en tinite durable et une finition stonewash &eacute;l&eacute;gante, leur donnant &agrave; la fois un aspect attrayant et une durabilit&eacute; accrue.<\/p><ul><li><strong>Ensemble de trois couteaux de lancer :<\/strong> Ensemble complet pour la pratique du lancer.<\/li><li><strong>Longueur totale de 7 pouces:<\/strong> Taille optimale pour l&#039;\u00e9quilibre et la pr\u00e9cision.<\/li><li><strong>Lame avec rev&ecirc;tement en tinite:<\/strong> Am&eacute;liore la durabilit&eacute; et la r&eacute;sistance &agrave; la corrosion.<\/li><li><strong>Finition stonewash:<\/strong> Offre un aspect &eacute;l&eacute;gant et robuste.<\/li><li><strong>Comprend un &eacute;tui en nylon:<\/strong> Pour un rangement s&ucirc;r et pratique.<\/li><\/ul><p>Le lancer de couteaux est un art et un sport traditionnel qui peut &eacute;galement &ecirc;tre une activit&eacute; amusante pour toute la famille. Il est relativement facile &agrave; apprendre &agrave; condition d'avoir de la patience et de la pratique. N'oubliez pas que ces couteaux de lancer ne sont pas des jouets et doivent &ecirc;tre manipul&eacute;s sous la surveillance d'un adulte en raison de leurs lames pointues et parfois tranchantes. L'achat de ces couteaux est r&eacute;serv&eacute; aux personnes de plus de 18 ans.<\/p><p>Faites toujours preuve de prudence lorsque vous lancez des couteaux. Ne lancez jamais en direction d'autres personnes ou d'animaux, et assurez-vous qu'il n'y a pas d'objets fragiles pr&egrave;s de la cible. Rangez vos couteaux de lancer en toute s&eacute;curit&eacute; dans l'&eacute;tui en nylon fourni lorsque vous ne les utilisez pas.<\/p><p>Ces couteaux de lancer sont uniquement destin&eacute;s &agrave; &ecirc;tre lanc&eacute;s sur des cibles appropri&eacute;es. Les petits couteaux de lancer de moins de 10 pouces qui ne p&egrave;sent pas beaucoup peuvent facilement &ecirc;tre lanc&eacute;s sur des cibles de fl&eacute;chettes ordinaires. Pour les couteaux de comp&eacute;tition plus grands et plus lourds, une v&eacute;ritable cible en bois est recommand&eacute;e. Plusieurs couches de carton peuvent &eacute;galement servir de bonne cible. N'oubliez pas que l'acier rebondit sur l'acier et d'autres surfaces dures. D&eacute;couvrez notre gamme d'<a href=\"https:\/\/jjcustomworks.se\/fr\/magasin\/\">autres couteaux de lancer<\/a> et trouvez l'ensemble parfait pour vous. Visitez notre <a href=\"https:\/\/jjcustomworks.se\/fr\/categorie-de-produit\/autres_produits\/swords\/swords-japan\/\">cat\u00e9gorie de couteau<\/a> pour plus d'options ou consultez notre <a href=\"https:\/\/jjcustomworks.se\/fr\/\">page d&#039;accueil<\/a> pour voir toute notre gamme.<\/p>","protected":false},"excerpt":{"rendered":"<p>K\u00f6p v\u00e5rt 3-pack med Perfect Point kastknivar f\u00f6r en perfekt precision och tr\u00e4ffs\u00e4kerhet. Med dessa kastknivar kan du f\u00f6rb\u00e4ttra dina f\u00e4rdigheter och imponera p\u00e5 v\u00e4nner och familj. Best\u00e4ll nu och f\u00e5 en komplett upps\u00e4ttning av h\u00f6gkvalitativa kastknivar f\u00f6r din tr\u00e4ning och underh\u00e5llning.<\/p>","protected":false},"featured_media":61131,"template":"","meta":[],"product_brand":[],"product_cat":[908],"product_tag":[],"class_list":{"0":"post-58771","1":"product","2":"type-product","3":"status-publish","4":"has-post-thumbnail","6":"product_cat-kastkniv","8":"first","9":"instock","10":"sale","11":"taxable","12":"shipping-taxable","13":"purchasable","14":"product-type-simple"},"_links":{"self":[{"href":"https:\/\/jjcustomworks.se\/fr\/wp-json\/wp\/v2\/product\/58771","targetHints":{"allow":["GET"]}}],"collection":[{"href":"https:\/\/jjcustomworks.se\/fr\/wp-json\/wp\/v2\/product"}],"about":[{"href":"https:\/\/jjcustomworks.se\/fr\/wp-json\/wp\/v2\/types\/product"}],"wp:featuredmedia":[{"embeddable":true,"href":"https:\/\/jjcustomworks.se\/fr\/wp-json\/wp\/v2\/media\/61131"}],"wp:attachment":[{"href":"https:\/\/jjcustomworks.se\/fr\/wp-json\/wp\/v2\/media?parent=58771"}],"wp:term":[{"taxonomy":"product_brand","embeddable":true,"href":"https:\/\/jjcustomworks.se\/fr\/wp-json\/wp\/v2\/product_brand?post=58771"},{"taxonomy":"product_cat","embeddable":true,"href":"https:\/\/jjcustomworks.se\/fr\/wp-json\/wp\/v2\/product_cat?post=58771"},{"taxonomy":"product_tag","embeddable":true,"href":"https:\/\/jjcustomworks.se\/fr\/wp-json\/wp\/v2\/product_tag?post=58771"}],"curies":[{"name":"wp","href":"https:\/\/api.w.org\/{rel}","templated":true}]}}