{"id":58755,"date":"2025-03-14T14:44:15","date_gmt":"2025-03-14T13:44:15","guid":{"rendered":"https:\/\/jjcustomworks.se\/product\/perfect-point-3-pack-throwing-knives-16\/"},"modified":"2025-12-02T16:18:36","modified_gmt":"2025-12-02T15:18:36","slug":"perfect-point-jeu-de-3-couteaux-de-lancer-2","status":"publish","type":"product","link":"https:\/\/jjcustomworks.se\/fr\/produit\/perfect-point-jeu-de-3-couteaux-de-lancer-2\/","title":{"rendered":"Perfect Point - Jeu de 3 Couteaux de Lancer"},"content":{"rendered":"<h1>PERFECT POINT - JEU DE 3 COUTEAUX DE LANCER<\/h1>\n<h2><span class=\"ez-toc-section\" id=\"Couteaux_de_lancer_pour_le_sport_et_les_loisirs\"><\/span>Couteaux de lancer pour le sport et les loisirs<span class=\"ez-toc-section-end\"><\/span><\/h2>\n<p>Le jeu de couteaux de lancer <strong>POINT PARFAIT<\/strong> comprend trois couteaux parfaits pour les d\u00e9butants et les lanceurs exp\u00e9riment\u00e9s. Avec une longueur totale de 7,5 pouces, ces couteaux sont faciles \u00e0 manier et \u00e0 lancer.<\/p>\n<h3><span class=\"ez-toc-section\" id=\"Caracteristiques\"><\/span>Caract\u00e9ristiques:<span class=\"ez-toc-section-end\"><\/span><\/h3>\n<ul>\n <li>Jeu de 3 couteaux de lancer<\/li>\n <li>Longueur totale : 7,5 pouces<\/li>\n <li>Lame bicolore noire\/galvanis\u00e9e<\/li>\n <li>Gaine en nylon incluse<\/li>\n<\/ul>\n<p>Le lancer de couteau est un art traditionnel et un sport divertissant pour toute la famille. Il est relativement facile \u00e0 apprendre avec un peu de patience. Veuillez noter que ces couteaux de lancer ne sont pas des jouets et doivent \u00eatre manipul\u00e9s sous la surveillance d'un adulte. Une limite d'\u00e2ge de 18 ans s'applique aux achats. Lorsque vous souhaitez <a href=\"https:\/\/jjcustomworks.se\/fr\/magasin\/\">acheter des couteaux de lancer<\/a>, pensez toujours \u00e0 la s\u00e9curit\u00e9.<\/p>\n<p>Ne jamais lancer en direction d'autres personnes ou d'animaux, et s'assurer qu'il n'y a pas d'objets fragiles \u00e0 proximit\u00e9 de la cible. Ces couteaux sont uniquement destin\u00e9s \u00e0 \u00eatre lanc\u00e9s sur une cible appropri\u00e9e. Les petits couteaux de lancer de moins de 10 pouces qui ne p\u00e8sent pas beaucoup peuvent \u00eatre lanc\u00e9s sur des cibles de fl\u00e9chettes ordinaires avec avantage. Pour les couteaux de comp\u00e9tition plus grands et plus lourds, une v\u00e9ritable cible en bois est recommand\u00e9e. Vous pouvez trouver des cibles et d'autres <a href=\"https:\/\/jjcustomworks.se\/fr\/categorie-de-produit\/autres_produits\/swords\/swords-japan\/\">accessoires pour les couteaux de lancer<\/a> ici avec nous.<\/p>\n<p>Plusieurs couches de carton peuvent \u00e9galement servir de bonne cible. N'oubliez pas que l'acier rebondit contre l'acier et autres surfaces dures. Pour plus d'informations sur nos produits, veuillez visiter notre <a href=\"https:\/\/jjcustomworks.se\/fr\/\">site web<\/a>.<\/p>","protected":false},"excerpt":{"rendered":"<p>PERFECT POINT &#8211; JEU DE 3 COUTEAUX DE LANCER Couteaux de lancer pour le sport et les loisirs Le jeu de couteaux de lancer PERFECT POINT comprend trois couteaux parfaits pour les d\u00e9butants et les lanceurs exp\u00e9riment\u00e9s. Avec une longueur totale de 7,5 pouces, ces couteaux sont faciles \u00e0 manier et \u00e0 lancer. Caract\u00e9ristiques : [&#8230;]\n","protected":false},"featured_media":61159,"template":"","meta":[],"product_brand":[],"product_cat":[908],"product_tag":[],"class_list":{"0":"post-58755","1":"product","2":"type-product","3":"status-publish","4":"has-post-thumbnail","6":"product_cat-kastkniv","8":"first","9":"outofstock","10":"sale","11":"taxable","12":"shipping-taxable","13":"purchasable","14":"product-type-simple"},"_links":{"self":[{"href":"https:\/\/jjcustomworks.se\/fr\/wp-json\/wp\/v2\/product\/58755","targetHints":{"allow":["GET"]}}],"collection":[{"href":"https:\/\/jjcustomworks.se\/fr\/wp-json\/wp\/v2\/product"}],"about":[{"href":"https:\/\/jjcustomworks.se\/fr\/wp-json\/wp\/v2\/types\/product"}],"wp:featuredmedia":[{"embeddable":true,"href":"https:\/\/jjcustomworks.se\/fr\/wp-json\/wp\/v2\/media\/61159"}],"wp:attachment":[{"href":"https:\/\/jjcustomworks.se\/fr\/wp-json\/wp\/v2\/media?parent=58755"}],"wp:term":[{"taxonomy":"product_brand","embeddable":true,"href":"https:\/\/jjcustomworks.se\/fr\/wp-json\/wp\/v2\/product_brand?post=58755"},{"taxonomy":"product_cat","embeddable":true,"href":"https:\/\/jjcustomworks.se\/fr\/wp-json\/wp\/v2\/product_cat?post=58755"},{"taxonomy":"product_tag","embeddable":true,"href":"https:\/\/jjcustomworks.se\/fr\/wp-json\/wp\/v2\/product_tag?post=58755"}],"curies":[{"name":"wp","href":"https:\/\/api.w.org\/{rel}","templated":true}]}}