{"id":58752,"date":"2025-03-14T14:44:12","date_gmt":"2025-03-14T13:44:12","guid":{"rendered":"https:\/\/jjcustomworks.se\/product\/perfect-point-3-pack-throwing-knives-15\/"},"modified":"2026-03-30T09:01:34","modified_gmt":"2026-03-30T07:01:34","slug":"perfect-point-couteaux-de-lancer-3-pack-2","status":"publish","type":"product","link":"https:\/\/jjcustomworks.se\/fr\/produit\/perfect-point-couteaux-de-lancer-3-pack-2\/","title":{"rendered":"PERFECT POINT Couteaux de Lancer - Lot de 3 | Haute Qualit&eacute;"},"content":{"rendered":"<h1>PERFECT POINT - LOT DE 3 COUTEAUX \u00c0 LANCER<\/h1>\n<h2><span class=\"ez-toc-section\" id=\"Atteignez_votre_cible_avec_ce_set_complet_de_couteaux_de_lancer\"><\/span>Atteignez votre cible avec ce set complet de couteaux de lancer<span class=\"ez-toc-section-end\"><\/span><\/h2>\n<p>D&eacute;couvrez l'art et le sport du lancer de couteau avec ce pack de 3 couteaux de lancer de <strong>POINT PARFAIT<\/strong>. Id&eacute;al pour les d&eacute;butants comme pour les pratiquants exp&eacute;riment&eacute;s, cet ensemble offre une opportunit&eacute; fantastique de d&eacute;velopper vos comp&eacute;tences. N'oubliez pas la s&eacute;curit&eacute;, ces couteaux ne sont pas des jouets et doivent &ecirc;tre manipul&eacute;s sous la surveillance d'un adulte.<\/p>\n<h3><span class=\"ez-toc-section\" id=\"Caracteristiques\"><\/span>Caract\u00e9ristiques:<span class=\"ez-toc-section-end\"><\/span><\/h3>\n<ul>\n<li><strong>Ensemble complet :<\/strong> Comprend 3 couteaux de lancer, parfaits pour l'entra&icirc;nement et la d&eacute;monstration.<\/li>\n<li><strong>Longueur totale :<\/strong> 5.5&quot; (environ 14 cm) - Facile &agrave; manipuler et &agrave; lancer.<\/li>\n<li><strong>Mat&eacute;riau :<\/strong> Acier inoxydable pour une longue durabilit&eacute; et une r&eacute;sistance &agrave; la corrosion.<\/li>\n<li><strong>Boiteux :<\/strong> Lame bicolore argent et noir pour un look &eacute;l&eacute;gant.<\/li>\n<li><strong>Manche:<\/strong> Le manche en acier inoxydable noir assure une bonne prise en main.<\/li>\n<li><strong>Gaine :<\/strong> Comprend une gaine en nylon avec une dragonne &eacute;lastique pour un stockage et un transport s&ucirc;rs.<\/li>\n<\/ul>\n<h3><span class=\"ez-toc-section\" id=\"Securite_et_utilisation\"><\/span>S\u00e9curit\u00e9 et utilisation<span class=\"ez-toc-section-end\"><\/span><\/h3>\n<p>Les couteaux sont uniquement destin&eacute;s &agrave; &ecirc;tre lanc&eacute;s sur une cible appropri&eacute;e. Les petits couteaux de lancer de moins de 10 pouces qui ne p&egrave;sent pas beaucoup peuvent &ecirc;tre lanc&eacute;s sur des cibles de fl&eacute;chettes ordinaires. Pour les couteaux plus grands et plus lourds, une cible en bois ou plusieurs couches de carton sont recommand&eacute;es. Notez que l'acier peut rebondir sur les surfaces dures. Soyez toujours prudent et assurez-vous que personne ne se trouve dans la direction du lancer. Vous trouverez d'autres <a href=\"https:\/\/jjcustomworks.se\/fr\/magasin\/\">ensembles de couteaux<\/a> il <a href=\"https:\/\/jjcustomworks.se\/fr\/categorie-de-produit\/autres_produits\/swords\/swords-japan\/\">accessoires d&#039;ext\u00e9rieur<\/a> dans notre gamme. Visite <a href=\"https:\/\/jjcustomworks.se\/fr\/\">notre site Web<\/a> pour plus d&#039;informations.<\/p>\n<p>N'oubliez pas qu'il ne s'agit pas de jouets et qu'ils doivent &ecirc;tre manipul&eacute;s sous la surveillance d'un adulte. Une limite d'&acirc;ge de 18 ans s'applique &agrave; l'achat.<\/p>","protected":false},"excerpt":{"rendered":"<p>K\u00f6p v\u00e5rt 3-pack med Perfect Point kastknivar f\u00f6r en perfekt precision och tr\u00e4ffs\u00e4kerhet. Med dessa kastknivar kan du f\u00f6rb\u00e4ttra dina f\u00e4rdigheter och imponera p\u00e5 v\u00e4nner och familj. Best\u00e4ll nu och f\u00e5 en komplett upps\u00e4ttning av h\u00f6gkvalitativa kastknivar f\u00f6r din tr\u00e4ning och underh\u00e5llning.<\/p>","protected":false},"featured_media":58747,"template":"","meta":[],"product_brand":[],"product_cat":[908],"product_tag":[],"class_list":{"0":"post-58752","1":"product","2":"type-product","3":"status-publish","4":"has-post-thumbnail","6":"product_cat-kastkniv","8":"first","9":"outofstock","10":"sale","11":"taxable","12":"shipping-taxable","13":"purchasable","14":"product-type-simple"},"_links":{"self":[{"href":"https:\/\/jjcustomworks.se\/fr\/wp-json\/wp\/v2\/product\/58752","targetHints":{"allow":["GET"]}}],"collection":[{"href":"https:\/\/jjcustomworks.se\/fr\/wp-json\/wp\/v2\/product"}],"about":[{"href":"https:\/\/jjcustomworks.se\/fr\/wp-json\/wp\/v2\/types\/product"}],"wp:featuredmedia":[{"embeddable":true,"href":"https:\/\/jjcustomworks.se\/fr\/wp-json\/wp\/v2\/media\/58747"}],"wp:attachment":[{"href":"https:\/\/jjcustomworks.se\/fr\/wp-json\/wp\/v2\/media?parent=58752"}],"wp:term":[{"taxonomy":"product_brand","embeddable":true,"href":"https:\/\/jjcustomworks.se\/fr\/wp-json\/wp\/v2\/product_brand?post=58752"},{"taxonomy":"product_cat","embeddable":true,"href":"https:\/\/jjcustomworks.se\/fr\/wp-json\/wp\/v2\/product_cat?post=58752"},{"taxonomy":"product_tag","embeddable":true,"href":"https:\/\/jjcustomworks.se\/fr\/wp-json\/wp\/v2\/product_tag?post=58752"}],"curies":[{"name":"wp","href":"https:\/\/api.w.org\/{rel}","templated":true}]}}