{"id":58749,"date":"2025-03-14T14:44:10","date_gmt":"2025-03-14T13:44:10","guid":{"rendered":"https:\/\/jjcustomworks.se\/product\/perfect-point-3-pack-throwing-knives-14\/"},"modified":"2026-03-02T22:23:38","modified_gmt":"2026-03-02T21:23:38","slug":"perfect-point-3-pack-throwing-knives-14","status":"publish","type":"product","link":"https:\/\/jjcustomworks.se\/fr\/produit\/perfect-point-3-pack-throwing-knives-14\/","title":{"rendered":"Perfect Point - 3 couteaux de lancer"},"content":{"rendered":"<h1>PERFECT POINT - LOT DE 3 COUTEAUX \u00c0 LANCER<\/h1>\n<h2><span class=\"ez-toc-section\" id=\"Ameliorez_Votre_Precision_avec_Ce_Set_de_Couteaux_de_Lancer\"><\/span>Am&eacute;liorez Votre Pr&eacute;cision avec Ce Set de Couteaux de Lancer<span class=\"ez-toc-section-end\"><\/span><\/h2>\n<p>L&#039;ensemble de couteaux de lancer <strong>POINT PARFAIT<\/strong> comprend trois couteaux parfaits pour les d&eacute;butants et les lanceurs exp&eacute;riment&eacute;s. Ce set est id&eacute;al pour pratiquer la pr&eacute;cision et am&eacute;liorer votre technique de lancer. L'&eacute;tui en nylon inclus facilite et s&eacute;curise le transport de vos couteaux. <a href=\"https:\/\/jjcustomworks.se\/fr\/magasin\/\">D&eacute;couvrez plus de couteaux de lancer<\/a> pour votre collection.<\/p>\n<h3><span class=\"ez-toc-section\" id=\"Caracteristiques\"><\/span>Caract\u00e9ristiques:<span class=\"ez-toc-section-end\"><\/span><\/h3>\n<ul>\n <li>Set de trois couteaux de lancer<\/li>\n <li>Longueur totale : 6,5&quot; (environ 16,5 cm)<\/li>\n <li>Fabriqu\u00e9 en acier inoxydable<\/li>\n <li>Lame argent&eacute;e<\/li>\n <li>Poign\u00e9e envelopp\u00e9e de cordon noir pour une meilleure prise en main<\/li>\n <li>Comprend un &eacute;tui en nylon pour le rangement et le transport<\/li>\n<\/ul>\n<p>Le lancer de couteaux est un art et un sport traditionnel qui peut divertir toute la famille. Il est relativement facile d'apprendre les bases avec un peu de patience. Veuillez noter que ces couteaux de lancer ne sont pas des jouets et doivent &ecirc;tre manipul&eacute;s sous la surveillance d'un adulte. Une limite d'&acirc;ge de 18 ans s'applique &agrave; l'achat. Pour votre s&eacute;curit&eacute;, ne lancez jamais dans la m&ecirc;me direction que d'autres personnes ou animaux, et assurez-vous qu'il n'y a pas d'objets fragiles pr&egrave;s de la cible. Visitez notre <a href=\"https:\/\/jjcustomworks.se\/fr\/categorie-de-produit\/autres_produits\/swords\/swords-japan\/\">cat&eacute;gorie Couteaux de Lancer<\/a> pour plus d&#039;options.<\/p>\n<p>Ces couteaux de lancer sont uniquement destin&eacute;s &agrave; &ecirc;tre lanc&eacute;s sur une cible appropri&eacute;e. Les petits couteaux de lancer de moins de 10 pouces qui ne p&egrave;sent pas beaucoup peuvent &ecirc;tre lanc&eacute;s sur des cibles de fl&eacute;chettes ordinaires. Pour les couteaux de comp&eacute;tition plus grands et plus lourds, une cible en bois est recommand&eacute;e. Plusieurs couches de carton peuvent &eacute;galement servir de cible temporaire. Sachez que l'acier peut rebondir sur d'autres surfaces dures. Apprenez-en davantage sur nos produits sur <a href=\"https:\/\/jjcustomworks.se\/fr\/\">notre site Web<\/a>.<\/p>","protected":false},"excerpt":{"rendered":"<p>K\u00f6p v\u00e5rt 3-pack med Perfect Point kastknivar f\u00f6r en perfekt precision och tr\u00e4ffs\u00e4kerhet. Med dessa kastknivar kan du f\u00f6rb\u00e4ttra dina f\u00e4rdigheter och imponera p\u00e5 v\u00e4nner och familj. Best\u00e4ll nu och f\u00e5 en komplett upps\u00e4ttning av h\u00f6gkvalitativa kastknivar f\u00f6r din tr\u00e4ning och underh\u00e5llning.<\/p>","protected":false},"featured_media":58739,"template":"","meta":[],"product_brand":[],"product_cat":[908],"product_tag":[],"class_list":{"0":"post-58749","1":"product","2":"type-product","3":"status-publish","4":"has-post-thumbnail","6":"product_cat-kastkniv","8":"first","9":"instock","10":"sale","11":"taxable","12":"shipping-taxable","13":"purchasable","14":"product-type-simple"},"_links":{"self":[{"href":"https:\/\/jjcustomworks.se\/fr\/wp-json\/wp\/v2\/product\/58749","targetHints":{"allow":["GET"]}}],"collection":[{"href":"https:\/\/jjcustomworks.se\/fr\/wp-json\/wp\/v2\/product"}],"about":[{"href":"https:\/\/jjcustomworks.se\/fr\/wp-json\/wp\/v2\/types\/product"}],"wp:featuredmedia":[{"embeddable":true,"href":"https:\/\/jjcustomworks.se\/fr\/wp-json\/wp\/v2\/media\/58739"}],"wp:attachment":[{"href":"https:\/\/jjcustomworks.se\/fr\/wp-json\/wp\/v2\/media?parent=58749"}],"wp:term":[{"taxonomy":"product_brand","embeddable":true,"href":"https:\/\/jjcustomworks.se\/fr\/wp-json\/wp\/v2\/product_brand?post=58749"},{"taxonomy":"product_cat","embeddable":true,"href":"https:\/\/jjcustomworks.se\/fr\/wp-json\/wp\/v2\/product_cat?post=58749"},{"taxonomy":"product_tag","embeddable":true,"href":"https:\/\/jjcustomworks.se\/fr\/wp-json\/wp\/v2\/product_tag?post=58749"}],"curies":[{"name":"wp","href":"https:\/\/api.w.org\/{rel}","templated":true}]}}