{"id":58746,"date":"2025-03-14T14:44:03","date_gmt":"2025-03-14T13:44:03","guid":{"rendered":"https:\/\/jjcustomworks.se\/product\/perfect-point-3-pack-throwing-knives-13\/"},"modified":"2026-04-15T12:39:36","modified_gmt":"2026-04-15T10:39:36","slug":"perfect-point-couteaux-de-lancer-3-pack-3","status":"publish","type":"product","link":"https:\/\/jjcustomworks.se\/fr\/produit\/perfect-point-couteaux-de-lancer-3-pack-3\/","title":{"rendered":"Perfect Point Couteaux de Lancer 3-Pack | Haute Qualit&eacute;"},"content":{"rendered":"<h1>PERFECT POINT - LOT DE 3 COUTEAUX \u00c0 LANCER<\/h1>\n<h2><span class=\"ez-toc-section\" id=\"Lancez_avec_precision_et_en_toute_securite_avec_cet_ensemble\"><\/span>Lancez avec pr&eacute;cision et en toute s&eacute;curit&eacute; avec cet ensemble<span class=\"ez-toc-section-end\"><\/span><\/h2>\n<p>L&#039;ensemble de couteaux de lancer <strong>POINT PARFAIT<\/strong> comprend trois couteaux &eacute;quilibr&eacute;s avec pr&eacute;cision, parfaits pour les d&eacute;butants et les lanceurs exp&eacute;riment&eacute;s. Chaque couteau est fabriqu&eacute; en acier inoxydable de haute qualit&eacute; pour une durabilit&eacute; et des performances optimales. Cet ensemble est id&eacute;al pour d&eacute;velopper votre technique et votre pr&eacute;cision de lancer de couteau. L'&eacute;tui en nylon inclus facilite et s&eacute;curise le transport de vos couteaux. Visitez <a href=\"https:\/\/jjcustomworks.se\/fr\/magasin\/\">notre boutique<\/a> pour voir <a href=\"https:\/\/jjcustomworks.se\/fr\/magasin\/\">d'autres produits similaires<\/a>.<\/p>\n<h3><span class=\"ez-toc-section\" id=\"Caracteristiques\"><\/span>Caract\u00e9ristiques:<span class=\"ez-toc-section-end\"><\/span><\/h3>\n<ul>\n <li><strong>Ensemble de couteaux de lancer:<\/strong> Ensemble complet de trois couteaux de lancer pour une utilisation imm\u00e9diate.<\/li>\n <li><strong>SALOPETTE 8&quot; :<\/strong> La longueur totale de 20,32 cm offre un bon &eacute;quilibre et un bon contr&ocirc;le.<\/li>\n <li><strong>ACIER INOXYDABLE:<\/strong> Acier inoxydable pour une longue dur&eacute;e de vie et une r&eacute;sistance &agrave; la rouille.<\/li>\n <li><strong>LAME NOIRE AVEC IMPRESSION D'ARAIGN&Eacute;E:<\/strong> Lame noire avec impression d'araign&eacute;e pour un look distinctif.<\/li>\n <li><strong>MANCHE EN ACIER INOXYDABLE NOIR:<\/strong> Manche en acier inoxydable noir pour une prise en main s&ucirc;re et confortable.<\/li>\n <li><strong>COMPREND UN &Eacute;TUI EN NYLON:<\/strong> Comprend un &eacute;tui en nylon pour un stockage et un transport s&ucirc;rs.<\/li>\n<\/ul>\n<h3><span class=\"ez-toc-section\" id=\"Informations_importantes_sur_le_lancer_de_couteau\"><\/span>Informations importantes sur le lancer de couteau:<span class=\"ez-toc-section-end\"><\/span><\/h3>\n<p>Le lancer de couteau est un art et un sport qui peuvent divertir toute la famille. N'oubliez pas qu'il ne s'agit pas de jouets et qu'ils doivent &ecirc;tre manipul&eacute;s sous la surveillance d'un adulte. La loi exige un &acirc;ge minimum de 18 ans pour l'achat. Pour plus d'informations et <a href=\"https:\/\/jjcustomworks.se\/fr\/categorie-de-produit\/autres_produits\/swords\/swords-japan\/\">d'autres couteaux<\/a>, visitez notre site Web. Ne lancez jamais en direction de personnes ou d'animaux et &eacute;vitez les objets fragiles &agrave; proximit&eacute; de la cible.<\/p>\n<h3><span class=\"ez-toc-section\" id=\"Recommandations_cibles\"><\/span>Recommandations cibles:<span class=\"ez-toc-section-end\"><\/span><\/h3>\n<p>Utilisez les couteaux uniquement sur une cible appropri&eacute;e. Les petits couteaux de lancer peuvent &ecirc;tre jet&eacute;s sur des cibles de fl&eacute;chettes, tandis que les couteaux plus gros et plus lourds n&eacute;cessitent une cible en bois. Plusieurs couches de carton peuvent &eacute;galement &ecirc;tre utilis&eacute;es. Gardez &agrave; l'esprit que l'acier peut rebondir sur les surfaces dures. Consultez toute la gamme sur <a href=\"https:\/\/jjcustomworks.se\/fr\/\">notre page d&#039;accueil<\/a>.<\/p>","protected":false},"excerpt":{"rendered":"<p>K\u00f6p v\u00e5rt 3-pack med Perfect Point kastknivar f\u00f6r en perfekt precision och tr\u00e4ffs\u00e4kerhet. Med dessa kastknivar kan du f\u00f6rb\u00e4ttra dina f\u00e4rdigheter och imponera p\u00e5 v\u00e4nner och familj. Best\u00e4ll nu och f\u00e5 en komplett upps\u00e4ttning av h\u00f6gkvalitativa kastknivar f\u00f6r din tr\u00e4ning och underh\u00e5llning.<\/p>","protected":false},"featured_media":58742,"template":"","meta":[],"product_brand":[],"product_cat":[908],"product_tag":[],"class_list":{"0":"post-58746","1":"product","2":"type-product","3":"status-publish","4":"has-post-thumbnail","6":"product_cat-kastkniv","8":"first","9":"outofstock","10":"sale","11":"taxable","12":"shipping-taxable","13":"purchasable","14":"product-type-simple"},"_links":{"self":[{"href":"https:\/\/jjcustomworks.se\/fr\/wp-json\/wp\/v2\/product\/58746","targetHints":{"allow":["GET"]}}],"collection":[{"href":"https:\/\/jjcustomworks.se\/fr\/wp-json\/wp\/v2\/product"}],"about":[{"href":"https:\/\/jjcustomworks.se\/fr\/wp-json\/wp\/v2\/types\/product"}],"wp:featuredmedia":[{"embeddable":true,"href":"https:\/\/jjcustomworks.se\/fr\/wp-json\/wp\/v2\/media\/58742"}],"wp:attachment":[{"href":"https:\/\/jjcustomworks.se\/fr\/wp-json\/wp\/v2\/media?parent=58746"}],"wp:term":[{"taxonomy":"product_brand","embeddable":true,"href":"https:\/\/jjcustomworks.se\/fr\/wp-json\/wp\/v2\/product_brand?post=58746"},{"taxonomy":"product_cat","embeddable":true,"href":"https:\/\/jjcustomworks.se\/fr\/wp-json\/wp\/v2\/product_cat?post=58746"},{"taxonomy":"product_tag","embeddable":true,"href":"https:\/\/jjcustomworks.se\/fr\/wp-json\/wp\/v2\/product_tag?post=58746"}],"curies":[{"name":"wp","href":"https:\/\/api.w.org\/{rel}","templated":true}]}}