{"id":58717,"date":"2025-03-14T14:43:48","date_gmt":"2025-03-14T13:43:48","guid":{"rendered":"https:\/\/jjcustomworks.se\/product\/perfect-point-3-pack-throwing-knives-6\/"},"modified":"2026-03-08T18:33:38","modified_gmt":"2026-03-08T17:33:38","slug":"perfect-point-couteaux-de-lancer-3-pieces-6","status":"publish","type":"product","link":"https:\/\/jjcustomworks.se\/fr\/produit\/perfect-point-couteaux-de-lancer-3-pieces-6\/","title":{"rendered":"Perfect Point Couteaux de Lancer 3 Pi\u00e8ces | Acier Inoxydable"},"content":{"rendered":"<h1>Perfect Point Couteaux de Lancer - Lot de 3<\/h1>\n<h2><span class=\"ez-toc-section\" id=\"Ensemble_complet_pour_un_lancer_de_couteau_de_precision\"><\/span>Ensemble complet pour un lancer de couteau de pr\u00e9cision<span class=\"ez-toc-section-end\"><\/span><\/h2>\n<p>Ce lot de 3 couteaux de lancer de Perfect Point est parfait pour les d\u00e9butants comme pour les lanceurs de couteaux exp\u00e9riment\u00e9s. L'ensemble comprend trois couteaux \u00e9quilibr\u00e9s en acier inoxydable, assurant durabilit\u00e9 et pr\u00e9cision. Les manches sont envelopp\u00e9s de cordon bleu pour une prise en main s\u00fbre et confortable.<\/p>\n<h3><span class=\"ez-toc-section\" id=\"Caracteristiques\"><\/span>Caract\u00e9ristiques:<span class=\"ez-toc-section-end\"><\/span><\/h3>\n<ul>\n <li><strong>Ensemble de trois couteaux de lancer :<\/strong> Ensemble complet pour commencer ou am\u00e9liorer vos comp\u00e9tences en lancer de couteau.<\/li>\n <li><strong>Longueur totale de 9 pouces :<\/strong> Taille optimale pour un meilleur \u00e9quilibre et une pr\u00e9cision de lancer.<\/li>\n <li><strong>Acier inoxydable:<\/strong> Mat\u00e9riau de haute qualit\u00e9 pour une longue dur\u00e9e de vie et une r\u00e9sistance \u00e0 la corrosion.<\/li>\n <li><strong>Lame noire avec ligne de meulage bleue :<\/strong> Design \u00e9l\u00e9gant.<\/li>\n <li><strong>Manche envelopp\u00e9 de cordon bleu :<\/strong> Am\u00e9liore l&#039;adh\u00e9rence et le confort lors de l&#039;utilisation.<\/li>\n <li><strong>Comprend un \u00e9tui en nylon :<\/strong> Rangement et transport pratiques et s\u00fbrs des couteaux.<\/li>\n<\/ul>\n<p>Le lancer de couteau est un art et un sport divertissant pour toute la famille. Avec un peu de patience, il est facile d'apprendre les bases et de d\u00e9velopper vos comp\u00e9tences. Ces couteaux de lancer sont soigneusement con\u00e7us pour offrir la meilleure exp\u00e9rience possible, que vous soyez d\u00e9butant ou lanceur exp\u00e9riment\u00e9. N'oubliez pas de toujours manipuler les couteaux avec soin et respect.<\/p>\n<p><strong>Important:<\/strong> Ces couteaux de lancer ne sont pas des jouets et doivent \u00eatre manipul\u00e9s sous la surveillance d'un adulte. Une limite d'\u00e2ge de 18 ans s'applique \u00e0 l'achat. Veillez \u00e0 ne jamais lancer en direction de personnes ou d'animaux et assurez-vous qu'aucun objet fragile ne se trouve \u00e0 proximit\u00e9 de la cible. Utilisez uniquement les couteaux sur des cibles appropri\u00e9es. Les petits couteaux de lancer de moins de 10 pouces peuvent \u00eatre lanc\u00e9s sur des cibles de fl\u00e9chettes classiques, tandis que les couteaux plus grands et plus lourds n\u00e9cessitent une cible en bois robuste. N'oubliez pas que l'acier peut rebondir sur des surfaces dures comme l'acier.<\/p>\n<p>D\u00e9couvrez notre gamme de <a href=\"https:\/\/jjcustomworks.se\/fr\/magasin\/\">Couteaux Perfect Point<\/a> pour trouver plus d'options. Visitez notre <a href=\"https:\/\/jjcustomworks.se\/fr\/categorie-de-produit\/autres_produits\/swords\/swords-japan\/\">Cat\u00e9gorie : Couteaux de lancer<\/a> pour voir notre s\u00e9lection compl\u00e8te. Pour plus d'informations sur nos produits, visitez notre <a href=\"https:\/\/jjcustomworks.se\/fr\/\">page d&#039;accueil<\/a>.<\/p>","protected":false},"excerpt":{"rendered":"<p>K\u00f6p v\u00e5rt 3-pack med Perfect Point kastknivar f\u00f6r en perfekt precision och tr\u00e4ffs\u00e4kerhet. Med dessa kastknivar kan du f\u00f6rb\u00e4ttra dina f\u00e4rdigheter och imponera p\u00e5 v\u00e4nner och familj. Best\u00e4ll nu och f\u00e5 en komplett upps\u00e4ttning av h\u00f6gkvalitativa kastknivar f\u00f6r din tr\u00e4ning och underh\u00e5llning.<\/p>","protected":false},"featured_media":58711,"template":"","meta":[],"product_brand":[],"product_cat":[908],"product_tag":[],"class_list":{"0":"post-58717","1":"product","2":"type-product","3":"status-publish","4":"has-post-thumbnail","6":"product_cat-kastkniv","8":"first","9":"instock","10":"sale","11":"taxable","12":"shipping-taxable","13":"purchasable","14":"product-type-simple"},"_links":{"self":[{"href":"https:\/\/jjcustomworks.se\/fr\/wp-json\/wp\/v2\/product\/58717","targetHints":{"allow":["GET"]}}],"collection":[{"href":"https:\/\/jjcustomworks.se\/fr\/wp-json\/wp\/v2\/product"}],"about":[{"href":"https:\/\/jjcustomworks.se\/fr\/wp-json\/wp\/v2\/types\/product"}],"wp:featuredmedia":[{"embeddable":true,"href":"https:\/\/jjcustomworks.se\/fr\/wp-json\/wp\/v2\/media\/58711"}],"wp:attachment":[{"href":"https:\/\/jjcustomworks.se\/fr\/wp-json\/wp\/v2\/media?parent=58717"}],"wp:term":[{"taxonomy":"product_brand","embeddable":true,"href":"https:\/\/jjcustomworks.se\/fr\/wp-json\/wp\/v2\/product_brand?post=58717"},{"taxonomy":"product_cat","embeddable":true,"href":"https:\/\/jjcustomworks.se\/fr\/wp-json\/wp\/v2\/product_cat?post=58717"},{"taxonomy":"product_tag","embeddable":true,"href":"https:\/\/jjcustomworks.se\/fr\/wp-json\/wp\/v2\/product_tag?post=58717"}],"curies":[{"name":"wp","href":"https:\/\/api.w.org\/{rel}","templated":true}]}}