{"id":58703,"date":"2025-03-14T14:43:37","date_gmt":"2025-03-14T13:43:37","guid":{"rendered":"https:\/\/jjcustomworks.se\/product\/perfect-point-3-pack-throwing-knives-2\/"},"modified":"2026-01-05T08:36:34","modified_gmt":"2026-01-05T07:36:34","slug":"perfect-point-couteaux-de-lancer-lot-de-8","status":"publish","type":"product","link":"https:\/\/jjcustomworks.se\/fr\/produit\/perfect-point-couteaux-de-lancer-lot-de-8\/","title":{"rendered":"PERFECT POINT Couteaux de lancer - Lot de 3 | Haute Qualit&eacute;"},"content":{"rendered":"<h1>PERFECT POINT - LOT DE 3 COUTEAUX \u00c0 LANCER<\/h1>\n<h2><span class=\"ez-toc-section\" id=\"Ensemble_de_couteaux_de_lancer_pour_debutants_et_lanceurs_experimentes\"><\/span>Ensemble de couteaux de lancer pour d&eacute;butants et lanceurs exp&eacute;riment&eacute;s<span class=\"ez-toc-section-end\"><\/span><\/h2>\n<p>Cet ensemble <strong>POINT PARFAIT<\/strong> comprend trois couteaux de lancer parfaits pour les d&eacute;butants comme pour les lanceurs exp&eacute;riment&eacute;s. Les couteaux de lancer ne sont pas seulement un passe-temps amusant, mais aussi une forme d'art qui exige pr&eacute;cision et patience. Avec cet ensemble, vous pouvez d&eacute;velopper vos techniques de lancer et impressionner vos amis et votre famille. <a href=\"https:\/\/jjcustomworks.se\/fr\/magasin\/\">D\u00e9couvrez notre gamme d&#039;autres couteaux de lancer<\/a> pour trouver le compl&eacute;ment parfait &agrave; votre collection.<\/p>\n<h3><span class=\"ez-toc-section\" id=\"Caracteristiques\"><\/span>Caract\u00e9ristiques<span class=\"ez-toc-section-end\"><\/span><\/h3>\n<ul>\n <li><strong>Ensemble de couteaux de lancer :<\/strong> Ensemble complet de trois couteaux de lancer.<\/li>\n <li><strong>5.5&quot; OVERALL:<\/strong> Taille compacte facile &agrave; manipuler.<\/li>\n <li><strong>ACIER INOXYDABLE:<\/strong> Fabriqu&eacute; en acier inoxydable pour une durabilit&eacute; et une longue dur&eacute;e de vie.<\/li>\n <li><strong>BLACK BLADE WITH BLUE GRINDING LINE:<\/strong> Design &eacute;l&eacute;gant avec lame noire et d&eacute;tails bleus.<\/li>\n <li><strong>BLACK STAINLESS STEEL HANDLE:<\/strong> Poign&eacute;e confortable et s&ucirc;re.<\/li>\n <li><strong>COMPREND UNE GAINE EN NYLON :<\/strong> Gaine en nylon pratique pour un rangement et un transport s&ucirc;rs.<\/li>\n<\/ul>\n<h3><span class=\"ez-toc-section\" id=\"Securite_et_Utilisation\"><\/span>S\u00e9curit\u00e9 et utilisation<span class=\"ez-toc-section-end\"><\/span><\/h3>\n<p>Le lancer de couteaux est un art ancien et un sport qui peut &ecirc;tre une activit&eacute; agr&eacute;able pour toute la famille. Il est relativement facile &agrave; apprendre si vous avez un peu de patience. Veuillez noter qu'il ne s'agit pas de jouets. Les couteaux de lancer sont pointus et parfois tranchants et ne doivent pas &ecirc;tre manipul&eacute;s sans la surveillance d'un adulte. Une limite d'&acirc;ge de 18 ans s'applique aux achats. Visitez notre <a href=\"https:\/\/jjcustomworks.se\/fr\/categorie-de-produit\/autres_produits\/swords\/swords-japan\/\">cat&eacute;gorie de couteaux de sport<\/a> pour voir plus d&#039;options.<\/p>\n<p>Ne lancez jamais dans la m&ecirc;me direction que d'autres personnes ou animaux et assurez-vous qu'il n'y a pas d'objets fragiles pr&egrave;s de la cible. Ces couteaux de lancer sont uniquement destin&eacute;s &agrave; &ecirc;tre lanc&eacute;s sur une cible appropri&eacute;e. Les petits couteaux de lancer de moins de 10\" qui ne p&egrave;sent pas beaucoup peuvent &ecirc;tre lanc&eacute;s sur des jeux de fl&eacute;chettes ordinaires. Pour les couteaux de comp&eacute;tition plus grands\/plus lourds, nous recommandons une vraie cible en bois. Plusieurs couches de carton peuvent &eacute;galement constituer une bonne cible. N'oubliez pas que l'acier rebondit contre l'acier et autres surfaces dures. Pour plus d'informations sur nos produits, visitez <a href=\"https:\/\/jjcustomworks.se\/fr\/\">notre site Web<\/a>.<\/p>","protected":false},"excerpt":{"rendered":"<p>K\u00f6p v\u00e5rt 3-pack med Perfect Point kastknivar f\u00f6r en perfekt precision och tr\u00e4ffs\u00e4kerhet. Med dessa kastknivar kan du f\u00f6rb\u00e4ttra dina f\u00e4rdigheter och imponera p\u00e5 v\u00e4nner och familj. Best\u00e4ll nu och f\u00e5 en komplett upps\u00e4ttning av h\u00f6gkvalitativa kastknivar f\u00f6r din tr\u00e4ning och underh\u00e5llning.<\/p>","protected":false},"featured_media":58683,"template":"","meta":[],"product_brand":[],"product_cat":[908],"product_tag":[],"class_list":{"0":"post-58703","1":"product","2":"type-product","3":"status-publish","4":"has-post-thumbnail","6":"product_cat-kastkniv","8":"first","9":"instock","10":"sale","11":"taxable","12":"shipping-taxable","13":"purchasable","14":"product-type-simple"},"_links":{"self":[{"href":"https:\/\/jjcustomworks.se\/fr\/wp-json\/wp\/v2\/product\/58703","targetHints":{"allow":["GET"]}}],"collection":[{"href":"https:\/\/jjcustomworks.se\/fr\/wp-json\/wp\/v2\/product"}],"about":[{"href":"https:\/\/jjcustomworks.se\/fr\/wp-json\/wp\/v2\/types\/product"}],"wp:featuredmedia":[{"embeddable":true,"href":"https:\/\/jjcustomworks.se\/fr\/wp-json\/wp\/v2\/media\/58683"}],"wp:attachment":[{"href":"https:\/\/jjcustomworks.se\/fr\/wp-json\/wp\/v2\/media?parent=58703"}],"wp:term":[{"taxonomy":"product_brand","embeddable":true,"href":"https:\/\/jjcustomworks.se\/fr\/wp-json\/wp\/v2\/product_brand?post=58703"},{"taxonomy":"product_cat","embeddable":true,"href":"https:\/\/jjcustomworks.se\/fr\/wp-json\/wp\/v2\/product_cat?post=58703"},{"taxonomy":"product_tag","embeddable":true,"href":"https:\/\/jjcustomworks.se\/fr\/wp-json\/wp\/v2\/product_tag?post=58703"}],"curies":[{"name":"wp","href":"https:\/\/api.w.org\/{rel}","templated":true}]}}