{"id":58701,"date":"2025-03-14T14:43:36","date_gmt":"2025-03-14T13:43:36","guid":{"rendered":"https:\/\/jjcustomworks.se\/product\/perfect-point-2-pack-throwing-knives\/"},"modified":"2026-04-02T21:47:33","modified_gmt":"2026-04-02T19:47:33","slug":"perfect-point-couteaux-de-lancer-lot-de-9","status":"publish","type":"product","link":"https:\/\/jjcustomworks.se\/fr\/produit\/perfect-point-couteaux-de-lancer-lot-de-9\/","title":{"rendered":"Perfect Point Couteaux de Lancer - Lot de 2 | Ensemble de Qualit&eacute;"},"content":{"rendered":"<h1>Perfect Point - Lot de 2 Couteaux de Lancer<\/h1><h2><span class=\"ez-toc-section\" id=\"Lancez_avec_Precision_avec_cet_Ensemble\"><\/span>Lancez avec Pr&eacute;cision avec cet Ensemble<span class=\"ez-toc-section-end\"><\/span><\/h2><p>Cet ensemble de couteaux de lancer <strong>Perfect Point<\/strong> comprend deux couteaux de lancer parfaits pour les d&eacute;butants et les lanceurs exp&eacute;riment&eacute;s. L'ensemble est con&ccedil;u pour offrir une exp&eacute;rience de lancer &eacute;quilibr&eacute;e et pr&eacute;cise.<\/p><ul><li>Ensemble de deux couteaux de lancer<\/li><li>Longueur totale de 9 pouces<\/li><li>Lame de 4 pouces, acier inoxydable de 3 mm d'&eacute;paisseur<\/li><li>Transfert de chaleur et lame satin&eacute;e avec motif graphique tonnerre<\/li><li>Manche en acier inoxydable &agrave; transfert de chaleur<\/li><li>Comprend une pochette en nylon 1680D<\/li><\/ul><h3><span class=\"ez-toc-section\" id=\"Apprendre_le_Lancer_de_Couteaux\"><\/span>Apprendre le Lancer de Couteaux<span class=\"ez-toc-section-end\"><\/span><\/h3><p>Le lancer de couteaux est un art et un sport qui peuvent &ecirc;tre appr&eacute;ci&eacute;s par toute la famille. Il est relativement facile &agrave; apprendre avec un peu de patience. Veuillez noter qu'il ne s'agit pas de jouets et que les couteaux de lancer sont pointus et parfois tranchants. Manipulez-les toujours sous la surveillance d'un adulte. Selon la loi, vous devez avoir 18 ans ou plus pour acheter ces couteaux. Ne lancez jamais dans la m&ecirc;me direction que d'autres personnes ou animaux et assurez-vous de ne pas avoir d'objets fragiles pr&egrave;s de la cible.<\/p><p>Ces couteaux de lancer sont uniquement destin&eacute;s &agrave; &ecirc;tre lanc&eacute;s sur une cible appropri&eacute;e\u00a0! Les petits couteaux de lancer de moins de 10 pouces qui ne p&egrave;sent pas beaucoup peuvent &ecirc;tre lanc&eacute;s sur des cibles de fl&eacute;chettes ordinaires. Pour les couteaux de comp&eacute;tition plus grands\/plus lourds, nous recommandons une vraie cible en bois. Plusieurs couches de carton peuvent &eacute;galement constituer une bonne cible. Gardez &agrave; l'esprit que l'acier rebondit sur l'acier et autres surfaces dures.<\/p><p>D\u00e9couvrez notre gamme de<a href=\"https:\/\/jjcustomworks.se\/fr\/magasin\/\">autres couteaux de lancer<\/a> pour trouver l&#039;ensemble parfait pour vos besoins. Visitez notre <a href=\"https:\/\/jjcustomworks.se\/fr\/categorie-de-produit\/autres_produits\/swords\/swords-japan\/\">cat&eacute;gorie loisirs<\/a> pour d&eacute;couvrir d'autres produits passionnants. Pour plus d'informations sur nos produits, visitez <a href=\"https:\/\/jjcustomworks.se\/fr\/\">notre site Web<\/a>.<\/p>","protected":false},"excerpt":{"rendered":"<p>K\u00f6p dina 2-pack kastknivar fr\u00e5n Perfect Point f\u00f6r perfekt precision och tr\u00e4ffs\u00e4kerhet. Perfekt f\u00f6r b\u00e5de nyb\u00f6rjare och erfarna kastknivs-entusiaster. Best\u00e4ll idag f\u00f6r snabb leverans och njut av enast\u00e5ende kvalitet och prestanda.<\/p>","protected":false},"featured_media":58685,"template":"","meta":[],"product_brand":[],"product_cat":[908],"product_tag":[],"class_list":{"0":"post-58701","1":"product","2":"type-product","3":"status-publish","4":"has-post-thumbnail","6":"product_cat-kastkniv","8":"first","9":"instock","10":"sale","11":"taxable","12":"shipping-taxable","13":"purchasable","14":"product-type-simple"},"_links":{"self":[{"href":"https:\/\/jjcustomworks.se\/fr\/wp-json\/wp\/v2\/product\/58701","targetHints":{"allow":["GET"]}}],"collection":[{"href":"https:\/\/jjcustomworks.se\/fr\/wp-json\/wp\/v2\/product"}],"about":[{"href":"https:\/\/jjcustomworks.se\/fr\/wp-json\/wp\/v2\/types\/product"}],"wp:featuredmedia":[{"embeddable":true,"href":"https:\/\/jjcustomworks.se\/fr\/wp-json\/wp\/v2\/media\/58685"}],"wp:attachment":[{"href":"https:\/\/jjcustomworks.se\/fr\/wp-json\/wp\/v2\/media?parent=58701"}],"wp:term":[{"taxonomy":"product_brand","embeddable":true,"href":"https:\/\/jjcustomworks.se\/fr\/wp-json\/wp\/v2\/product_brand?post=58701"},{"taxonomy":"product_cat","embeddable":true,"href":"https:\/\/jjcustomworks.se\/fr\/wp-json\/wp\/v2\/product_cat?post=58701"},{"taxonomy":"product_tag","embeddable":true,"href":"https:\/\/jjcustomworks.se\/fr\/wp-json\/wp\/v2\/product_tag?post=58701"}],"curies":[{"name":"wp","href":"https:\/\/api.w.org\/{rel}","templated":true}]}}