{"id":58668,"date":"2025-03-14T14:43:11","date_gmt":"2025-03-14T13:43:11","guid":{"rendered":"https:\/\/jjcustomworks.se\/product\/medieval-shord-sword\/"},"modified":"2025-11-08T18:41:36","modified_gmt":"2025-11-08T17:41:36","slug":"epee-courte-medievale","status":"publish","type":"product","link":"https:\/\/jjcustomworks.se\/fr\/produit\/epee-courte-medievale\/","title":{"rendered":"\u00c9p\u00e9e Courte M\u00e9di\u00e9vale | Blades USA"},"content":{"rendered":"<h1><span class=\"ez-toc-section\" id=\"Epee_Courte_Medievale\"><\/span>\u00c9p\u00e9e courte m\u00e9di\u00e9vale<span class=\"ez-toc-section-end\"><\/span><\/h1>\n<h2><span class=\"ez-toc-section\" id=\"Une_magnifique_epee_de_presentation_pour_les_collectionneurs\"><\/span>Une magnifique \u00e9p\u00e9e de pr\u00e9sentation pour les collectionneurs<span class=\"ez-toc-section-end\"><\/span><\/h2>\n<p>Cette \u00e9p\u00e9e courte m\u00e9di\u00e9vale de Blades USA est un excellent ajout \u00e0 votre collection d'armes de pr\u00e9sentation. Avec une longueur totale de 21,5 pouces et une lame en acier inoxydable polie miroir, cette \u00e9p\u00e9e capture l'essence du design m\u00e9di\u00e9val. Le manche et la garde en m\u00e9tal coul\u00e9 lui conf\u00e8rent une sensation authentique. Le fourreau, \u00e9galement en m\u00e9tal coul\u00e9 avec une finition noire, compl\u00e8te l'apparence de l'\u00e9p\u00e9e et prot\u00e8ge la lame.<\/p>\n<h3><span class=\"ez-toc-section\" id=\"Specifications\"><\/span>Caract\u00e9ristiques:<span class=\"ez-toc-section-end\"><\/span><\/h3>\n<ul>\n <li><b>Longueur totale :<\/b> 21,5 pouces<\/li>\n <li><b>Boiteux :<\/b> 14,5 pouces, acier inoxydable<\/li>\n <li><b>Finition:<\/b> Lame polie miroir<\/li>\n <li><b>Manche et garde :<\/b> M\u00e9tal coul\u00e9<\/li>\n <li><b>Fourreau :<\/b> M\u00e9tal coul\u00e9 avec finition noire<\/li>\n<\/ul>\n<p>Cette \u00e9p\u00e9e est parfaite pour l'exposition et la collection. Obtenez votre <a href=\"https:\/\/jjcustomworks.se\/fr\/magasin\/\">\u00e9p\u00e9e m\u00e9di\u00e9vale<\/a> aujourd'hui et compl\u00e9tez votre collection !<\/p>\n<p>Explorez notre large s\u00e9lection d'<a href=\"https:\/\/jjcustomworks.se\/fr\/categorie-de-produit\/autres_produits\/swords\/swords-europe\/\">\u00e9p\u00e9es de pr\u00e9sentation<\/a> et d'autres objets de collection. Visitez <a href=\"https:\/\/jjcustomworks.se\/fr\/\">notre site Web<\/a> pour plus d'offres exceptionnelles.<\/p>","protected":false},"excerpt":{"rendered":"<p>\u00c9p\u00e9e Courte M\u00e9di\u00e9vale Une magnifique \u00e9p\u00e9e de pr\u00e9sentation pour les collectionneurs Cette \u00e9p\u00e9e courte m\u00e9di\u00e9vale de Blades USA est un excellent ajout \u00e0 votre collection d&#8217;armes de pr\u00e9sentation. Avec une longueur totale de 21,5 pouces et une lame en acier inoxydable polie miroir, cette \u00e9p\u00e9e capture l&#8217;essence du design m\u00e9di\u00e9val. Le manche et la garde [&#8230;]\n","protected":false},"featured_media":58660,"template":"","meta":[],"product_brand":[],"product_cat":[1275],"product_tag":[],"class_list":{"0":"post-58668","1":"product","2":"type-product","3":"status-publish","4":"has-post-thumbnail","6":"product_cat-swords-europe","8":"first","9":"instock","10":"sale","11":"taxable","12":"shipping-taxable","13":"purchasable","14":"product-type-simple"},"_links":{"self":[{"href":"https:\/\/jjcustomworks.se\/fr\/wp-json\/wp\/v2\/product\/58668","targetHints":{"allow":["GET"]}}],"collection":[{"href":"https:\/\/jjcustomworks.se\/fr\/wp-json\/wp\/v2\/product"}],"about":[{"href":"https:\/\/jjcustomworks.se\/fr\/wp-json\/wp\/v2\/types\/product"}],"wp:featuredmedia":[{"embeddable":true,"href":"https:\/\/jjcustomworks.se\/fr\/wp-json\/wp\/v2\/media\/58660"}],"wp:attachment":[{"href":"https:\/\/jjcustomworks.se\/fr\/wp-json\/wp\/v2\/media?parent=58668"}],"wp:term":[{"taxonomy":"product_brand","embeddable":true,"href":"https:\/\/jjcustomworks.se\/fr\/wp-json\/wp\/v2\/product_brand?post=58668"},{"taxonomy":"product_cat","embeddable":true,"href":"https:\/\/jjcustomworks.se\/fr\/wp-json\/wp\/v2\/product_cat?post=58668"},{"taxonomy":"product_tag","embeddable":true,"href":"https:\/\/jjcustomworks.se\/fr\/wp-json\/wp\/v2\/product_tag?post=58668"}],"curies":[{"name":"wp","href":"https:\/\/api.w.org\/{rel}","templated":true}]}}