{"id":58661,"date":"2025-03-14T14:43:08","date_gmt":"2025-03-14T13:43:08","guid":{"rendered":"https:\/\/jjcustomworks.se\/product\/ninja-sword-twin-sword\/"},"modified":"2026-04-14T11:41:43","modified_gmt":"2026-04-14T09:41:43","slug":"epee-ninja-double-poignee-magnetique","status":"publish","type":"product","link":"https:\/\/jjcustomworks.se\/fr\/produit\/epee-ninja-double-poignee-magnetique\/","title":{"rendered":"\u00c9p\u00e9e Ninja Double | Poign\u00e9e Magn\u00e9tique | Blades USA"},"content":{"rendered":"<h1>\u00c9p\u00e9e Ninja - \u00c9p\u00e9e Double - twin sword<\/h1>\n<h2><span class=\"ez-toc-section\" id=\"A_propos_de_cette_Epee_Ninja_Double\"><\/span>\u00c0 propos de cette \u00c9p\u00e9e Ninja Double<span class=\"ez-toc-section-end\"><\/span><\/h2>\n<p>Cette \u00e9p\u00e9e ninja, \u00e9galement connue sous le nom d'\u00e9p\u00e9e double, se distingue comme une pi\u00e8ce d'exposition unique alliant design et fonctionnalit\u00e9. Avec une longueur totale de 25 pouces, cette \u00e9p\u00e9e double est fabriqu\u00e9e en acier inoxydable et pr\u00e9sente une \u00e9l\u00e9gante lame noire. Ce qui rend cet ensemble sp\u00e9cial, c'est la possibilit\u00e9 de combiner les deux \u00e9p\u00e9es \u00e0 l'aide d'un aimant, formant ainsi une poign\u00e9e ronde pour faciliter le transport et le rangement.<\/p>\n<h3><span class=\"ez-toc-section\" id=\"Principales_Caracteristiques\"><\/span>Principales Caract\u00e9ristiques<span class=\"ez-toc-section-end\"><\/span><\/h3>\n<ul>\n <li><strong>Longueur totale :<\/strong> 25 pouces<\/li>\n <li><strong>Mat\u00e9riel:<\/strong> Acier inoxydable<\/li>\n <li><strong>Boiteux :<\/strong> Noir<\/li>\n <li><strong>Poign\u00e9e:<\/strong> Les \u00e9p\u00e9es jumelles se combinent avec un aimant pour former une poign\u00e9e ronde<\/li>\n <li><strong>Fourreau :<\/strong> Inclut un fourreau en nylon avec une bandouli\u00e8re de transport<\/li>\n<\/ul>\n<p>Cette \u00e9p\u00e9e double n'est pas seulement une pi\u00e8ce d'exposition impressionnante, elle est aussi pratique. Le fourreau en nylon inclus avec une bandouli\u00e8re permet un transport s\u00fbr et pratique des \u00e9p\u00e9es. Parfait pour les passionn\u00e9s de ninja et les collectionneurs d'\u00e9p\u00e9es ! D\u00e9couvrez nos autres <a href=\"https:\/\/jjcustomworks.se\/fr\/magasin\/\">\u00e9p\u00e9es de ninja<\/a> dans la collection. Vous pouvez \u00e9galement trouver d'autres produits int\u00e9ressants dans la <a href=\"https:\/\/jjcustomworks.se\/fr\/categorie-de-produit\/autres_produits\/swords\/swords-other\/\">cat\u00e9gorie<\/a>. Visitez notre <a href=\"https:\/\/jjcustomworks.se\/fr\/\">page d&#039;accueil<\/a> pour plus d&#039;offres !<\/p>","protected":false},"excerpt":{"rendered":"<p>Letar du efter ninjasv\u00e4rd eller tvillingsv\u00e4rd? Vi har ett brett utbud av kvalitativa sv\u00e4rd f\u00f6r alla ninjafantaster. Utforska v\u00e5rt sortiment av twin swords idag och hitta det perfekta vapnet f\u00f6r dina \u00e4ventyr.<\/p>","protected":false},"featured_media":58657,"template":"","meta":[],"product_brand":[],"product_cat":[1275],"product_tag":[],"class_list":{"0":"post-58661","1":"product","2":"type-product","3":"status-publish","4":"has-post-thumbnail","6":"product_cat-swords-europe","8":"first","9":"instock","10":"sale","11":"taxable","12":"shipping-taxable","13":"purchasable","14":"product-type-simple"},"_links":{"self":[{"href":"https:\/\/jjcustomworks.se\/fr\/wp-json\/wp\/v2\/product\/58661","targetHints":{"allow":["GET"]}}],"collection":[{"href":"https:\/\/jjcustomworks.se\/fr\/wp-json\/wp\/v2\/product"}],"about":[{"href":"https:\/\/jjcustomworks.se\/fr\/wp-json\/wp\/v2\/types\/product"}],"wp:featuredmedia":[{"embeddable":true,"href":"https:\/\/jjcustomworks.se\/fr\/wp-json\/wp\/v2\/media\/58657"}],"wp:attachment":[{"href":"https:\/\/jjcustomworks.se\/fr\/wp-json\/wp\/v2\/media?parent=58661"}],"wp:term":[{"taxonomy":"product_brand","embeddable":true,"href":"https:\/\/jjcustomworks.se\/fr\/wp-json\/wp\/v2\/product_brand?post=58661"},{"taxonomy":"product_cat","embeddable":true,"href":"https:\/\/jjcustomworks.se\/fr\/wp-json\/wp\/v2\/product_cat?post=58661"},{"taxonomy":"product_tag","embeddable":true,"href":"https:\/\/jjcustomworks.se\/fr\/wp-json\/wp\/v2\/product_tag?post=58661"}],"curies":[{"name":"wp","href":"https:\/\/api.w.org\/{rel}","templated":true}]}}