{"id":58656,"date":"2025-03-14T14:43:03","date_gmt":"2025-03-14T13:43:03","guid":{"rendered":"https:\/\/jjcustomworks.se\/product\/samurai-sword-6\/"},"modified":"2025-10-17T03:33:48","modified_gmt":"2025-10-17T01:33:48","slug":"samurai-sword-6","status":"publish","type":"product","link":"https:\/\/jjcustomworks.se\/fr\/produit\/samurai-sword-6\/","title":{"rendered":"\u00c9p\u00e9e de Samoura\u00ef 40.25\" | Blades USA"},"content":{"rendered":"<h1><span class=\"ez-toc-section\" id=\"Epee_de_Samourai\"><\/span>\u00e9p\u00e9e de samoura\u00ef<span class=\"ez-toc-section-end\"><\/span><\/h1>\n<h2><span class=\"ez-toc-section\" id=\"Epee_de_samourai_authentique_avec_des_details_distinctifs\"><\/span>\u00c9p\u00e9e de samoura\u00ef authentique avec des d\u00e9tails distinctifs<span class=\"ez-toc-section-end\"><\/span><\/h2>\n<p>Cette \u00e9p\u00e9e de samoura\u00ef de <a href=\"https:\/\/jjcustomworks.se\/fr\/magasin\/\">Lames USA<\/a> est une r\u00e9plique impressionnante avec des d\u00e9tails authentiques. Avec une longueur totale de 40,25 pouces, cette \u00e9p\u00e9e respire la puissance et la tradition. La lame est en acier inoxydable, ce qui garantit la durabilit\u00e9 et une nettet\u00e9 durable. La poign\u00e9e est envelopp\u00e9e d'un cordon rouge accrocheur sur un design \u00absplash\u00bb, ce qui lui donne un aspect unique et distinctif.<\/p>\n<h3><span class=\"ez-toc-section\" id=\"Caracteristiques_et_avantages\"><\/span>Caract\u00e9ristiques et avantages<span class=\"ez-toc-section-end\"><\/span><\/h3>\n<ul>\n <li><strong>Lame en acier inoxydable:<\/strong> Offre durabilit\u00e9 et nettet\u00e9 durable.<\/li>\n <li><strong>Longueur totale de 40,25 pouces:<\/strong> Taille impressionnante qui donne une sensation authentique.<\/li>\n <li><strong>Poign\u00e9e de 11,5 pouces:<\/strong> Prise confortable et stable avec cordon rouge et design \u00absplash\u00bb.<\/li>\n <li><strong>Taches de peinture rouge sur le fourreau noir:<\/strong> D\u00e9tail unique qui compl\u00e8te l'apparence de l'\u00e9p\u00e9e.<\/li>\n<\/ul>\n<p>Le fourreau, avec ses \u00e9claboussures de peinture rouge sur fond noir, compl\u00e8te l'apparence de l'\u00e9p\u00e9e et prot\u00e8ge la lame lorsqu'elle n'est pas utilis\u00e9e. Cette <a href=\"https:\/\/jjcustomworks.se\/fr\/categorie-de-produit\/autres_produits\/swords\/swords-europe\/\">sabre de samoura\u00ef<\/a> est parfaite pour les collectionneurs et ceux qui appr\u00e9cient l'armurerie japonaise traditionnelle. Ajoutez cette \u00e9p\u00e9e de samoura\u00ef unique \u00e0 votre collection et d\u00e9couvrez un morceau de l'histoire japonaise. Visitez <a href=\"https:\/\/jjcustomworks.se\/fr\/\">notre site Web<\/a> pour voir plus de r\u00e9pliques authentiques.<\/p>","protected":false},"excerpt":{"rendered":"<p>\u00c9p\u00e9e de Samoura\u00ef \u00c9p\u00e9e de samoura\u00ef authentique avec des d\u00e9tails distinctifs Cette \u00e9p\u00e9e de samoura\u00ef de Blades USA est une r\u00e9plique impressionnante avec des d\u00e9tails authentiques. Avec une longueur totale de 40,25 pouces, cette \u00e9p\u00e9e respire la puissance et la tradition. La lame est en acier inoxydable, ce qui garantit la durabilit\u00e9 et une nettet\u00e9 [&#8230;]\n","protected":false},"featured_media":58654,"template":"","meta":[],"product_brand":[],"product_cat":[1275],"product_tag":[],"class_list":{"0":"post-58656","1":"product","2":"type-product","3":"status-publish","4":"has-post-thumbnail","6":"product_cat-swords-europe","8":"first","9":"outofstock","10":"sale","11":"taxable","12":"shipping-taxable","13":"purchasable","14":"product-type-simple"},"_links":{"self":[{"href":"https:\/\/jjcustomworks.se\/fr\/wp-json\/wp\/v2\/product\/58656","targetHints":{"allow":["GET"]}}],"collection":[{"href":"https:\/\/jjcustomworks.se\/fr\/wp-json\/wp\/v2\/product"}],"about":[{"href":"https:\/\/jjcustomworks.se\/fr\/wp-json\/wp\/v2\/types\/product"}],"wp:featuredmedia":[{"embeddable":true,"href":"https:\/\/jjcustomworks.se\/fr\/wp-json\/wp\/v2\/media\/58654"}],"wp:attachment":[{"href":"https:\/\/jjcustomworks.se\/fr\/wp-json\/wp\/v2\/media?parent=58656"}],"wp:term":[{"taxonomy":"product_brand","embeddable":true,"href":"https:\/\/jjcustomworks.se\/fr\/wp-json\/wp\/v2\/product_brand?post=58656"},{"taxonomy":"product_cat","embeddable":true,"href":"https:\/\/jjcustomworks.se\/fr\/wp-json\/wp\/v2\/product_cat?post=58656"},{"taxonomy":"product_tag","embeddable":true,"href":"https:\/\/jjcustomworks.se\/fr\/wp-json\/wp\/v2\/product_tag?post=58656"}],"curies":[{"name":"wp","href":"https:\/\/api.w.org\/{rel}","templated":true}]}}