{"id":58652,"date":"2025-03-14T14:43:01","date_gmt":"2025-03-14T13:43:01","guid":{"rendered":"https:\/\/jjcustomworks.se\/product\/samuari-sword-bambu\/"},"modified":"2025-11-08T19:08:11","modified_gmt":"2025-11-08T18:08:11","slug":"samurai-bambou-epee-exposition","status":"publish","type":"product","link":"https:\/\/jjcustomworks.se\/fr\/produit\/samurai-bambou-epee-exposition\/","title":{"rendered":"Samurai Bambou - \u00c9p\u00e9e d'Exposition 41.5\" | Blades USA"},"content":{"rendered":"<h1>Samurai Bambou - Une Pi\u00e8ce D\u00e9corative d'Exposition<\/h1>\n<h2><span class=\"ez-toc-section\" id=\"Epee_de_Samourai_Impressionnante_avec_une_Poignee_en_Bambou\"><\/span>\u00c9p\u00e9e de Samoura\u00ef Impressionnante avec une Poign\u00e9e en Bambou<span class=\"ez-toc-section-end\"><\/span><\/h2>\n<p>Cette \u00e9p\u00e9e de samoura\u00ef est parfaite pour ceux qui appr\u00e9cient la culture japonaise et souhaitent un objet d\u00e9coratif unique. Avec une longueur totale de 41.5 pouces et une lame en acier inoxydable de 27.25 pouces, cette \u00e9p\u00e9e est une r\u00e9plique impressionnante qui capture l'essence des \u00e9p\u00e9es de samoura\u00efs traditionnelles. La poign\u00e9e en bambou offre une sensation authentique, ce qui en fait un excellent ajout \u00e0 toute collection ou comme \u00e9l\u00e9ment d\u00e9coratif dans votre maison.<\/p>\n<h3><span class=\"ez-toc-section\" id=\"Specifications\"><\/span>Caract\u00e9ristiques:<span class=\"ez-toc-section-end\"><\/span><\/h3>\n<ul>\n <li><strong>Longueur totale :<\/strong> 41.5 pouces<\/li>\n <li><strong>Longueur de la lame :<\/strong> 27.25 pouces<\/li>\n <li><strong>Mat\u00e9riau de la lame :<\/strong> Acier inoxydable<\/li>\n <li><strong>Mat\u00e9riau du manche :<\/strong> Bambou<\/li>\n<\/ul>\n<p>Que vous soyez un collectionneur, un passionn\u00e9 ou simplement \u00e0 la recherche d'une pi\u00e8ce d\u00e9corative sp\u00e9ciale, cette \u00e9p\u00e9e de samoura\u00ef avec une poign\u00e9e en bambou ajoutera une touche d'\u00e9l\u00e9gance et de myst\u00e8re \u00e0 votre environnement. Elle est parfaite pour \u00eatre expos\u00e9e sur un mur ou dans une vitrine. Pour plus de produits authentiques, consultez notre <a href=\"https:\/\/jjcustomworks.se\/fr\/magasin\/\">collection d&#039;\u00e9p\u00e9es<\/a>.<\/p>\n<p>Explorez notre large s\u00e9lection d'<a href=\"https:\/\/jjcustomworks.se\/fr\/categorie-de-produit\/autres_produits\/swords\/swords-europe\/\">\u00e9p\u00e9es d\u00e9coratives<\/a> et trouvez l'ajout parfait \u00e0 votre collection. Ne manquez pas l'opportunit\u00e9 de d\u00e9couvrir des articles uniques qui enrichissent votre int\u00e9rieur. Visitez <a href=\"https:\/\/jjcustomworks.se\/fr\/\">notre site Web<\/a> pour voir toute notre gamme.<\/p>","protected":false},"excerpt":{"rendered":"<p>Samurai Bambou &#8211; Une Pi\u00e8ce D\u00e9corative d&#8217;Exposition \u00c9p\u00e9e de Samoura\u00ef Impressionnante avec une Poign\u00e9e en Bambou Cette \u00e9p\u00e9e de samoura\u00ef est parfaite pour ceux qui appr\u00e9cient la culture japonaise et souhaitent un objet d\u00e9coratif unique. Avec une longueur totale de 41.5 pouces et une lame en acier inoxydable de 27.25 pouces, cette \u00e9p\u00e9e est une [&#8230;]\n","protected":false},"featured_media":58635,"template":"","meta":[],"product_brand":[],"product_cat":[1275],"product_tag":[],"class_list":{"0":"post-58652","1":"product","2":"type-product","3":"status-publish","4":"has-post-thumbnail","6":"product_cat-swords-europe","8":"first","9":"outofstock","10":"sale","11":"taxable","12":"shipping-taxable","13":"purchasable","14":"product-type-simple"},"_links":{"self":[{"href":"https:\/\/jjcustomworks.se\/fr\/wp-json\/wp\/v2\/product\/58652","targetHints":{"allow":["GET"]}}],"collection":[{"href":"https:\/\/jjcustomworks.se\/fr\/wp-json\/wp\/v2\/product"}],"about":[{"href":"https:\/\/jjcustomworks.se\/fr\/wp-json\/wp\/v2\/types\/product"}],"wp:featuredmedia":[{"embeddable":true,"href":"https:\/\/jjcustomworks.se\/fr\/wp-json\/wp\/v2\/media\/58635"}],"wp:attachment":[{"href":"https:\/\/jjcustomworks.se\/fr\/wp-json\/wp\/v2\/media?parent=58652"}],"wp:term":[{"taxonomy":"product_brand","embeddable":true,"href":"https:\/\/jjcustomworks.se\/fr\/wp-json\/wp\/v2\/product_brand?post=58652"},{"taxonomy":"product_cat","embeddable":true,"href":"https:\/\/jjcustomworks.se\/fr\/wp-json\/wp\/v2\/product_cat?post=58652"},{"taxonomy":"product_tag","embeddable":true,"href":"https:\/\/jjcustomworks.se\/fr\/wp-json\/wp\/v2\/product_tag?post=58652"}],"curies":[{"name":"wp","href":"https:\/\/api.w.org\/{rel}","templated":true}]}}