{"id":58649,"date":"2025-03-14T14:42:59","date_gmt":"2025-03-14T13:42:59","guid":{"rendered":"https:\/\/jjcustomworks.se\/product\/samuari-sword-6\/"},"modified":"2025-11-08T19:07:59","modified_gmt":"2025-11-08T18:07:59","slug":"samuari-sword-6","status":"publish","type":"product","link":"https:\/\/jjcustomworks.se\/fr\/produit\/samuari-sword-6\/","title":{"rendered":"Sabre Samoura\u00ef 40.5\" | Blades USA"},"content":{"rendered":"<h1>Sabre de Samoura\u00ef - Enrichissez Votre Collection<\/h1>\n<h2><span class=\"ez-toc-section\" id=\"Authentique_Sabre_de_Samourai_pour_lExposition\"><\/span>Authentique Sabre de Samoura\u00ef pour l&#8217;Exposition<span class=\"ez-toc-section-end\"><\/span><\/h2>\n<p>Ce sabre de samoura\u00ef de Blades USA est parfait pour ceux qui appr\u00e9cient les arts martiaux japonais traditionnels et souhaitent ajouter un objet impressionnant \u00e0 leur collection. Avec son design distinctif et ses d\u00e9tails soign\u00e9s, ce sabre capture l'essence de l'esprit samoura\u00ef. Affichez fi\u00e8rement ce <a href=\"https:\/\/jjcustomworks.se\/fr\/magasin\/\">sabre authentique<\/a> !\n<\/p>\n<h3><span class=\"ez-toc-section\" id=\"Specifications\"><\/span>Caract\u00e9ristiques<span class=\"ez-toc-section-end\"><\/span><\/h3>\n<ul>\n <li><strong>Longueur totale :<\/strong> 40,5 pouces<\/li>\n <li><strong>Longueur de la lame :<\/strong> 26,5 pouces<\/li>\n <li><strong>Mat\u00e9riel:<\/strong> Acier au carbone<\/li>\n <li><strong>Couleur de la lame :<\/strong> Noir<\/li>\n <li><strong>Manche:<\/strong> Enroul\u00e9 de Corde Noire et Rouge<\/li>\n <li><strong>Fourreau :<\/strong> Noir, Inclus<\/li>\n<\/ul>\n\n<h2><span class=\"ez-toc-section\" id=\"Description_Detaillee\"><\/span>Description d\u00e9taill\u00e9e<span class=\"ez-toc-section-end\"><\/span><\/h2>\n<p>Ce sabre de samoura\u00ef a une longueur totale de 40,5 pouces, ce qui en fait une pi\u00e8ce d'exposition impressionnante. La lame mesure 26,5 pouces de long et est en acier au carbone, ce qui lui conf\u00e8re \u00e0 la fois r\u00e9sistance et une finition noire distinctive. Cette <a href=\"https:\/\/jjcustomworks.se\/fr\/categorie-de-produit\/autres_produits\/swords\/swords-europe\/\">r\u00e9plique de sabre samoura\u00ef<\/a> est parfaite pour l'exposition.\n<\/p>\n<p>Le manche est envelopp\u00e9 d'un cordon noir et rouge, ce qui lui donne un aspect traditionnel et \u00e9l\u00e9gant. Le fourreau noir inclus prot\u00e8ge la lame et compl\u00e8te le design g\u00e9n\u00e9ral du sabre. Ajoutez ce sabre unique \u00e0 votre collection et d\u00e9couvrez l'honneur du samoura\u00ef. Vous pouvez trouver plus de produits similaires sur notre <a href=\"https:\/\/jjcustomworks.se\/fr\/\">site web<\/a>.<\/p>","protected":false},"excerpt":{"rendered":"<p>Sabre de Samoura\u00ef &#8211; Enrichissez Votre Collection Authentique Sabre de Samoura\u00ef pour l&#8217;Exposition Ce sabre de samoura\u00ef de Blades USA est parfait pour ceux qui appr\u00e9cient les arts martiaux japonais traditionnels et souhaitent ajouter un objet impressionnant \u00e0 leur collection. Avec son design distinctif et ses d\u00e9tails soign\u00e9s, ce sabre capture l&#8217;essence de l&#8217;esprit samoura\u00ef. [&#8230;]\n","protected":false},"featured_media":58639,"template":"","meta":[],"product_brand":[],"product_cat":[1275],"product_tag":[],"class_list":{"0":"post-58649","1":"product","2":"type-product","3":"status-publish","4":"has-post-thumbnail","6":"product_cat-swords-europe","8":"first","9":"outofstock","10":"sale","11":"taxable","12":"shipping-taxable","13":"purchasable","14":"product-type-simple"},"_links":{"self":[{"href":"https:\/\/jjcustomworks.se\/fr\/wp-json\/wp\/v2\/product\/58649","targetHints":{"allow":["GET"]}}],"collection":[{"href":"https:\/\/jjcustomworks.se\/fr\/wp-json\/wp\/v2\/product"}],"about":[{"href":"https:\/\/jjcustomworks.se\/fr\/wp-json\/wp\/v2\/types\/product"}],"wp:featuredmedia":[{"embeddable":true,"href":"https:\/\/jjcustomworks.se\/fr\/wp-json\/wp\/v2\/media\/58639"}],"wp:attachment":[{"href":"https:\/\/jjcustomworks.se\/fr\/wp-json\/wp\/v2\/media?parent=58649"}],"wp:term":[{"taxonomy":"product_brand","embeddable":true,"href":"https:\/\/jjcustomworks.se\/fr\/wp-json\/wp\/v2\/product_brand?post=58649"},{"taxonomy":"product_cat","embeddable":true,"href":"https:\/\/jjcustomworks.se\/fr\/wp-json\/wp\/v2\/product_cat?post=58649"},{"taxonomy":"product_tag","embeddable":true,"href":"https:\/\/jjcustomworks.se\/fr\/wp-json\/wp\/v2\/product_tag?post=58649"}],"curies":[{"name":"wp","href":"https:\/\/api.w.org\/{rel}","templated":true}]}}